{"id":4053,"date":"2018-07-27T14:27:26","date_gmt":"2018-07-27T12:27:26","guid":{"rendered":"https:\/\/egetuerk.vorschau.xyz\/startseite\/"},"modified":"2025-03-25T17:39:26","modified_gmt":"2025-03-25T16:39:26","slug":"startseite","status":"publish","type":"page","link":"https:\/\/www.egetuerk.de\/tr\/","title":{"rendered":"Eget\u00fcrk"},"content":{"rendered":"\n        \u00dcR\u00dcNLERVazge\u00e7ilmez bir lezzetEget\u00fcrk&#8217;\u00fcn \u00fcst\u00fcn kalitesi ve e\u015fsiz tad\u0131 herkesi hayran b\u0131rak\u0131r.<a href=\"https:\/\/www.egetuerk.de\/tr\/egetuerk\/\"  >\u00c7e\u015fitlerimiz<\/a>\u00dcRET\u0130MMODERN TES\u0130SLER\u0130M\u0130ZAvrupa \u00e7ap\u0131nda standartlar\u0131 belirleyen fabrikam\u0131z\u0131 birlikte gezelim.<a href=\"https:\/\/www.egetuerk.de\/tr\/tesi%cc%87si%cc%87mi%cc%87z\/\"  >Tesislerimiz<\/a>    \n        <video id=\"video-0\" width=\"100%\" playsinline autoplay muted loop >\n                <source src=\"https:\/\/www.egetuerk.de\/wp-content\/uploads\/2019\/02\/Startseitenteaser.mp4\" type=\"video\/mp4\">\n              <\/video><video id=\"video-1\" width=\"100%\" playsinline autoplay muted loop >\n                <source src=\"https:\/\/www.egetuerk.de\/wp-content\/uploads\/2024\/09\/herstellung_teaser_23_2.mp4\" type=\"video\/mp4\">\n              <\/video>    \n                <p>\u00dcr\u00fcnler<\/p>\n                <h2>\n                    MARKALARIMIZ                <\/h2>\n                        <img decoding=\"async\" src=\"https:\/\/www.egetuerk.de\/wp-content\/themes\/egetuerk-child\/files\/egelogo.svg\" \/>\n                    <a href=\"https:\/\/www.egetuerk.de\/tr\/egetuerk\/\">\n                            <img decoding=\"async\" src=\"https:\/\/www.egetuerk.de\/wp-content\/uploads\/2019\/03\/markenteaser_egetuerk.jpg\" \/>\n                    <\/a>\n                <h3>SOFRALARIN VAZGE\u00c7\u0130LMEZ\u0130<\/h3>                \n                    \n                        E\u015fsiz tad\u0131 ve \u00fcst\u00fcn kalitesiyle Eget\u00fcrk d\u00fcnyan\u0131n d\u00f6rt bir yan\u0131nda, sofralar\u0131n vazge\u00e7ilmezidir.                    \n                    <a href=\"https:\/\/www.egetuerk.de\/tr\/egetuerk\/\">Eget\u00fcrk \u00fcr\u00fcnleri<\/a>\n                        <img decoding=\"async\" src=\"https:\/\/www.egetuerk.de\/wp-content\/themes\/egetuerk-child\/files\/Efepasa_Logo.svg\" \/>\n                    <a href=\"https:\/\/www.egetuerk.de\/tr\/efepasa\/\">\n                            <img decoding=\"async\" src=\"https:\/\/www.egetuerk.de\/wp-content\/uploads\/2019\/03\/markenteaser_efepasa.jpg\" \/>\n                    <\/a>\n                <h3>FARKLI B\u0130R LEZZET<\/h3>\n                    \n                        Sofralar\u0131n\u0131zda\u00a0de\u011fi\u015fik bir tat istiyorsan\u0131z damak zevkinize uygun bir Efepa\u015fa \u00fcr\u00fcn\u00fc mutlaka vard\u0131r.                    \n                    <a href=\"https:\/\/www.egetuerk.de\/tr\/efepasa\/\">Efepa\u015fa \u00fcr\u00fcnleri<\/a>\n<!--\n-->\n        TesisimizFabrika turuGelin birlikte K\u00f6ln\u2019deki fabrikam\u0131z\u0131 gezelim.<a href=\"https:\/\/www.egetuerk.de\/tr\/tesi%cc%87si%cc%87mi%cc%87z\/\">Tesisimiz<\/a> TAR\u0130H\u00c7ED\u00fcnden bug\u00fcne Eget\u00fcrkEget\u00fcrk&#8217;un yar\u0131m as\u0131rl\u0131k ba\u015far\u0131 \u00f6yk\u00fcs\u00fc.<a href=\"https:\/\/www.egetuerk.de\/tr\/tari%cc%87hce\/\">Tarih\u00e7e<\/a>    \n<h2>\n\t\tSat\u0131\u015f Noktalar\u0131\n\t<\/h2>\n\t<p>Size en yak\u0131n sat\u0131\u015f noktas\u0131n\u0131 buradan bulabilirsiniz.<\/p>\n        <form action=\"https:\/\/www.egetuerk.de\/marktsuche\/\" method=\"GET\">\n                <input type=\"text\" placeholder=\"Bir \u015fehir ya da posta kodu girin\" name=\"address\" autocomplete=\"off\">\n                <a href=\"#\">Ara<\/a>\n        <\/form>\n\t<p>SSS<\/p>\n<h2>\n\t\tS\u0131k\u00e7a sorulan sorular\n\t<\/h2>\n\t\t\t<a href=\"#\" id=\"fl-accordion--label-0\" tabindex=\"0\" aria-controls=\"fl-accordion--panel-0\">Eget\u00fcrk \u00fcr\u00fcnlerini nerede bulabilirim?<\/a>\n\t\t\t\t\t\t\t<a href=\"#\" id=\"fl-accordion--icon-0\" tabindex=\"0\" aria-controls=\"fl-accordion--panel-0\"><i>Expand<\/i><\/a>\n\t\t<p>Avrupa\u2019n\u0131n her yerindeki T\u00fcrk marketlerinde ve se\u00e7kin Alman s\u00fcpermarketlerinde Eget\u00fcrk ve Efepa\u015fa \u00fcr\u00fcnlerini bulabilirsiniz.<\/p>\n\t\t\t<a href=\"#\" id=\"fl-accordion--label-1\" tabindex=\"0\" aria-controls=\"fl-accordion--panel-1\">Nerede \u00fcretiyorsunuz?<\/a>\n\t\t\t\t\t\t\t<a href=\"#\" id=\"fl-accordion--icon-1\" tabindex=\"0\" aria-controls=\"fl-accordion--panel-1\"><i>Expand<\/i><\/a>\n\t\t<p>\u00dcr\u00fcnlerimiz 1966 y\u0131l\u0131ndan bu yana Almanya\u2019da imal edilmektedir. Eget\u00fcrk, K\u00f6ln\u2019deki fabrikas\u0131nda g\u00fcnde 150 tonluk kapasitesi ile Almanya\u2019n\u0131n en b\u00fcy\u00fck helal et mamulleri \u00fcreticisidir. Daha ayr\u0131nt\u0131l\u0131 bilgi i\u00e7in:\u00a0<a href=\"https:\/\/www.egetuerk.de\/tr\/tarihce\/\">Tarih\u00e7e<\/a>.<\/p>\n\t\t\t<a href=\"#\" id=\"fl-accordion--label-2\" tabindex=\"0\" aria-controls=\"fl-accordion--panel-2\">Eget\u00fcrk ve Efepa\u015fa aras\u0131ndaki fark nedir?<\/a>\n\t\t\t\t\t\t\t<a href=\"#\" id=\"fl-accordion--icon-2\" tabindex=\"0\" aria-controls=\"fl-accordion--panel-2\"><i>Expand<\/i><\/a>\n\t\t<p>Eget\u00fcrk ve Efepa\u015f\u0131 \u00fcr\u00fcnlerini ayn\u0131 y\u00fcksek kaliteli helal etlerden ve ayn\u0131 fabrikada \u00fcretiyoruz, sadece tariflerinde ve baharatlar\u0131nda tat fark\u0131 yarat\u0131yoruz. Daha ayr\u0131nt\u0131l\u0131 bilgi i\u00e7in: <a href=\"https:\/\/www.egetuerk.de\/tr\/egetuerk\/\">Eget\u00fcrk\u00a0<\/a>ve\u00a0<a href=\"https:\/\/www.egetuerk.de\/tr\/efepasa\/\">Efepa\u015fa<\/a> marka sayfalar\u0131.<\/p>\n\t\t\t\t<img loading=\"lazy\" decoding=\"async\" src=\"https:\/\/www.egetuerk.de\/wp-content\/uploads\/2018\/08\/logo.svg\" alt=\"logo\" itemprop=\"image\" height=\"690\" width=\"1024\" title=\"logo\" onerror=\"this.style.display='none'\"  \/>\n<h3>\n\t\t<br> \n\t<\/h3>\n\t<strong>EGET\u00dcRK <\/strong><strong>WURST- UND<\/strong><br \/>\n<strong>FLEISCHWAREN\u00adFABRIKATION<\/strong><br \/>\n<strong>GMBH &amp; CO. KG<\/strong>\n<h3>\n\t\tAdres\n\t<\/h3>\n\tFeldkasseler Weg 5<br \/>\n50769 K\u00f6ln<br \/>\nAlmanya\n<h3>\n\t\t\u0130leti\u015fim\n\t<\/h3>\n\tTelefon: +49 (0) 221 \/ 709 29 &#8211; 0<br \/>\nFaks: +49 (0) 221 \/ 700 23 78<br \/>\nE-Posta: <strong><a href=\"mailto:info@egetuerk.de\">info@egetuerk.de<\/a><\/strong>\n\t<p>\u00a9 2026. T\u00fcm haklar\u0131 sakl\u0131d\u0131r. <div class=\"menu-footer_legal-tuerkisch-container\"><ul id=\"menu-footer_legal-tuerkisch\" class=\"menu\"><li id=\"menu-item-4061\" class=\"menu-item menu-item-type-post_type menu-item-object-page menu-item-4061\"><a href=\"https:\/\/www.egetuerk.de\/tr\/yasal-bilgiler\/\">Yasal Bilgiler<\/a><\/li>\n<li id=\"menu-item-4062\" class=\"menu-item menu-item-type-post_type menu-item-object-page menu-item-4062\"><a href=\"https:\/\/www.egetuerk.de\/tr\/guevenlik-ve-gizlilik\/\">G\u00fcvenlik ve Gizlilik<\/a><\/li>\n<\/ul><\/div><\/p>\n","protected":false},"excerpt":{"rendered":"<p>E\u015fsiz tad\u0131 ve \u00fcst\u00fcn kalitesiyle Eget\u00fcrk d\u00fcnyan\u0131n d\u00f6rt bir yan\u0131nda, sofralar\u0131n vezge\u00e7ilmezidir&#8230;<\/p>\n","protected":false},"author":1,"featured_media":0,"parent":0,"menu_order":0,"comment_status":"closed","ping_status":"closed","template":"","meta":{"_acf_changed":false,"inline_featured_image":false,"footnotes":""},"class_list":["post-4053","page","type-page","status-publish","hentry"],"acf":[],"yoast_head":"<!-- This site is optimized with the Yoast SEO plugin v27.2 - https:\/\/yoast.com\/product\/yoast-seo-wordpress\/ -->\n<title>Eget\u00fcrk | Lezzet ve kalite sembol\u00fc<\/title>\n<meta name=\"robots\" content=\"index, follow, max-snippet:-1, max-image-preview:large, max-video-preview:-1\" \/>\n<link rel=\"canonical\" href=\"https:\/\/www.egetuerk.de\/tr\/\" \/>\n<meta property=\"og:locale\" content=\"tr_TR\" \/>\n<meta property=\"og:type\" content=\"article\" \/>\n<meta property=\"og:title\" content=\"Eget\u00fcrk | Lezzet ve kalite sembol\u00fc\" \/>\n<meta property=\"og:description\" content=\"E\u015fsiz tad\u0131 ve \u00fcst\u00fcn kalitesiyle Eget\u00fcrk d\u00fcnyan\u0131n d\u00f6rt bir yan\u0131nda, sofralar\u0131n vezge\u00e7ilmezidir...\" \/>\n<meta property=\"og:url\" content=\"https:\/\/www.egetuerk.de\/tr\/\" \/>\n<meta property=\"og:site_name\" content=\"Eget\u00fcrk\" \/>\n<meta property=\"article:modified_time\" content=\"2025-03-25T16:39:26+00:00\" \/>\n<meta property=\"og:image\" content=\"https:\/\/www.egetuerk.de\/wp-content\/themes\/egetuerk-child\/files\/egelogo.svg\" \/>\n<meta name=\"twitter:card\" content=\"summary_large_image\" \/>\n<meta name=\"twitter:label1\" content=\"Tahmini okuma s\u00fcresi\" \/>\n\t<meta name=\"twitter:data1\" content=\"3 dakika\" \/>\n<script type=\"application\/ld+json\" class=\"yoast-schema-graph\">{\"@context\":\"https:\/\/schema.org\",\"@graph\":[{\"@type\":\"WebPage\",\"@id\":\"https:\/\/www.egetuerk.de\/tr\/\",\"url\":\"https:\/\/www.egetuerk.de\/tr\/\",\"name\":\"Eget\u00fcrk | Lezzet ve kalite sembol\u00fc\",\"isPartOf\":{\"@id\":\"https:\/\/www.egetuerk.de\/#website\"},\"primaryImageOfPage\":{\"@id\":\"https:\/\/www.egetuerk.de\/tr\/#primaryimage\"},\"image\":{\"@id\":\"https:\/\/www.egetuerk.de\/tr\/#primaryimage\"},\"thumbnailUrl\":\"https:\/\/www.egetuerk.de\/wp-content\/themes\/egetuerk-child\/files\/egelogo.svg\",\"datePublished\":\"2018-07-27T12:27:26+00:00\",\"dateModified\":\"2025-03-25T16:39:26+00:00\",\"breadcrumb\":{\"@id\":\"https:\/\/www.egetuerk.de\/tr\/#breadcrumb\"},\"inLanguage\":\"tr\",\"potentialAction\":[{\"@type\":\"ReadAction\",\"target\":[\"https:\/\/www.egetuerk.de\/tr\/\"]}]},{\"@type\":\"ImageObject\",\"inLanguage\":\"tr\",\"@id\":\"https:\/\/www.egetuerk.de\/tr\/#primaryimage\",\"url\":\"https:\/\/www.egetuerk.de\/wp-content\/themes\/egetuerk-child\/files\/egelogo.svg\",\"contentUrl\":\"https:\/\/www.egetuerk.de\/wp-content\/themes\/egetuerk-child\/files\/egelogo.svg\"},{\"@type\":\"BreadcrumbList\",\"@id\":\"https:\/\/www.egetuerk.de\/tr\/#breadcrumb\",\"itemListElement\":[{\"@type\":\"ListItem\",\"position\":1,\"name\":\"Startseite\",\"item\":\"https:\/\/www.egetuerk.de\/tr\/\"},{\"@type\":\"ListItem\",\"position\":2,\"name\":\"Eget\u00fcrk\"}]},{\"@type\":\"WebSite\",\"@id\":\"https:\/\/www.egetuerk.de\/#website\",\"url\":\"https:\/\/www.egetuerk.de\/\",\"name\":\"Eget\u00fcrk\",\"description\":\"\",\"potentialAction\":[{\"@type\":\"SearchAction\",\"target\":{\"@type\":\"EntryPoint\",\"urlTemplate\":\"https:\/\/www.egetuerk.de\/?s={search_term_string}\"},\"query-input\":{\"@type\":\"PropertyValueSpecification\",\"valueRequired\":true,\"valueName\":\"search_term_string\"}}],\"inLanguage\":\"tr\"}]}<\/script>\n<!-- \/ Yoast SEO plugin. -->","yoast_head_json":{"title":"Eget\u00fcrk | Lezzet ve kalite sembol\u00fc","robots":{"index":"index","follow":"follow","max-snippet":"max-snippet:-1","max-image-preview":"max-image-preview:large","max-video-preview":"max-video-preview:-1"},"canonical":"https:\/\/www.egetuerk.de\/tr\/","og_locale":"tr_TR","og_type":"article","og_title":"Eget\u00fcrk | Lezzet ve kalite sembol\u00fc","og_description":"E\u015fsiz tad\u0131 ve \u00fcst\u00fcn kalitesiyle Eget\u00fcrk d\u00fcnyan\u0131n d\u00f6rt bir yan\u0131nda, sofralar\u0131n vezge\u00e7ilmezidir...","og_url":"https:\/\/www.egetuerk.de\/tr\/","og_site_name":"Eget\u00fcrk","article_modified_time":"2025-03-25T16:39:26+00:00","og_image":[{"url":"https:\/\/www.egetuerk.de\/wp-content\/themes\/egetuerk-child\/files\/egelogo.svg","type":"","width":"","height":""}],"twitter_card":"summary_large_image","twitter_misc":{"Tahmini okuma s\u00fcresi":"3 dakika"},"schema":{"@context":"https:\/\/schema.org","@graph":[{"@type":"WebPage","@id":"https:\/\/www.egetuerk.de\/tr\/","url":"https:\/\/www.egetuerk.de\/tr\/","name":"Eget\u00fcrk | Lezzet ve kalite sembol\u00fc","isPartOf":{"@id":"https:\/\/www.egetuerk.de\/#website"},"primaryImageOfPage":{"@id":"https:\/\/www.egetuerk.de\/tr\/#primaryimage"},"image":{"@id":"https:\/\/www.egetuerk.de\/tr\/#primaryimage"},"thumbnailUrl":"https:\/\/www.egetuerk.de\/wp-content\/themes\/egetuerk-child\/files\/egelogo.svg","datePublished":"2018-07-27T12:27:26+00:00","dateModified":"2025-03-25T16:39:26+00:00","breadcrumb":{"@id":"https:\/\/www.egetuerk.de\/tr\/#breadcrumb"},"inLanguage":"tr","potentialAction":[{"@type":"ReadAction","target":["https:\/\/www.egetuerk.de\/tr\/"]}]},{"@type":"ImageObject","inLanguage":"tr","@id":"https:\/\/www.egetuerk.de\/tr\/#primaryimage","url":"https:\/\/www.egetuerk.de\/wp-content\/themes\/egetuerk-child\/files\/egelogo.svg","contentUrl":"https:\/\/www.egetuerk.de\/wp-content\/themes\/egetuerk-child\/files\/egelogo.svg"},{"@type":"BreadcrumbList","@id":"https:\/\/www.egetuerk.de\/tr\/#breadcrumb","itemListElement":[{"@type":"ListItem","position":1,"name":"Startseite","item":"https:\/\/www.egetuerk.de\/tr\/"},{"@type":"ListItem","position":2,"name":"Eget\u00fcrk"}]},{"@type":"WebSite","@id":"https:\/\/www.egetuerk.de\/#website","url":"https:\/\/www.egetuerk.de\/","name":"Eget\u00fcrk","description":"","potentialAction":[{"@type":"SearchAction","target":{"@type":"EntryPoint","urlTemplate":"https:\/\/www.egetuerk.de\/?s={search_term_string}"},"query-input":{"@type":"PropertyValueSpecification","valueRequired":true,"valueName":"search_term_string"}}],"inLanguage":"tr"}]}},"_links":{"self":[{"href":"https:\/\/www.egetuerk.de\/tr\/wp-json\/wp\/v2\/pages\/4053","targetHints":{"allow":["GET"]}}],"collection":[{"href":"https:\/\/www.egetuerk.de\/tr\/wp-json\/wp\/v2\/pages"}],"about":[{"href":"https:\/\/www.egetuerk.de\/tr\/wp-json\/wp\/v2\/types\/page"}],"author":[{"embeddable":true,"href":"https:\/\/www.egetuerk.de\/tr\/wp-json\/wp\/v2\/users\/1"}],"replies":[{"embeddable":true,"href":"https:\/\/www.egetuerk.de\/tr\/wp-json\/wp\/v2\/comments?post=4053"}],"version-history":[{"count":103,"href":"https:\/\/www.egetuerk.de\/tr\/wp-json\/wp\/v2\/pages\/4053\/revisions"}],"predecessor-version":[{"id":117150,"href":"https:\/\/www.egetuerk.de\/tr\/wp-json\/wp\/v2\/pages\/4053\/revisions\/117150"}],"wp:attachment":[{"href":"https:\/\/www.egetuerk.de\/tr\/wp-json\/wp\/v2\/media?parent=4053"}],"curies":[{"name":"wp","href":"https:\/\/api.w.org\/{rel}","templated":true}]}}