{"id":4052,"date":"2019-01-04T10:28:23","date_gmt":"2019-01-04T09:28:23","guid":{"rendered":"https:\/\/egetuerk.vorschau.xyz\/impressum\/"},"modified":"2024-06-24T11:34:48","modified_gmt":"2024-06-24T09:34:48","slug":"yasal-bilgiler","status":"publish","type":"page","link":"https:\/\/www.egetuerk.de\/tr\/yasal-bilgiler\/","title":{"rendered":"Yasal Bilgiler"},"content":{"rendered":"\n\t<p>Rechtliches<\/p>\n<h2>\n\t\tImpressum\n\t<\/h2>\n\t<p><strong>ADRESSE<\/strong><\/p>\n\t<p>Servis sa\u011flay\u0131c\u0131:<\/p>\n<strong>EGET\u00dcRK WURST- UND FLEISCHWARENFABRIKATION GMBH &amp; CO. KG<br \/>\n<\/strong>Feldkasseler Weg 5<br \/>\nGewerbegebiet Chorweiler<br \/>\nD-50769 K\u00f6ln\n<p>&nbsp;<\/p>\n<strong>Tel.:<\/strong>\u00a0+49 (0) 221 &#8211; 70 92 90<br \/>\n<strong>Fax:<\/strong>\u00a0+49 (0) 2 21 &#8211; 700 23 78<br \/>\n<strong>E-Mail:<\/strong> info@egetuerk.de\n<p>&nbsp;<\/p>\n<p>Ust-IdNr.: DE122812467<\/p>\n<strong>Gesellschaftsform<\/strong><br \/>\nKommanditgesellschaft (KG) mit Sitz in K\u00f6ln<br \/>\nRegistergericht: Amtsgericht K\u00f6ln HRA 8822\n<strong>Pers\u00f6nlich haftender Gesellschafterin (Komplement\u00e4rin)<\/strong><br \/>\nEGET\u00dcRK Verwaltungsgesellschaft mit beschr\u00e4nkter Haftung<br \/>\nRegistergericht: Amtsgericht K\u00f6ln HRB 5703\n<strong>Vertretungsberechtigter Gesch\u00e4ftsf\u00fchrer<\/strong><br \/>\nAhmet Emre Eden\n\t<strong>INFORMATIONEN ZUR ONLINE-STREITBETEILIGUNG<br \/>\n<\/strong>\n\t<p>Die Online-Streitbeilegungsplattform (kurz \u201eOS-Plattform\u201c) als Anlaufstelle f\u00fcr Verbraucher und Unternehmer, welche aus online geschlossenen Rechtsgesch\u00e4ften erwachsene Streitigkeiten au\u00dfergerichtlich beilegen m\u00f6chten, ist unter dem folgendem Link erreichbar: http:\/\/ec.europa.eu\/consumers\/odr\/.<\/p>\n<p>Wir sind nicht bereit oder verpflichtet, an Streitbeilegungsverfahren vor einer Verbraucherschlichtungsstelle teilzunehmen.<\/p>\n<p><strong>Verantwortlich f\u00fcr den Inhalt nach \u00a7 55 Abs. 2 RStV:<\/strong><\/p>\nHerr Ahmet Emre Eden<br \/>\nFeldkasseler Weg 5<br \/>\nGewerbegebiet Chorweiler<br \/>\nD-50769 K\u00f6ln\n<strong>RECHTLICHE HINWEISE<\/strong>\n\t<p><strong>1. Verweise und Links<\/strong><\/p>\nUnser Angebot enth\u00e4lt Links zu externen Websites Dritter, auf deren Inhalte wir keinen Einfluss haben. F\u00fcr die Inhalte der verlinkten Seiten ist grunds\u00e4tzlich der jeweilige Anbieter oder Betreiber der Seiten verantwortlich. Die verlinkten Seiten wurden zum Zeitpunkt der Verlinkung auf m\u00f6gliche Rechtsverst\u00f6\u00dfe \u00fcberpr\u00fcft. Rechtswidrige Inhalte waren zum Zeitpunkt der Verlinkung nicht erkennbar.<br \/>\nEine permanente inhaltliche Kontrolle der verlinkten Seiten ist uns ohne konkrete Anhaltspunkte einer Rechtsverletzung nicht zumutbar. Bei Bekanntwerden von Rechtsverletzungen werden wir derartige Links umgehend entfernen.\n<p><strong>2. Urheber und Kennzeichenrecht<\/strong><\/p>\n<p>Der Inhalt dieser Internetseite unterliegt dem Urheberrecht und anderen Gesetzen zum Schutz geistigen Eigentums. Die Vervielf\u00e4ltigung, Bearbeitung, Verbreitung und jede Art der Verwertung der Inhalte\u00a0 au\u00dferhalb der Grenzen des Urheberrechtes bedarf der schriftlichen Zustimmung von EGET\u00dcRK.<\/p>\n\t<p>SSS<\/p>\n<h2>\n\t\tS\u0131k\u00e7a sorulan sorular\n\t<\/h2>\n\t\t\t<a href=\"#\" id=\"fl-accordion--label-0\" tabindex=\"0\" aria-controls=\"fl-accordion--panel-0\">Eget\u00fcrk \u00fcr\u00fcnlerini nerede bulabilirim?<\/a>\n\t\t\t\t\t\t\t<a href=\"#\" id=\"fl-accordion--icon-0\" tabindex=\"0\" aria-controls=\"fl-accordion--panel-0\"><i>Expand<\/i><\/a>\n\t\t<p>Avrupa\u2019n\u0131n her yerindeki T\u00fcrk marketlerinde ve se\u00e7kin Alman s\u00fcpermarketlerinde Eget\u00fcrk ve Efepa\u015fa \u00fcr\u00fcnlerini bulabilirsiniz.<\/p>\n\t\t\t<a href=\"#\" id=\"fl-accordion--label-1\" tabindex=\"0\" aria-controls=\"fl-accordion--panel-1\">Nerede \u00fcretiyorsunuz?<\/a>\n\t\t\t\t\t\t\t<a href=\"#\" id=\"fl-accordion--icon-1\" tabindex=\"0\" aria-controls=\"fl-accordion--panel-1\"><i>Expand<\/i><\/a>\n\t\t<p>\u00dcr\u00fcnlerimiz 1966 y\u0131l\u0131ndan bu yana Almanya\u2019da imal edilmektedir. Eget\u00fcrk, K\u00f6ln\u2019deki fabrikas\u0131nda g\u00fcnde 150 tonluk kapasitesi ile Almanya\u2019n\u0131n en b\u00fcy\u00fck helal et mamulleri \u00fcreticisidir. Daha ayr\u0131nt\u0131l\u0131 bilgi i\u00e7in:\u00a0<a href=\"https:\/\/www.egetuerk.de\/tr\/tarihce\/\">Tarih\u00e7e<\/a>.<\/p>\n\t\t\t<a href=\"#\" id=\"fl-accordion--label-2\" tabindex=\"0\" aria-controls=\"fl-accordion--panel-2\">Eget\u00fcrk ve Efepa\u015fa aras\u0131ndaki fark nedir?<\/a>\n\t\t\t\t\t\t\t<a href=\"#\" id=\"fl-accordion--icon-2\" tabindex=\"0\" aria-controls=\"fl-accordion--panel-2\"><i>Expand<\/i><\/a>\n\t\t<p>Eget\u00fcrk ve Efepa\u015f\u0131 \u00fcr\u00fcnlerini ayn\u0131 y\u00fcksek kaliteli helal etlerden ve ayn\u0131 fabrikada \u00fcretiyoruz, sadece tariflerinde ve baharatlar\u0131nda tat fark\u0131 yarat\u0131yoruz. Daha ayr\u0131nt\u0131l\u0131 bilgi i\u00e7in: <a href=\"https:\/\/www.egetuerk.de\/tr\/egetuerk\/\">Eget\u00fcrk\u00a0<\/a>ve\u00a0<a href=\"https:\/\/www.egetuerk.de\/tr\/efepasa\/\">Efepa\u015fa<\/a> marka sayfalar\u0131.<\/p>\n<h6>\n\t\tE-B\u00dcLTEN\n\t<\/h6>\n<h4>\n\t\tG\u00fcncel geli\u015fmeler ve daha fazlas\u0131 i\u00e7in abone olun.\n\t<\/h4>\n\t<!-- Begin Mailchimp Signup Form -->\n    <form action=\"https:\/\/egetuerk.us7.list-manage.com\/subscribe\/post?u=e17d5865097cc6f906b4b5c66&amp;id=d04c83f1a2\" method=\"post\" id=\"mc-embedded-subscribe-form\" name=\"mc-embedded-subscribe-form\" target=\"_blank\" novalidate>\n            <input type=\"email\" value=\"\" name=\"EMAIL\" id=\"mce-EMAIL\" placeholder=\"E-posta adresi\" required>\n            <!-- real people should not fill this in and expect good things - do not remove this or risk form bot signups-->\n        <input type=\"text\" name=\"b_e17d5865097cc6f906b4b5c66_d04c83f1a2\" tabindex=\"-1\" value=\"\">\n                    <input type=\"submit\" value=\"kay\u0131t ol\" name=\"subscribe\" id=\"mc-embedded-subscribe\">\n    <\/form>\n<!--End mc_embed_signup-->\n\t\t\t\t<img loading=\"lazy\" decoding=\"async\" src=\"https:\/\/www.egetuerk.de\/wp-content\/uploads\/2018\/08\/logo.svg\" alt=\"logo\" itemprop=\"image\" height=\"690\" width=\"1024\" title=\"logo\" onerror=\"this.style.display='none'\"  \/>\n<h3>\n\t\t<br> \n\t<\/h3>\n\t<strong>EGET\u00dcRK <\/strong><strong>WURST- UND<\/strong><br \/>\n<strong>FLEISCHWAREN\u00adFABRIKATION<\/strong><br \/>\n<strong>GMBH &amp; CO. KG<\/strong>\n<h3>\n\t\tAdres\n\t<\/h3>\n\tFeldkasseler Weg 5<br \/>\n50769 K\u00f6ln<br \/>\nAlmanya\n<h3>\n\t\t\u0130leti\u015fim\n\t<\/h3>\n\tTelefon: +49 (0) 221 \/ 709 29 &#8211; 0<br \/>\nFaks: +49 (0) 221 \/ 700 23 78<br \/>\nE-Posta: <strong><a href=\"mailto:info@egetuerk.de\">info@egetuerk.de<\/a><\/strong>\n\t<p>\u00a9 2026. T\u00fcm haklar\u0131 sakl\u0131d\u0131r. <div class=\"menu-footer_legal-tuerkisch-container\"><ul id=\"menu-footer_legal-tuerkisch\" class=\"menu\"><li id=\"menu-item-4061\" class=\"menu-item menu-item-type-post_type menu-item-object-page menu-item-4061\"><a href=\"https:\/\/www.egetuerk.de\/tr\/yasal-bilgiler\/\">Yasal Bilgiler<\/a><\/li>\n<li id=\"menu-item-4062\" class=\"menu-item menu-item-type-post_type menu-item-object-page menu-item-4062\"><a href=\"https:\/\/www.egetuerk.de\/tr\/guevenlik-ve-gizlilik\/\">G\u00fcvenlik ve Gizlilik<\/a><\/li>\n<\/ul><\/div><\/p>\n","protected":false},"excerpt":{"rendered":"<p>EGET\u00dcRK WURST- UND FLEISCHWARENFABRIKATION GMBH &#038; CO. KG<br \/>\nFeldkasseler Weg 5<br \/>\nGewerbegebiet Chorweiler<br \/>\nD-50769 K\u00f6ln<\/p>\n","protected":false},"author":1,"featured_media":0,"parent":0,"menu_order":0,"comment_status":"closed","ping_status":"closed","template":"","meta":{"_acf_changed":false,"inline_featured_image":false,"footnotes":""},"class_list":["post-4052","page","type-page","status-publish","hentry"],"acf":[],"yoast_head":"<!-- This site is optimized with the Yoast SEO plugin v27.5 - https:\/\/yoast.com\/product\/yoast-seo-wordpress\/ -->\n<title>Yasal Bilgiler - Eget\u00fcrk<\/title>\n<meta name=\"robots\" content=\"index, follow, max-snippet:-1, max-image-preview:large, max-video-preview:-1\" \/>\n<link rel=\"canonical\" href=\"https:\/\/www.egetuerk.de\/tr\/yasal-bilgiler\/\" \/>\n<meta property=\"og:locale\" content=\"tr_TR\" \/>\n<meta property=\"og:type\" content=\"article\" \/>\n<meta property=\"og:title\" content=\"Yasal Bilgiler - Eget\u00fcrk\" \/>\n<meta property=\"og:description\" content=\"EGET\u00dcRK WURST- UND FLEISCHWARENFABRIKATION GMBH &amp; CO. KG Feldkasseler Weg 5 Gewerbegebiet Chorweiler D-50769 K\u00f6ln\" \/>\n<meta property=\"og:url\" content=\"https:\/\/www.egetuerk.de\/tr\/yasal-bilgiler\/\" \/>\n<meta property=\"og:site_name\" content=\"Eget\u00fcrk\" \/>\n<meta property=\"article:modified_time\" content=\"2024-06-24T09:34:48+00:00\" \/>\n<meta property=\"og:image\" content=\"https:\/\/www.egetuerk.de\/wp-content\/uploads\/2018\/08\/logo.svg\" \/>\n<meta name=\"twitter:card\" content=\"summary_large_image\" \/>\n<meta name=\"twitter:label1\" content=\"Tahmini okuma s\u00fcresi\" \/>\n\t<meta name=\"twitter:data1\" content=\"2 dakika\" \/>\n<script type=\"application\/ld+json\" class=\"yoast-schema-graph\">{\"@context\":\"https:\\\/\\\/schema.org\",\"@graph\":[{\"@type\":\"WebPage\",\"@id\":\"https:\\\/\\\/www.egetuerk.de\\\/tr\\\/yasal-bilgiler\\\/\",\"url\":\"https:\\\/\\\/www.egetuerk.de\\\/tr\\\/yasal-bilgiler\\\/\",\"name\":\"Yasal Bilgiler - Eget\u00fcrk\",\"isPartOf\":{\"@id\":\"https:\\\/\\\/www.egetuerk.de\\\/#website\"},\"primaryImageOfPage\":{\"@id\":\"https:\\\/\\\/www.egetuerk.de\\\/tr\\\/yasal-bilgiler\\\/#primaryimage\"},\"image\":{\"@id\":\"https:\\\/\\\/www.egetuerk.de\\\/tr\\\/yasal-bilgiler\\\/#primaryimage\"},\"thumbnailUrl\":\"https:\\\/\\\/www.egetuerk.de\\\/wp-content\\\/uploads\\\/2018\\\/08\\\/logo.svg\",\"datePublished\":\"2019-01-04T09:28:23+00:00\",\"dateModified\":\"2024-06-24T09:34:48+00:00\",\"breadcrumb\":{\"@id\":\"https:\\\/\\\/www.egetuerk.de\\\/tr\\\/yasal-bilgiler\\\/#breadcrumb\"},\"inLanguage\":\"tr\",\"potentialAction\":[{\"@type\":\"ReadAction\",\"target\":[\"https:\\\/\\\/www.egetuerk.de\\\/tr\\\/yasal-bilgiler\\\/\"]}]},{\"@type\":\"ImageObject\",\"inLanguage\":\"tr\",\"@id\":\"https:\\\/\\\/www.egetuerk.de\\\/tr\\\/yasal-bilgiler\\\/#primaryimage\",\"url\":\"https:\\\/\\\/www.egetuerk.de\\\/wp-content\\\/uploads\\\/2018\\\/08\\\/logo.svg\",\"contentUrl\":\"https:\\\/\\\/www.egetuerk.de\\\/wp-content\\\/uploads\\\/2018\\\/08\\\/logo.svg\"},{\"@type\":\"BreadcrumbList\",\"@id\":\"https:\\\/\\\/www.egetuerk.de\\\/tr\\\/yasal-bilgiler\\\/#breadcrumb\",\"itemListElement\":[{\"@type\":\"ListItem\",\"position\":1,\"name\":\"Startseite\",\"item\":\"https:\\\/\\\/www.egetuerk.de\\\/tr\\\/\"},{\"@type\":\"ListItem\",\"position\":2,\"name\":\"Yasal Bilgiler\"}]},{\"@type\":\"WebSite\",\"@id\":\"https:\\\/\\\/www.egetuerk.de\\\/#website\",\"url\":\"https:\\\/\\\/www.egetuerk.de\\\/\",\"name\":\"Eget\u00fcrk\",\"description\":\"\",\"potentialAction\":[{\"@type\":\"SearchAction\",\"target\":{\"@type\":\"EntryPoint\",\"urlTemplate\":\"https:\\\/\\\/www.egetuerk.de\\\/?s={search_term_string}\"},\"query-input\":{\"@type\":\"PropertyValueSpecification\",\"valueRequired\":true,\"valueName\":\"search_term_string\"}}],\"inLanguage\":\"tr\"}]}<\/script>\n<!-- \/ Yoast SEO plugin. -->","yoast_head_json":{"title":"Yasal Bilgiler - Eget\u00fcrk","robots":{"index":"index","follow":"follow","max-snippet":"max-snippet:-1","max-image-preview":"max-image-preview:large","max-video-preview":"max-video-preview:-1"},"canonical":"https:\/\/www.egetuerk.de\/tr\/yasal-bilgiler\/","og_locale":"tr_TR","og_type":"article","og_title":"Yasal Bilgiler - Eget\u00fcrk","og_description":"EGET\u00dcRK WURST- UND FLEISCHWARENFABRIKATION GMBH & CO. KG Feldkasseler Weg 5 Gewerbegebiet Chorweiler D-50769 K\u00f6ln","og_url":"https:\/\/www.egetuerk.de\/tr\/yasal-bilgiler\/","og_site_name":"Eget\u00fcrk","article_modified_time":"2024-06-24T09:34:48+00:00","og_image":[{"url":"https:\/\/www.egetuerk.de\/wp-content\/uploads\/2018\/08\/logo.svg","type":"","width":"","height":""}],"twitter_card":"summary_large_image","twitter_misc":{"Tahmini okuma s\u00fcresi":"2 dakika"},"schema":{"@context":"https:\/\/schema.org","@graph":[{"@type":"WebPage","@id":"https:\/\/www.egetuerk.de\/tr\/yasal-bilgiler\/","url":"https:\/\/www.egetuerk.de\/tr\/yasal-bilgiler\/","name":"Yasal Bilgiler - Eget\u00fcrk","isPartOf":{"@id":"https:\/\/www.egetuerk.de\/#website"},"primaryImageOfPage":{"@id":"https:\/\/www.egetuerk.de\/tr\/yasal-bilgiler\/#primaryimage"},"image":{"@id":"https:\/\/www.egetuerk.de\/tr\/yasal-bilgiler\/#primaryimage"},"thumbnailUrl":"https:\/\/www.egetuerk.de\/wp-content\/uploads\/2018\/08\/logo.svg","datePublished":"2019-01-04T09:28:23+00:00","dateModified":"2024-06-24T09:34:48+00:00","breadcrumb":{"@id":"https:\/\/www.egetuerk.de\/tr\/yasal-bilgiler\/#breadcrumb"},"inLanguage":"tr","potentialAction":[{"@type":"ReadAction","target":["https:\/\/www.egetuerk.de\/tr\/yasal-bilgiler\/"]}]},{"@type":"ImageObject","inLanguage":"tr","@id":"https:\/\/www.egetuerk.de\/tr\/yasal-bilgiler\/#primaryimage","url":"https:\/\/www.egetuerk.de\/wp-content\/uploads\/2018\/08\/logo.svg","contentUrl":"https:\/\/www.egetuerk.de\/wp-content\/uploads\/2018\/08\/logo.svg"},{"@type":"BreadcrumbList","@id":"https:\/\/www.egetuerk.de\/tr\/yasal-bilgiler\/#breadcrumb","itemListElement":[{"@type":"ListItem","position":1,"name":"Startseite","item":"https:\/\/www.egetuerk.de\/tr\/"},{"@type":"ListItem","position":2,"name":"Yasal Bilgiler"}]},{"@type":"WebSite","@id":"https:\/\/www.egetuerk.de\/#website","url":"https:\/\/www.egetuerk.de\/","name":"Eget\u00fcrk","description":"","potentialAction":[{"@type":"SearchAction","target":{"@type":"EntryPoint","urlTemplate":"https:\/\/www.egetuerk.de\/?s={search_term_string}"},"query-input":{"@type":"PropertyValueSpecification","valueRequired":true,"valueName":"search_term_string"}}],"inLanguage":"tr"}]}},"_links":{"self":[{"href":"https:\/\/www.egetuerk.de\/tr\/wp-json\/wp\/v2\/pages\/4052","targetHints":{"allow":["GET"]}}],"collection":[{"href":"https:\/\/www.egetuerk.de\/tr\/wp-json\/wp\/v2\/pages"}],"about":[{"href":"https:\/\/www.egetuerk.de\/tr\/wp-json\/wp\/v2\/types\/page"}],"author":[{"embeddable":true,"href":"https:\/\/www.egetuerk.de\/tr\/wp-json\/wp\/v2\/users\/1"}],"replies":[{"embeddable":true,"href":"https:\/\/www.egetuerk.de\/tr\/wp-json\/wp\/v2\/comments?post=4052"}],"version-history":[{"count":6,"href":"https:\/\/www.egetuerk.de\/tr\/wp-json\/wp\/v2\/pages\/4052\/revisions"}],"predecessor-version":[{"id":116347,"href":"https:\/\/www.egetuerk.de\/tr\/wp-json\/wp\/v2\/pages\/4052\/revisions\/116347"}],"wp:attachment":[{"href":"https:\/\/www.egetuerk.de\/tr\/wp-json\/wp\/v2\/media?parent=4052"}],"curies":[{"name":"wp","href":"https:\/\/api.w.org\/{rel}","templated":true}]}}