{"id":4049,"date":"2019-01-04T10:26:33","date_gmt":"2019-01-04T09:26:33","guid":{"rendered":"https:\/\/egetuerk.vorschau.xyz\/egetuerk\/wuerstchen\/"},"modified":"2022-01-10T18:25:00","modified_gmt":"2022-01-10T17:25:00","slug":"sosis","status":"publish","type":"page","link":"https:\/\/www.egetuerk.de\/tr\/egetuerk\/sosis\/","title":{"rendered":"Sosis"},"content":{"rendered":"\n\t\t\t\t<img loading=\"lazy\" decoding=\"async\" src=\"https:\/\/www.egetuerk.de\/wp-content\/uploads\/2018\/12\/sosis.png\" alt=\"sosis\" itemprop=\"image\" height=\"400\" width=\"1584\" title=\"sosis\" onerror=\"this.style.display='none'\"  \/>\n<h3>\n\t\tEget\u00fcrk sosis ile zaman\u0131 durdurmak ister misiniz?\n\t<\/h3>\n\t<p>Bu soruya cevab\u0131n\u0131z evet ise buyurun Eget\u00fcrk sosisli ziyafete! \u00d6zel kutusu i\u00e7inden kolayca ve her zaman taze \u00e7\u0131kan Eget\u00fcrk sosisleri mutfa\u011f\u0131n\u0131zda harikalar yaratman\u0131z i\u00e7in her daim yan\u0131n\u0131zda haz\u0131r bulunmakta!<\/p>\n<p>En pratik tariflerden en \u00f6zel yemeklerde kullanabilece\u011finiz bu sosislerle haz\u0131rlayaca\u011f\u0131n\u0131z tadlar\u0131 sevdiklerinizle payla\u015ft\u0131\u011f\u0131n\u0131zda \u00f6vg\u00fcler alman\u0131z ka\u00e7\u0131n\u0131lmaz!<\/p>\n\t <video autoplay loop muted>\n  <source src=\"https:\/\/www.egetuerk.de\/wp-content\/uploads\/2019\/02\/02-sosis-1.mp4\">\n<\/video> \n    <img decoding=\"async\" src=\"https:\/\/www.egetuerk.de\/wp-content\/themes\/egetuerk-child\/files\/angle-left.svg\" \/> \n    <img decoding=\"async\" src=\"https:\/\/www.egetuerk.de\/wp-content\/themes\/egetuerk-child\/files\/angle-right.svg\" \/>\n        <p><h2>Pratik ve lezziz sosisler&#8230;<\/h2><img decoding=\"async\" src=\"https:\/\/app.egetuerk.de\/media\/recipes\/5\/1\/boncuk_1600.jpg\" ><h2>Salaml\u0131 kahvalt\u0131l\u0131klar&#8230;<\/h2><img decoding=\"async\" src=\"https:\/\/app.egetuerk.de\/media\/recipes\/7\/1\/burcu_1600.jpg\" ><h2>Pratik ve lezziz sosisler&#8230;<\/h2><img decoding=\"async\" src=\"https:\/\/app.egetuerk.de\/media\/recipes\/34\/1\/pinar_1600.jpg\" ><h2>Pratik ve lezziz sosisler&#8230;<\/h2><img decoding=\"async\" src=\"https:\/\/app.egetuerk.de\/media\/recipes\/45\/1\/avci_1600.jpg\" ><h2>Pratik ve lezziz sosisler&#8230;<\/h2><img decoding=\"async\" src=\"https:\/\/app.egetuerk.de\/media\/recipes\/44\/1\/babacan_1600.jpg\" ><\/p><h2>Pratik ve lezziz sosisler&#8230;<\/h2><img decoding=\"async\" src=\"https:\/\/app.egetuerk.de\/media\/recipes\/42\/1\/tonton_1600.jpg\" >    \n                Eget\u00fcrk Sosis\n                <h2>Sosis \u00e7e\u015fitlerimiz<\/h2>\n        <a href=\"https:\/\/www.egetuerk.de\/tr\/\u00fcr\u00fcn\/boncuk-sosis\/\"><img decoding=\"async\" src=\"https:\/\/app.egetuerk.de\/media\/product\/8\/Boncuk.png\" alt=\"BONCUK SOSiS\"><\/a><a href=\"https:\/\/www.egetuerk.de\/tr\/\u00fcr\u00fcn\/pinar-sosis\/\"><img decoding=\"async\" src=\"https:\/\/app.egetuerk.de\/media\/product\/9\/Pinar.png\" alt=\"PINAR SOSiS\"><\/a><a href=\"https:\/\/www.egetuerk.de\/tr\/\u00fcr\u00fcn\/tonton-sosis\/\"><img decoding=\"async\" src=\"https:\/\/app.egetuerk.de\/media\/product\/6\/TonTon.png\" alt=\"TONTON SOSiS\"><\/a><a href=\"https:\/\/www.egetuerk.de\/tr\/\u00fcr\u00fcn\/babacan-sosis\/\"><img decoding=\"async\" src=\"https:\/\/app.egetuerk.de\/media\/product\/7\/Babacan.png\" alt=\"BABACAN SOSiS\"><\/a><a href=\"https:\/\/www.egetuerk.de\/tr\/\u00fcr\u00fcn\/avci-sosis\/\"><img decoding=\"async\" src=\"https:\/\/app.egetuerk.de\/media\/product\/5\/Avci.png\" alt=\"AVCI SOSiS\"><\/a>    \n\t\t\t\t<img loading=\"lazy\" decoding=\"async\" src=\"https:\/\/www.egetuerk.de\/wp-content\/uploads\/2018\/08\/logo.svg\" alt=\"logo\" itemprop=\"image\" height=\"690\" width=\"1024\" title=\"logo\" onerror=\"this.style.display='none'\"  \/>\n<h3>\n\t\t<br> \n\t<\/h3>\n\t<strong>EGET\u00dcRK <\/strong><strong>WURST- UND<\/strong><br \/>\n<strong>FLEISCHWAREN\u00adFABRIKATION<\/strong><br \/>\n<strong>GMBH &amp; CO. KG<\/strong>\n<h3>\n\t\tAdres\n\t<\/h3>\n\tFeldkasseler Weg 5<br \/>\n50769 K\u00f6ln<br \/>\nAlmanya\n<h3>\n\t\t\u0130leti\u015fim\n\t<\/h3>\n\tTelefon: +49 (0) 221 \/ 709 29 &#8211; 0<br \/>\nFaks: +49 (0) 221 \/ 700 23 78<br \/>\nE-Posta: <strong><a href=\"mailto:info@egetuerk.de\">info@egetuerk.de<\/a><\/strong>\n\t<p>\u00a9 2026. T\u00fcm haklar\u0131 sakl\u0131d\u0131r. <div class=\"menu-footer_legal-tuerkisch-container\"><ul id=\"menu-footer_legal-tuerkisch\" class=\"menu\"><li id=\"menu-item-4061\" class=\"menu-item menu-item-type-post_type menu-item-object-page menu-item-4061\"><a href=\"https:\/\/www.egetuerk.de\/tr\/yasal-bilgiler\/\">Yasal Bilgiler<\/a><\/li>\n<li id=\"menu-item-4062\" class=\"menu-item menu-item-type-post_type menu-item-object-page menu-item-4062\"><a href=\"https:\/\/www.egetuerk.de\/tr\/guevenlik-ve-gizlilik\/\">G\u00fcvenlik ve Gizlilik<\/a><\/li>\n<\/ul><\/div><\/p>\n","protected":false},"excerpt":{"rendered":"<p>Sosislerimize herkes bay\u0131l\u0131r. Hele ki \u00e7ocuklar\u2026 Hi\u00e7 bir \u00e7ocuk tabak dolusu Eget\u00fcrk sosisine hay\u0131r diyemez&#8230;<\/p>\n","protected":false},"author":1,"featured_media":3423,"parent":4045,"menu_order":0,"comment_status":"closed","ping_status":"closed","template":"","meta":{"_acf_changed":false,"inline_featured_image":false,"footnotes":""},"class_list":["post-4049","page","type-page","status-publish","has-post-thumbnail","hentry"],"acf":[],"yoast_head":"<!-- This site is optimized with the Yoast SEO plugin v27.5 - https:\/\/yoast.com\/product\/yoast-seo-wordpress\/ -->\n<title>Egetu\u0308rk Sosis | Pratik ve lezziz<\/title>\n<meta name=\"robots\" content=\"index, follow, max-snippet:-1, max-image-preview:large, max-video-preview:-1\" \/>\n<link rel=\"canonical\" href=\"https:\/\/www.egetuerk.de\/tr\/egetuerk\/sosis\/\" \/>\n<meta property=\"og:locale\" content=\"tr_TR\" \/>\n<meta property=\"og:type\" content=\"article\" \/>\n<meta property=\"og:title\" content=\"Egetu\u0308rk Sosis | Pratik ve lezziz\" \/>\n<meta property=\"og:description\" content=\"Sosislerimize herkes bay\u0131l\u0131r. Hele ki \u00e7ocuklar\u2026 Hi\u00e7 bir \u00e7ocuk tabak dolusu Eget\u00fcrk sosisine hay\u0131r diyemez...\" \/>\n<meta property=\"og:url\" content=\"https:\/\/www.egetuerk.de\/tr\/egetuerk\/sosis\/\" \/>\n<meta property=\"og:site_name\" content=\"Eget\u00fcrk\" \/>\n<meta property=\"article:modified_time\" content=\"2022-01-10T17:25:00+00:00\" \/>\n<meta property=\"og:image\" content=\"https:\/\/www.egetuerk.de\/wp-content\/uploads\/2018\/12\/egetuerk-wuerstchen.png\" \/>\n\t<meta property=\"og:image:width\" content=\"204\" \/>\n\t<meta property=\"og:image:height\" content=\"240\" \/>\n\t<meta property=\"og:image:type\" content=\"image\/png\" \/>\n<meta name=\"twitter:card\" content=\"summary_large_image\" \/>\n<meta name=\"twitter:label1\" content=\"Tahmini okuma s\u00fcresi\" \/>\n\t<meta name=\"twitter:data1\" content=\"1 dakika\" \/>\n<script type=\"application\/ld+json\" class=\"yoast-schema-graph\">{\"@context\":\"https:\\\/\\\/schema.org\",\"@graph\":[{\"@type\":\"WebPage\",\"@id\":\"https:\\\/\\\/www.egetuerk.de\\\/tr\\\/egetuerk\\\/sosis\\\/\",\"url\":\"https:\\\/\\\/www.egetuerk.de\\\/tr\\\/egetuerk\\\/sosis\\\/\",\"name\":\"Egetu\u0308rk Sosis | Pratik ve lezziz\",\"isPartOf\":{\"@id\":\"https:\\\/\\\/www.egetuerk.de\\\/#website\"},\"primaryImageOfPage\":{\"@id\":\"https:\\\/\\\/www.egetuerk.de\\\/tr\\\/egetuerk\\\/sosis\\\/#primaryimage\"},\"image\":{\"@id\":\"https:\\\/\\\/www.egetuerk.de\\\/tr\\\/egetuerk\\\/sosis\\\/#primaryimage\"},\"thumbnailUrl\":\"https:\\\/\\\/www.egetuerk.de\\\/wp-content\\\/uploads\\\/2018\\\/12\\\/egetuerk-wuerstchen.png\",\"datePublished\":\"2019-01-04T09:26:33+00:00\",\"dateModified\":\"2022-01-10T17:25:00+00:00\",\"breadcrumb\":{\"@id\":\"https:\\\/\\\/www.egetuerk.de\\\/tr\\\/egetuerk\\\/sosis\\\/#breadcrumb\"},\"inLanguage\":\"tr\",\"potentialAction\":[{\"@type\":\"ReadAction\",\"target\":[\"https:\\\/\\\/www.egetuerk.de\\\/tr\\\/egetuerk\\\/sosis\\\/\"]}]},{\"@type\":\"ImageObject\",\"inLanguage\":\"tr\",\"@id\":\"https:\\\/\\\/www.egetuerk.de\\\/tr\\\/egetuerk\\\/sosis\\\/#primaryimage\",\"url\":\"https:\\\/\\\/www.egetuerk.de\\\/wp-content\\\/uploads\\\/2018\\\/12\\\/egetuerk-wuerstchen.png\",\"contentUrl\":\"https:\\\/\\\/www.egetuerk.de\\\/wp-content\\\/uploads\\\/2018\\\/12\\\/egetuerk-wuerstchen.png\",\"width\":204,\"height\":240},{\"@type\":\"BreadcrumbList\",\"@id\":\"https:\\\/\\\/www.egetuerk.de\\\/tr\\\/egetuerk\\\/sosis\\\/#breadcrumb\",\"itemListElement\":[{\"@type\":\"ListItem\",\"position\":1,\"name\":\"Startseite\",\"item\":\"https:\\\/\\\/www.egetuerk.de\\\/tr\\\/\"},{\"@type\":\"ListItem\",\"position\":2,\"name\":\"Eget\u00fcrk\",\"item\":\"https:\\\/\\\/www.egetuerk.de\\\/tr\\\/egetuerk\\\/\"},{\"@type\":\"ListItem\",\"position\":3,\"name\":\"Sosis\"}]},{\"@type\":\"WebSite\",\"@id\":\"https:\\\/\\\/www.egetuerk.de\\\/#website\",\"url\":\"https:\\\/\\\/www.egetuerk.de\\\/\",\"name\":\"Eget\u00fcrk\",\"description\":\"\",\"potentialAction\":[{\"@type\":\"SearchAction\",\"target\":{\"@type\":\"EntryPoint\",\"urlTemplate\":\"https:\\\/\\\/www.egetuerk.de\\\/?s={search_term_string}\"},\"query-input\":{\"@type\":\"PropertyValueSpecification\",\"valueRequired\":true,\"valueName\":\"search_term_string\"}}],\"inLanguage\":\"tr\"}]}<\/script>\n<!-- \/ Yoast SEO plugin. -->","yoast_head_json":{"title":"Egetu\u0308rk Sosis | Pratik ve lezziz","robots":{"index":"index","follow":"follow","max-snippet":"max-snippet:-1","max-image-preview":"max-image-preview:large","max-video-preview":"max-video-preview:-1"},"canonical":"https:\/\/www.egetuerk.de\/tr\/egetuerk\/sosis\/","og_locale":"tr_TR","og_type":"article","og_title":"Egetu\u0308rk Sosis | Pratik ve lezziz","og_description":"Sosislerimize herkes bay\u0131l\u0131r. Hele ki \u00e7ocuklar\u2026 Hi\u00e7 bir \u00e7ocuk tabak dolusu Eget\u00fcrk sosisine hay\u0131r diyemez...","og_url":"https:\/\/www.egetuerk.de\/tr\/egetuerk\/sosis\/","og_site_name":"Eget\u00fcrk","article_modified_time":"2022-01-10T17:25:00+00:00","og_image":[{"width":204,"height":240,"url":"https:\/\/www.egetuerk.de\/wp-content\/uploads\/2018\/12\/egetuerk-wuerstchen.png","type":"image\/png"}],"twitter_card":"summary_large_image","twitter_misc":{"Tahmini okuma s\u00fcresi":"1 dakika"},"schema":{"@context":"https:\/\/schema.org","@graph":[{"@type":"WebPage","@id":"https:\/\/www.egetuerk.de\/tr\/egetuerk\/sosis\/","url":"https:\/\/www.egetuerk.de\/tr\/egetuerk\/sosis\/","name":"Egetu\u0308rk Sosis | Pratik ve lezziz","isPartOf":{"@id":"https:\/\/www.egetuerk.de\/#website"},"primaryImageOfPage":{"@id":"https:\/\/www.egetuerk.de\/tr\/egetuerk\/sosis\/#primaryimage"},"image":{"@id":"https:\/\/www.egetuerk.de\/tr\/egetuerk\/sosis\/#primaryimage"},"thumbnailUrl":"https:\/\/www.egetuerk.de\/wp-content\/uploads\/2018\/12\/egetuerk-wuerstchen.png","datePublished":"2019-01-04T09:26:33+00:00","dateModified":"2022-01-10T17:25:00+00:00","breadcrumb":{"@id":"https:\/\/www.egetuerk.de\/tr\/egetuerk\/sosis\/#breadcrumb"},"inLanguage":"tr","potentialAction":[{"@type":"ReadAction","target":["https:\/\/www.egetuerk.de\/tr\/egetuerk\/sosis\/"]}]},{"@type":"ImageObject","inLanguage":"tr","@id":"https:\/\/www.egetuerk.de\/tr\/egetuerk\/sosis\/#primaryimage","url":"https:\/\/www.egetuerk.de\/wp-content\/uploads\/2018\/12\/egetuerk-wuerstchen.png","contentUrl":"https:\/\/www.egetuerk.de\/wp-content\/uploads\/2018\/12\/egetuerk-wuerstchen.png","width":204,"height":240},{"@type":"BreadcrumbList","@id":"https:\/\/www.egetuerk.de\/tr\/egetuerk\/sosis\/#breadcrumb","itemListElement":[{"@type":"ListItem","position":1,"name":"Startseite","item":"https:\/\/www.egetuerk.de\/tr\/"},{"@type":"ListItem","position":2,"name":"Eget\u00fcrk","item":"https:\/\/www.egetuerk.de\/tr\/egetuerk\/"},{"@type":"ListItem","position":3,"name":"Sosis"}]},{"@type":"WebSite","@id":"https:\/\/www.egetuerk.de\/#website","url":"https:\/\/www.egetuerk.de\/","name":"Eget\u00fcrk","description":"","potentialAction":[{"@type":"SearchAction","target":{"@type":"EntryPoint","urlTemplate":"https:\/\/www.egetuerk.de\/?s={search_term_string}"},"query-input":{"@type":"PropertyValueSpecification","valueRequired":true,"valueName":"search_term_string"}}],"inLanguage":"tr"}]}},"_links":{"self":[{"href":"https:\/\/www.egetuerk.de\/tr\/wp-json\/wp\/v2\/pages\/4049","targetHints":{"allow":["GET"]}}],"collection":[{"href":"https:\/\/www.egetuerk.de\/tr\/wp-json\/wp\/v2\/pages"}],"about":[{"href":"https:\/\/www.egetuerk.de\/tr\/wp-json\/wp\/v2\/types\/page"}],"author":[{"embeddable":true,"href":"https:\/\/www.egetuerk.de\/tr\/wp-json\/wp\/v2\/users\/1"}],"replies":[{"embeddable":true,"href":"https:\/\/www.egetuerk.de\/tr\/wp-json\/wp\/v2\/comments?post=4049"}],"version-history":[{"count":32,"href":"https:\/\/www.egetuerk.de\/tr\/wp-json\/wp\/v2\/pages\/4049\/revisions"}],"predecessor-version":[{"id":116002,"href":"https:\/\/www.egetuerk.de\/tr\/wp-json\/wp\/v2\/pages\/4049\/revisions\/116002"}],"up":[{"embeddable":true,"href":"https:\/\/www.egetuerk.de\/tr\/wp-json\/wp\/v2\/pages\/4045"}],"wp:featuredmedia":[{"embeddable":true,"href":"https:\/\/www.egetuerk.de\/tr\/wp-json\/wp\/v2\/media\/3423"}],"wp:attachment":[{"href":"https:\/\/www.egetuerk.de\/tr\/wp-json\/wp\/v2\/media?parent=4049"}],"curies":[{"name":"wp","href":"https:\/\/api.w.org\/{rel}","templated":true}]}}