{"id":4048,"date":"2019-01-04T10:25:58","date_gmt":"2019-01-04T09:25:58","guid":{"rendered":"https:\/\/egetuerk.vorschau.xyz\/egetuerk\/sucuk\/"},"modified":"2022-01-10T18:20:16","modified_gmt":"2022-01-10T17:20:16","slug":"sucuk","status":"publish","type":"page","link":"https:\/\/www.egetuerk.de\/tr\/egetuerk\/sucuk\/","title":{"rendered":"Sucuk"},"content":{"rendered":"\n\t\t\t\t<img loading=\"lazy\" decoding=\"async\" src=\"https:\/\/www.egetuerk.de\/wp-content\/uploads\/2018\/12\/sucuk.png\" alt=\"sucuk\" itemprop=\"image\" height=\"800\" width=\"941\" title=\"sucuk\" onerror=\"this.style.display='none'\"  \/>\n<h3>\n\t\tEget\u00fcrk Sucuk&#8230; Nesillerdir payla\u015f\u0131lan mutluluk\n\t<\/h3>\n\t<p>En kaliteli ve sa\u011fl\u0131kl\u0131 s\u0131\u011f\u0131r etlerinin, taze sar\u0131msak ve baharatlarla bulu\u015ftu\u011fu lezzet!<\/p>\n<p>Geleneksel t\u00fcrk sucu\u011funun d\u00fcnyada bir numaral\u0131 markas\u0131 Eget\u00fcrk&#8217;ten klasik kangal sucuk, ac\u0131l\u0131 parmak sucuk ve a\u00e7\u0131l\u0131p hemen kullan\u0131lmak \u00fczere haz\u0131rlanm\u0131\u015f dilimli sucuk. Tercih sizin.<\/p>\n<p>G\u00fcn\u00fcn her an\u0131nda Eget\u00fcrk sucuk ile yapaca\u011f\u0131n\u0131z yemeklerle kendinizi ve sevdiklerinizi mutlu edin.<\/p>\n\t <video autoplay loop muted playsinline>\n  <source src=\"https:\/\/www.egetuerk.de\/wp-content\/uploads\/2019\/02\/04-sucuk-1.mp4\">\n<\/video> \n    <img decoding=\"async\" src=\"https:\/\/www.egetuerk.de\/wp-content\/themes\/egetuerk-child\/files\/angle-left.svg\" \/> \n    <img decoding=\"async\" src=\"https:\/\/www.egetuerk.de\/wp-content\/themes\/egetuerk-child\/files\/angle-right.svg\" \/>\n        <p><h2>Sucuklu enfes pizzalar!<\/h2><img decoding=\"async\" src=\"https:\/\/app.egetuerk.de\/media\/recipes\/15\/1\/egem_1600.jpg\" ><h2>Salaml\u0131 kahvalt\u0131l\u0131klar&#8230;<\/h2><img decoding=\"async\" src=\"https:\/\/app.egetuerk.de\/media\/recipes\/26\/1\/oezlem_1600.jpg\" ><h2>Mangalda sucuk keyfi!<\/h2><img decoding=\"async\" src=\"https:\/\/app.egetuerk.de\/media\/recipes\/1\/1\/baris_1600.jpg\" ><h2>Mangalda sucuk keyfi!<\/h2><img decoding=\"async\" src=\"https:\/\/app.egetuerk.de\/media\/recipes\/17\/1\/grillteller_1600.jpg\" ><h2>Sucuklu omletler&#8230;<\/h2><img decoding=\"async\" src=\"https:\/\/app.egetuerk.de\/media\/recipes\/27\/1\/omlett_1600.jpg\" ><h2>Sucuklu tostlar&#8230;<\/h2><img decoding=\"async\" src=\"https:\/\/app.egetuerk.de\/media\/recipes\/41\/1\/toast_1600.jpg\" ><h2>Sucuklu enfes pizzalar!<\/h2><img decoding=\"async\" src=\"https:\/\/app.egetuerk.de\/media\/recipes\/33\/1\/pizza_1600.jpg\" ><h2>Salaml\u0131 kahvalt\u0131l\u0131klar&#8230;<\/h2><img decoding=\"async\" src=\"https:\/\/app.egetuerk.de\/media\/recipes\/6\/1\/brot_1600.jpg\" ><h2>Mangalda sucuk keyfi!<\/h2><img decoding=\"async\" src=\"https:\/\/app.egetuerk.de\/media\/recipes\/2\/1\/baston_1600.jpg\" ><h2>Nefis sucuklu yumurta!<\/h2><img decoding=\"async\" src=\"https:\/\/app.egetuerk.de\/media\/recipes\/19\/1\/kangal_1600.jpg\" ><h2>Mis gibi k\u0131zarm\u0131\u015f sucuk!<\/h2><img decoding=\"async\" src=\"https:\/\/app.egetuerk.de\/media\/recipes\/20\/1\/kangal2_1600.jpg\" ><h2>Nefis sucuklu pideler&#8230;<\/h2><img decoding=\"async\" src=\"https:\/\/app.egetuerk.de\/media\/recipes\/36\/1\/pide_1600.jpg\" ><h2>Mangalda sucuk keyfi!<\/h2><img decoding=\"async\" src=\"https:\/\/app.egetuerk.de\/media\/recipes\/29\/1\/parmak_grill_1600.jpg\" ><h2>Sucuklu omletler&#8230;<\/h2><img decoding=\"async\" src=\"https:\/\/app.egetuerk.de\/media\/recipes\/28\/1\/parmak_1600.jpg\" ><h2>Mis gibi k\u0131zarm\u0131\u015f sucuk!<\/h2><img decoding=\"async\" src=\"https:\/\/app.egetuerk.de\/media\/recipes\/30\/1\/parmak2_1600.jpg\" ><h2>Mis gibi k\u0131zarm\u0131\u015f sucuk!<\/h2><img decoding=\"async\" src=\"https:\/\/app.egetuerk.de\/media\/recipes\/31\/1\/parmak3_1600.jpg\" ><h2>Sucuklu tostlar&#8230;<\/h2><img decoding=\"async\" src=\"https:\/\/app.egetuerk.de\/media\/recipes\/25\/1\/mera_1600.jpg\" ><\/p><h2>Mangalda sucuk keyfi!<\/h2><img decoding=\"async\" src=\"https:\/\/app.egetuerk.de\/media\/recipes\/3\/1\/baston2_1600.jpg\" >    \n                Eget\u00fcrk Sucuk\n                <h2>Sucuk \u00e7e\u015fitlerimiz<\/h2>\n        <a href=\"https:\/\/www.egetuerk.de\/tr\/\u00fcr\u00fcn\/egem-dilim-sucuk\/\"><img decoding=\"async\" src=\"https:\/\/app.egetuerk.de\/media\/product\/23\/Egem.png\" alt=\"EGEM D\u0130L\u0130M SUCUK\"><\/a><a href=\"https:\/\/www.egetuerk.de\/tr\/\u00fcr\u00fcn\/baris-kangal-sucuk\/\"><img decoding=\"async\" src=\"https:\/\/app.egetuerk.de\/media\/product\/51\/Baris_04.10.21.png\" alt=\"BARI\u015e IZGARALIK GRILL SUCUK\"><\/a><a href=\"https:\/\/www.egetuerk.de\/tr\/\u00fcr\u00fcn\/egetat-dilim-sucuk\/\"><img decoding=\"async\" src=\"https:\/\/app.egetuerk.de\/media\/product\/4\/Egetat.png\" alt=\"EGETAT D\u0130L\u0130M SUCUK\"><\/a><a href=\"https:\/\/www.egetuerk.de\/tr\/\u00fcr\u00fcn\/sultan-kangal-sucuk\/\"><img decoding=\"async\" src=\"https:\/\/app.egetuerk.de\/media\/product\/2\/Sultan.png\" alt=\"SULTAN KANGAL SUCUK\"><\/a><a href=\"https:\/\/www.egetuerk.de\/tr\/\u00fcr\u00fcn\/egemen-parmak-sucuk\/\"><img decoding=\"async\" src=\"https:\/\/app.egetuerk.de\/media\/product\/3\/Egemen.png\" alt=\"EGEMEN PARMAK SUCUK\"><\/a><a href=\"https:\/\/www.egetuerk.de\/tr\/\u00fcr\u00fcn\/sirma-parmak-sucuk\/\"><img decoding=\"async\" src=\"https:\/\/app.egetuerk.de\/media\/product\/1\/Sirma.png\" alt=\"SIRMA PARMAK SUCUK\"><\/a><a href=\"https:\/\/www.egetuerk.de\/tr\/\u00fcr\u00fcn\/emre-kangal-sucuk\/\"><img decoding=\"async\" src=\"https:\/\/app.egetuerk.de\/media\/product\/0\/Emre.png\" alt=\"EMRE KANGAL SUCUK\"><\/a>    \n\t\t\t\t<img loading=\"lazy\" decoding=\"async\" src=\"https:\/\/www.egetuerk.de\/wp-content\/uploads\/2018\/08\/logo.svg\" alt=\"logo\" itemprop=\"image\" height=\"690\" width=\"1024\" title=\"logo\" onerror=\"this.style.display='none'\"  \/>\n<h3>\n\t\t<br> \n\t<\/h3>\n\t<strong>EGET\u00dcRK <\/strong><strong>WURST- UND<\/strong><br \/>\n<strong>FLEISCHWAREN\u00adFABRIKATION<\/strong><br \/>\n<strong>GMBH &amp; CO. KG<\/strong>\n<h3>\n\t\tAdres\n\t<\/h3>\n\tFeldkasseler Weg 5<br \/>\n50769 K\u00f6ln<br \/>\nAlmanya\n<h3>\n\t\t\u0130leti\u015fim\n\t<\/h3>\n\tTelefon: +49 (0) 221 \/ 709 29 &#8211; 0<br \/>\nFaks: +49 (0) 221 \/ 700 23 78<br \/>\nE-Posta: <strong><a href=\"mailto:info@egetuerk.de\">info@egetuerk.de<\/a><\/strong>\n\t<p>\u00a9 2026. T\u00fcm haklar\u0131 sakl\u0131d\u0131r. <div class=\"menu-footer_legal-tuerkisch-container\"><ul id=\"menu-footer_legal-tuerkisch\" class=\"menu\"><li id=\"menu-item-4061\" class=\"menu-item menu-item-type-post_type menu-item-object-page menu-item-4061\"><a href=\"https:\/\/www.egetuerk.de\/tr\/yasal-bilgiler\/\">Yasal Bilgiler<\/a><\/li>\n<li id=\"menu-item-4062\" class=\"menu-item menu-item-type-post_type menu-item-object-page menu-item-4062\"><a href=\"https:\/\/www.egetuerk.de\/tr\/guevenlik-ve-gizlilik\/\">G\u00fcvenlik ve Gizlilik<\/a><\/li>\n<\/ul><\/div><\/p>\n","protected":false},"excerpt":{"rendered":"<p>\u00dcst\u00fcn kalite et , se\u00e7kin baharat ve taze sar\u0131msakla harmanlad\u0131\u011f\u0131m\u0131z Eget\u00fcrk\u2019\u00fcn bu enfes klasi\u011fini deneyenler asla vazge\u00e7emiyor. E\u015fsiz tad\u0131 ve m\u00fckemmel kalitesi ile Eget\u00fcrk Sucuk y\u0131llard\u0131r sofralar\u0131m\u0131z\u0131n ba\u015f k\u00f6\u015fesindedir&#8230;<\/p>\n","protected":false},"author":1,"featured_media":3420,"parent":4045,"menu_order":0,"comment_status":"closed","ping_status":"closed","template":"","meta":{"_acf_changed":false,"inline_featured_image":false,"footnotes":""},"class_list":["post-4048","page","type-page","status-publish","has-post-thumbnail","hentry"],"acf":[],"yoast_head":"<!-- This site is optimized with the Yoast SEO plugin v27.2 - https:\/\/yoast.com\/product\/yoast-seo-wordpress\/ -->\n<title>Egetu\u0308rk Sucuk | Du\u0308nyaca u\u0308nlu\u0308 sucu\u011fumuz<\/title>\n<meta name=\"robots\" content=\"index, follow, max-snippet:-1, max-image-preview:large, max-video-preview:-1\" \/>\n<link rel=\"canonical\" href=\"https:\/\/www.egetuerk.de\/tr\/egetuerk\/sucuk\/\" \/>\n<meta property=\"og:locale\" content=\"tr_TR\" \/>\n<meta property=\"og:type\" content=\"article\" \/>\n<meta property=\"og:title\" content=\"Egetu\u0308rk Sucuk | Du\u0308nyaca u\u0308nlu\u0308 sucu\u011fumuz\" \/>\n<meta property=\"og:description\" content=\"\u00dcst\u00fcn kalite et , se\u00e7kin baharat ve taze sar\u0131msakla harmanlad\u0131\u011f\u0131m\u0131z Eget\u00fcrk\u2019\u00fcn bu enfes klasi\u011fini deneyenler asla vazge\u00e7emiyor. E\u015fsiz tad\u0131 ve m\u00fckemmel kalitesi ile Eget\u00fcrk Sucuk y\u0131llard\u0131r sofralar\u0131m\u0131z\u0131n ba\u015f k\u00f6\u015fesindedir...\" \/>\n<meta property=\"og:url\" content=\"https:\/\/www.egetuerk.de\/tr\/egetuerk\/sucuk\/\" \/>\n<meta property=\"og:site_name\" content=\"Eget\u00fcrk\" \/>\n<meta property=\"article:modified_time\" content=\"2022-01-10T17:20:16+00:00\" \/>\n<meta property=\"og:image\" content=\"https:\/\/www.egetuerk.de\/wp-content\/uploads\/2018\/12\/egetuerk-sucuk.png\" \/>\n\t<meta property=\"og:image:width\" content=\"234\" \/>\n\t<meta property=\"og:image:height\" content=\"240\" \/>\n\t<meta property=\"og:image:type\" content=\"image\/png\" \/>\n<meta name=\"twitter:card\" content=\"summary_large_image\" \/>\n<meta name=\"twitter:label1\" content=\"Tahmini okuma s\u00fcresi\" \/>\n\t<meta name=\"twitter:data1\" content=\"1 dakika\" \/>\n<script type=\"application\/ld+json\" class=\"yoast-schema-graph\">{\"@context\":\"https:\/\/schema.org\",\"@graph\":[{\"@type\":\"WebPage\",\"@id\":\"https:\/\/www.egetuerk.de\/tr\/egetuerk\/sucuk\/\",\"url\":\"https:\/\/www.egetuerk.de\/tr\/egetuerk\/sucuk\/\",\"name\":\"Egetu\u0308rk Sucuk | Du\u0308nyaca u\u0308nlu\u0308 sucu\u011fumuz\",\"isPartOf\":{\"@id\":\"https:\/\/www.egetuerk.de\/#website\"},\"primaryImageOfPage\":{\"@id\":\"https:\/\/www.egetuerk.de\/tr\/egetuerk\/sucuk\/#primaryimage\"},\"image\":{\"@id\":\"https:\/\/www.egetuerk.de\/tr\/egetuerk\/sucuk\/#primaryimage\"},\"thumbnailUrl\":\"https:\/\/www.egetuerk.de\/wp-content\/uploads\/2018\/12\/egetuerk-sucuk.png\",\"datePublished\":\"2019-01-04T09:25:58+00:00\",\"dateModified\":\"2022-01-10T17:20:16+00:00\",\"breadcrumb\":{\"@id\":\"https:\/\/www.egetuerk.de\/tr\/egetuerk\/sucuk\/#breadcrumb\"},\"inLanguage\":\"tr\",\"potentialAction\":[{\"@type\":\"ReadAction\",\"target\":[\"https:\/\/www.egetuerk.de\/tr\/egetuerk\/sucuk\/\"]}]},{\"@type\":\"ImageObject\",\"inLanguage\":\"tr\",\"@id\":\"https:\/\/www.egetuerk.de\/tr\/egetuerk\/sucuk\/#primaryimage\",\"url\":\"https:\/\/www.egetuerk.de\/wp-content\/uploads\/2018\/12\/egetuerk-sucuk.png\",\"contentUrl\":\"https:\/\/www.egetuerk.de\/wp-content\/uploads\/2018\/12\/egetuerk-sucuk.png\",\"width\":234,\"height\":240},{\"@type\":\"BreadcrumbList\",\"@id\":\"https:\/\/www.egetuerk.de\/tr\/egetuerk\/sucuk\/#breadcrumb\",\"itemListElement\":[{\"@type\":\"ListItem\",\"position\":1,\"name\":\"Startseite\",\"item\":\"https:\/\/www.egetuerk.de\/tr\/\"},{\"@type\":\"ListItem\",\"position\":2,\"name\":\"Eget\u00fcrk\",\"item\":\"https:\/\/www.egetuerk.de\/tr\/egetuerk\/\"},{\"@type\":\"ListItem\",\"position\":3,\"name\":\"Sucuk\"}]},{\"@type\":\"WebSite\",\"@id\":\"https:\/\/www.egetuerk.de\/#website\",\"url\":\"https:\/\/www.egetuerk.de\/\",\"name\":\"Eget\u00fcrk\",\"description\":\"\",\"potentialAction\":[{\"@type\":\"SearchAction\",\"target\":{\"@type\":\"EntryPoint\",\"urlTemplate\":\"https:\/\/www.egetuerk.de\/?s={search_term_string}\"},\"query-input\":{\"@type\":\"PropertyValueSpecification\",\"valueRequired\":true,\"valueName\":\"search_term_string\"}}],\"inLanguage\":\"tr\"}]}<\/script>\n<!-- \/ Yoast SEO plugin. -->","yoast_head_json":{"title":"Egetu\u0308rk Sucuk | Du\u0308nyaca u\u0308nlu\u0308 sucu\u011fumuz","robots":{"index":"index","follow":"follow","max-snippet":"max-snippet:-1","max-image-preview":"max-image-preview:large","max-video-preview":"max-video-preview:-1"},"canonical":"https:\/\/www.egetuerk.de\/tr\/egetuerk\/sucuk\/","og_locale":"tr_TR","og_type":"article","og_title":"Egetu\u0308rk Sucuk | Du\u0308nyaca u\u0308nlu\u0308 sucu\u011fumuz","og_description":"\u00dcst\u00fcn kalite et , se\u00e7kin baharat ve taze sar\u0131msakla harmanlad\u0131\u011f\u0131m\u0131z Eget\u00fcrk\u2019\u00fcn bu enfes klasi\u011fini deneyenler asla vazge\u00e7emiyor. E\u015fsiz tad\u0131 ve m\u00fckemmel kalitesi ile Eget\u00fcrk Sucuk y\u0131llard\u0131r sofralar\u0131m\u0131z\u0131n ba\u015f k\u00f6\u015fesindedir...","og_url":"https:\/\/www.egetuerk.de\/tr\/egetuerk\/sucuk\/","og_site_name":"Eget\u00fcrk","article_modified_time":"2022-01-10T17:20:16+00:00","og_image":[{"width":234,"height":240,"url":"https:\/\/www.egetuerk.de\/wp-content\/uploads\/2018\/12\/egetuerk-sucuk.png","type":"image\/png"}],"twitter_card":"summary_large_image","twitter_misc":{"Tahmini okuma s\u00fcresi":"1 dakika"},"schema":{"@context":"https:\/\/schema.org","@graph":[{"@type":"WebPage","@id":"https:\/\/www.egetuerk.de\/tr\/egetuerk\/sucuk\/","url":"https:\/\/www.egetuerk.de\/tr\/egetuerk\/sucuk\/","name":"Egetu\u0308rk Sucuk | Du\u0308nyaca u\u0308nlu\u0308 sucu\u011fumuz","isPartOf":{"@id":"https:\/\/www.egetuerk.de\/#website"},"primaryImageOfPage":{"@id":"https:\/\/www.egetuerk.de\/tr\/egetuerk\/sucuk\/#primaryimage"},"image":{"@id":"https:\/\/www.egetuerk.de\/tr\/egetuerk\/sucuk\/#primaryimage"},"thumbnailUrl":"https:\/\/www.egetuerk.de\/wp-content\/uploads\/2018\/12\/egetuerk-sucuk.png","datePublished":"2019-01-04T09:25:58+00:00","dateModified":"2022-01-10T17:20:16+00:00","breadcrumb":{"@id":"https:\/\/www.egetuerk.de\/tr\/egetuerk\/sucuk\/#breadcrumb"},"inLanguage":"tr","potentialAction":[{"@type":"ReadAction","target":["https:\/\/www.egetuerk.de\/tr\/egetuerk\/sucuk\/"]}]},{"@type":"ImageObject","inLanguage":"tr","@id":"https:\/\/www.egetuerk.de\/tr\/egetuerk\/sucuk\/#primaryimage","url":"https:\/\/www.egetuerk.de\/wp-content\/uploads\/2018\/12\/egetuerk-sucuk.png","contentUrl":"https:\/\/www.egetuerk.de\/wp-content\/uploads\/2018\/12\/egetuerk-sucuk.png","width":234,"height":240},{"@type":"BreadcrumbList","@id":"https:\/\/www.egetuerk.de\/tr\/egetuerk\/sucuk\/#breadcrumb","itemListElement":[{"@type":"ListItem","position":1,"name":"Startseite","item":"https:\/\/www.egetuerk.de\/tr\/"},{"@type":"ListItem","position":2,"name":"Eget\u00fcrk","item":"https:\/\/www.egetuerk.de\/tr\/egetuerk\/"},{"@type":"ListItem","position":3,"name":"Sucuk"}]},{"@type":"WebSite","@id":"https:\/\/www.egetuerk.de\/#website","url":"https:\/\/www.egetuerk.de\/","name":"Eget\u00fcrk","description":"","potentialAction":[{"@type":"SearchAction","target":{"@type":"EntryPoint","urlTemplate":"https:\/\/www.egetuerk.de\/?s={search_term_string}"},"query-input":{"@type":"PropertyValueSpecification","valueRequired":true,"valueName":"search_term_string"}}],"inLanguage":"tr"}]}},"_links":{"self":[{"href":"https:\/\/www.egetuerk.de\/tr\/wp-json\/wp\/v2\/pages\/4048","targetHints":{"allow":["GET"]}}],"collection":[{"href":"https:\/\/www.egetuerk.de\/tr\/wp-json\/wp\/v2\/pages"}],"about":[{"href":"https:\/\/www.egetuerk.de\/tr\/wp-json\/wp\/v2\/types\/page"}],"author":[{"embeddable":true,"href":"https:\/\/www.egetuerk.de\/tr\/wp-json\/wp\/v2\/users\/1"}],"replies":[{"embeddable":true,"href":"https:\/\/www.egetuerk.de\/tr\/wp-json\/wp\/v2\/comments?post=4048"}],"version-history":[{"count":78,"href":"https:\/\/www.egetuerk.de\/tr\/wp-json\/wp\/v2\/pages\/4048\/revisions"}],"predecessor-version":[{"id":115994,"href":"https:\/\/www.egetuerk.de\/tr\/wp-json\/wp\/v2\/pages\/4048\/revisions\/115994"}],"up":[{"embeddable":true,"href":"https:\/\/www.egetuerk.de\/tr\/wp-json\/wp\/v2\/pages\/4045"}],"wp:featuredmedia":[{"embeddable":true,"href":"https:\/\/www.egetuerk.de\/tr\/wp-json\/wp\/v2\/media\/3420"}],"wp:attachment":[{"href":"https:\/\/www.egetuerk.de\/tr\/wp-json\/wp\/v2\/media?parent=4048"}],"curies":[{"name":"wp","href":"https:\/\/api.w.org\/{rel}","templated":true}]}}