{"id":4047,"date":"2019-01-04T10:25:43","date_gmt":"2019-01-04T09:25:43","guid":{"rendered":"https:\/\/egetuerk.vorschau.xyz\/egetuerk\/wurst\/"},"modified":"2022-01-10T18:22:12","modified_gmt":"2022-01-10T17:22:12","slug":"salam","status":"publish","type":"page","link":"https:\/\/www.egetuerk.de\/tr\/egetuerk\/salam\/","title":{"rendered":"Salam"},"content":{"rendered":"\n\t\t\t\t<img loading=\"lazy\" decoding=\"async\" src=\"https:\/\/www.egetuerk.de\/wp-content\/uploads\/2018\/12\/salam.png\" alt=\"salam\" itemprop=\"image\" height=\"800\" width=\"986\" title=\"salam\" onerror=\"this.style.display='none'\"  \/>\n<h3>\n\t\tEget\u00fcrk salamlar\u0131&#8230; Her diliminde ayr\u0131 bir lezzet sakl\u0131!\n\t<\/h3>\n\t<p>Tavuklu, hindili, s\u0131\u011f\u0131r veya kuzu etli, biberli antep, f\u0131st\u0131kl\u0131, peynirli. Eget\u00fcrk g\u00f6nl\u00fcn\u00fczce t\u00fcketebilece\u011finiz her dama\u011fa uygun salam \u00e7e\u015fitleriyle sofralar\u0131n\u0131zda.<\/p>\n<p>Kahvalt\u0131lar\u0131n\u0131zdan salatalar\u0131n\u0131za, pizzalar\u0131n\u0131zdan sandvi\u00e7lerinize e\u015flik edecek bir Eget\u00fcrk salam ile \u00f6\u011f\u00fcnlerinizi bir \u015f\u00f6lene d\u00f6n\u00fc\u015ft\u00fcrmek ister misiniz?<\/p>\n\t <video autoplay loop muted>\n  <source src=\"https:\/\/www.egetuerk.de\/wp-content\/uploads\/2019\/02\/01-salam-1.mp4\">\n<\/video> \n    <img decoding=\"async\" src=\"https:\/\/www.egetuerk.de\/wp-content\/themes\/egetuerk-child\/files\/angle-left.svg\" \/> \n    <img decoding=\"async\" src=\"https:\/\/www.egetuerk.de\/wp-content\/themes\/egetuerk-child\/files\/angle-right.svg\" \/>\n        <p><h2>Salaml\u0131 kahvalt\u0131l\u0131klar&#8230;<\/h2><img decoding=\"async\" src=\"https:\/\/app.egetuerk.de\/media\/recipes\/47\/1\/Egetuerk_Fleischwurst_Pistazie_SERVIERVORSCHLAG.jpg\" ><h2>Salaml\u0131 kahvalt\u0131l\u0131klar&#8230;<\/h2><img decoding=\"async\" src=\"https:\/\/app.egetuerk.de\/media\/recipes\/46\/1\/Egetuerk_Fleischwurst_PAPRIKA_SERVIERVORSCHLAG.jpg\" ><h2>Salaml\u0131 kahvalt\u0131l\u0131klar&#8230;<\/h2><img decoding=\"async\" src=\"https:\/\/app.egetuerk.de\/media\/recipes\/23\/1\/kervan_1600.jpg\" ><h2>Salaml\u0131 kahvalt\u0131l\u0131klar&#8230;<\/h2><img decoding=\"async\" src=\"https:\/\/app.egetuerk.de\/media\/recipes\/13\/1\/dilim_tavuksefasi_1600.jpg\" ><h2>Salaml\u0131 kahvalt\u0131l\u0131klar&#8230;<\/h2><img decoding=\"async\" src=\"https:\/\/app.egetuerk.de\/media\/recipes\/39\/1\/tavuksefasi_1600.jpg\" ><h2>Nefis sandvi\u00e7ler&#8230;<\/h2><img decoding=\"async\" src=\"https:\/\/app.egetuerk.de\/media\/recipes\/18\/1\/etap_1600.jpg\" ><h2>Salaml\u0131 kahvalt\u0131l\u0131klar&#8230;<\/h2><img decoding=\"async\" src=\"https:\/\/app.egetuerk.de\/media\/recipes\/24\/1\/mehtap_1600.jpg\" ><h2>Salaml\u0131 kahvalt\u0131l\u0131klar&#8230;<\/h2><img decoding=\"async\" src=\"https:\/\/app.egetuerk.de\/media\/recipes\/6\/1\/brot_1600.jpg\" ><h2>Nefis sucuklu yumurta!<\/h2><img decoding=\"async\" src=\"https:\/\/app.egetuerk.de\/media\/recipes\/19\/1\/kangal_1600.jpg\" ><h2>Sucuklu omletler&#8230;<\/h2><img decoding=\"async\" src=\"https:\/\/app.egetuerk.de\/media\/recipes\/27\/1\/omlett_1600.jpg\" ><h2>Nefis sucuklu pideler&#8230;<\/h2><img decoding=\"async\" src=\"https:\/\/app.egetuerk.de\/media\/recipes\/36\/1\/pide_1600.jpg\" ><h2>Sucuklu tostlar&#8230;<\/h2><img decoding=\"async\" src=\"https:\/\/app.egetuerk.de\/media\/recipes\/25\/1\/mera_1600.jpg\" ><h2>Sucuklu enfes pizzalar!<\/h2><img decoding=\"async\" src=\"https:\/\/app.egetuerk.de\/media\/recipes\/33\/1\/pizza_1600.jpg\" ><h2>Sucuklu tostlar&#8230;<\/h2><img decoding=\"async\" src=\"https:\/\/app.egetuerk.de\/media\/recipes\/41\/1\/toast_1600.jpg\" ><h2>Sucuklu enfes pizzalar!<\/h2><img decoding=\"async\" src=\"https:\/\/app.egetuerk.de\/media\/recipes\/21\/1\/imren_1600.jpg\" ><h2>Sucuklu enfes pizzalar!<\/h2><img decoding=\"async\" src=\"https:\/\/app.egetuerk.de\/media\/recipes\/15\/1\/egem_1600.jpg\" ><h2>Salaml\u0131 kahvalt\u0131l\u0131klar&#8230;<\/h2><img decoding=\"async\" src=\"https:\/\/app.egetuerk.de\/media\/recipes\/26\/1\/oezlem_1600.jpg\" ><h2>Sa\u011fl\u0131kl\u0131\u00a0ve doyurucu salatalar&#8230;<\/h2><img decoding=\"async\" src=\"https:\/\/app.egetuerk.de\/media\/recipes\/10\/1\/ciftlik_salat_1600.jpg\" ><h2>Nefis sandvi\u00e7ler&#8230;<\/h2><img decoding=\"async\" src=\"https:\/\/app.egetuerk.de\/media\/recipes\/4\/1\/bereket_1600.jpg\" ><h2>Salaml\u0131 kahvalt\u0131l\u0131klar&#8230;<\/h2><img decoding=\"async\" src=\"https:\/\/app.egetuerk.de\/media\/recipes\/11\/1\/dilim_saraysefasi_1600.jpg\" ><h2>Salaml\u0131 kahvalt\u0131l\u0131klar&#8230;<\/h2><img decoding=\"async\" src=\"https:\/\/app.egetuerk.de\/media\/recipes\/16\/1\/elif_1600.jpg\" ><h2>Sucuklu enfes pizzalar!<\/h2><img decoding=\"async\" src=\"https:\/\/app.egetuerk.de\/media\/recipes\/8\/1\/ciftlik_1600.jpg\" ><h2>Salaml\u0131 kahvalt\u0131l\u0131klar&#8230;<\/h2><img decoding=\"async\" src=\"https:\/\/app.egetuerk.de\/media\/recipes\/38\/1\/tavuk_1600.jpg\" ><\/p><h2>Sa\u011fl\u0131kl\u0131\u00a0ve doyurucu salatalar&#8230;<\/h2><img decoding=\"async\" src=\"https:\/\/app.egetuerk.de\/media\/recipes\/40\/1\/tavuksefasi2_1600.jpg\" >    \n                Eget\u00fcrk Salam\n                <h2>Salam \u00e7e\u015fitlerimiz<\/h2>\n                                \u00dcr\u00fcn i\u00e7eri\u011fi:\n                                    <a href=\"#\" role=\"button\" id=\"dropdown-fleischart\" data-toggle=\"dropdown\" aria-haspopup=\"true\" aria-expanded=\"false\">\n                                        Tu\u0308mu\u0308\n                                    <\/a>\n                                        <a data-taxonomy=\"fleischart\" data-filter=\"all\" href=\"#\">Tu\u0308mu\u0308<\/a><a data-taxonomy=\"fleischart\" data-filter=\"sigir\" href=\"#\">S\u0131\u011f\u0131r<\/a><a data-taxonomy=\"fleischart\" data-filter=\"tavuk-hindi\" href=\"#\">Tavuk-Hindi<\/a><a data-taxonomy=\"fleischart\" data-filter=\"gefluegel\" href=\"#\">Gefl\u00fcgel<\/a><a data-taxonomy=\"fleischart\" data-filter=\"rindfleisch\" href=\"#\">Rindfleisch<\/a><a data-taxonomy=\"fleischart\" data-filter=\"hindi\" href=\"#\">Hindi<\/a><a data-taxonomy=\"fleischart\" data-filter=\"truthahn\" href=\"#\">Truthahn<\/a>\n        <a href=\"https:\/\/www.egetuerk.de\/tr\/\u00fcr\u00fcn\/fistik-sefasi\/\"><img decoding=\"async\" src=\"https:\/\/app.egetuerk.de\/media\/product\/56\/FistikSefasi.png\" alt=\"FISTIK SEFASI\"><\/a><a href=\"https:\/\/www.egetuerk.de\/tr\/\u00fcr\u00fcn\/biber-sefasi\/\"><img decoding=\"async\" src=\"https:\/\/app.egetuerk.de\/media\/product\/55\/BiberSefasi.png\" alt=\"BiBER SEFASI\"><\/a><a href=\"https:\/\/www.egetuerk.de\/tr\/\u00fcr\u00fcn\/derya-dilim-hindi-salam\/\"><img decoding=\"async\" src=\"https:\/\/app.egetuerk.de\/media\/product\/31\/Derya.png\" alt=\"DERYA D\u0130L\u0130M H\u0130ND\u0130 SALAM\"><\/a><a href=\"https:\/\/www.egetuerk.de\/tr\/\u00fcr\u00fcn\/gurbuz-dilim-tavuk-salam\/\"><img decoding=\"async\" src=\"https:\/\/app.egetuerk.de\/media\/product\/30\/Gu%CC%88rbu%CC%88z.png\" alt=\"G\u00dcRB\u00dcZ D\u0130L\u0130M TAVUK SALAM\"><\/a><a href=\"https:\/\/www.egetuerk.de\/tr\/\u00fcr\u00fcn\/tadim-dilim-sigir-salam\/\"><img decoding=\"async\" src=\"https:\/\/app.egetuerk.de\/media\/product\/28\/Tadim.png\" alt=\"TADIM D\u0130L\u0130M SI\u011eIR SALAM\"><\/a><a href=\"https:\/\/www.egetuerk.de\/tr\/\u00fcr\u00fcn\/mehtap-dilim-biberli-sigir-salam\/\"><img decoding=\"async\" src=\"https:\/\/app.egetuerk.de\/media\/product\/29\/Mehtap.png\" alt=\"MEHTAP D\u0130L\u0130M B\u0130BERL\u0130 SI\u011eIR SALAM\"><\/a><a href=\"https:\/\/www.egetuerk.de\/tr\/\u00fcr\u00fcn\/gokturk-dilim-macar-tipi-hindi-salam\/\"><img decoding=\"async\" src=\"https:\/\/app.egetuerk.de\/media\/product\/27\/27.png\" alt=\"G\u00d6KT\u00dcRK D\u0130L\u0130M MACAR T\u0130P\u0130 H\u0130ND\u0130 SALAM\"><\/a><a href=\"https:\/\/www.egetuerk.de\/tr\/\u00fcr\u00fcn\/erturk-dilim-macar-tipi-sigir-salam\/\"><img decoding=\"async\" src=\"https:\/\/app.egetuerk.de\/media\/product\/26\/26.png\" alt=\"ERT\u00dcRK D\u0130L\u0130M MACAR T\u0130P\u0130 SI\u011eIR SALAM\"><\/a><a href=\"https:\/\/www.egetuerk.de\/tr\/\u00fcr\u00fcn\/dalyan-dilim-macar-tipi-sigir-salam\/\"><img decoding=\"async\" src=\"https:\/\/app.egetuerk.de\/media\/product\/21\/Dalyan.png\" alt=\"DALYAN D\u0130L\u0130M MACAR T\u0130P\u0130 SI\u011eIR SALAM\"><\/a><a href=\"https:\/\/www.egetuerk.de\/tr\/\u00fcr\u00fcn\/ozlem-dilim-macar-tipi-hindi-salam\/\"><img decoding=\"async\" src=\"https:\/\/app.egetuerk.de\/media\/product\/22\/O%CC%88zlem.png\" alt=\"\u00d6ZLEM D\u0130L\u0130M MACAR T\u0130P\u0130 H\u0130ND\u0130 SALAM\"><\/a><a href=\"https:\/\/www.egetuerk.de\/tr\/\u00fcr\u00fcn\/ciftlik-sefasi-dilim-hindi-gogsu\/\"><img decoding=\"async\" src=\"https:\/\/app.egetuerk.de\/media\/product\/20\/43_Ciftlik.png\" alt=\"\u00c7\u0130FTL\u0130K SEFASI D\u0130L\u0130M H\u0130ND\u0130 G\u00d6\u011eS\u00dc\"><\/a><a href=\"https:\/\/www.egetuerk.de\/tr\/\u00fcr\u00fcn\/dilim-saray-sefasi-sigir-salam\/\"><img decoding=\"async\" src=\"https:\/\/app.egetuerk.de\/media\/product\/17\/14_SaraySefasi.png\" alt=\"D\u0130L\u0130M SARAY SEFASI SI\u011eIR SALAM\"><\/a><a href=\"https:\/\/www.egetuerk.de\/tr\/\u00fcr\u00fcn\/bereket-dilim-hindi-sogus\/\"><img decoding=\"async\" src=\"https:\/\/app.egetuerk.de\/media\/product\/19\/38_Bereket.png\" alt=\"BEREKET D\u0130L\u0130M H\u0130ND\u0130 S\u00d6\u011e\u00dc\u015e\"><\/a><a href=\"https:\/\/www.egetuerk.de\/tr\/\u00fcr\u00fcn\/dilim-tavuk-sefasi-tavuk-salam\/\"><img decoding=\"async\" src=\"https:\/\/app.egetuerk.de\/media\/product\/16\/13_TavukSefasi.png\" alt=\"D\u0130L\u0130M TAVUK SEFASI TAVUK SALAM\"><\/a><a href=\"https:\/\/www.egetuerk.de\/tr\/\u00fcr\u00fcn\/elif-fistikli-sigir-salam\/\"><img decoding=\"async\" src=\"https:\/\/app.egetuerk.de\/media\/product\/15\/Elif500g.png\" alt=\"EL\u0130F FISTIKLI SI\u011eIR SALAM\"><\/a><a href=\"https:\/\/www.egetuerk.de\/tr\/\u00fcr\u00fcn\/tavuk-sefasi-tavuk-salam\/\"><img decoding=\"async\" src=\"https:\/\/app.egetuerk.de\/media\/product\/14\/TavukSefasi500g.png\" alt=\"TAVUK SEFASI TAVUK SALAM\"><\/a><a href=\"https:\/\/www.egetuerk.de\/tr\/\u00fcr\u00fcn\/saray-sefasi-sigir-salam\/\"><img decoding=\"async\" src=\"https:\/\/app.egetuerk.de\/media\/product\/13\/SaraySefasi500g.png\" alt=\"SARAY SEFASI SI\u011eIR SALAM\"><\/a>    \n\t\t\t\t<img loading=\"lazy\" decoding=\"async\" src=\"https:\/\/www.egetuerk.de\/wp-content\/uploads\/2018\/08\/logo.svg\" alt=\"logo\" itemprop=\"image\" height=\"690\" width=\"1024\" title=\"logo\" onerror=\"this.style.display='none'\"  \/>\n<h3>\n\t\t<br> \n\t<\/h3>\n\t<strong>EGET\u00dcRK <\/strong><strong>WURST- UND<\/strong><br \/>\n<strong>FLEISCHWAREN\u00adFABRIKATION<\/strong><br \/>\n<strong>GMBH &amp; CO. KG<\/strong>\n<h3>\n\t\tAdres\n\t<\/h3>\n\tFeldkasseler Weg 5<br \/>\n50769 K\u00f6ln<br \/>\nAlmanya\n<h3>\n\t\t\u0130leti\u015fim\n\t<\/h3>\n\tTelefon: +49 (0) 221 \/ 709 29 &#8211; 0<br \/>\nFaks: +49 (0) 221 \/ 700 23 78<br \/>\nE-Posta: <strong><a href=\"mailto:info@egetuerk.de\">info@egetuerk.de<\/a><\/strong>\n\t<p>\u00a9 2026. T\u00fcm haklar\u0131 sakl\u0131d\u0131r. <div class=\"menu-footer_legal-tuerkisch-container\"><ul id=\"menu-footer_legal-tuerkisch\" class=\"menu\"><li id=\"menu-item-4061\" class=\"menu-item menu-item-type-post_type menu-item-object-page menu-item-4061\"><a href=\"https:\/\/www.egetuerk.de\/tr\/yasal-bilgiler\/\">Yasal Bilgiler<\/a><\/li>\n<li id=\"menu-item-4062\" class=\"menu-item menu-item-type-post_type menu-item-object-page menu-item-4062\"><a href=\"https:\/\/www.egetuerk.de\/tr\/guevenlik-ve-gizlilik\/\">G\u00fcvenlik ve Gizlilik<\/a><\/li>\n<\/ul><\/div><\/p>\n","protected":false},"excerpt":{"rendered":"<p>Kahvalt\u0131, g\u00fcn\u00fcn en \u00f6nemli \u00f6\u011f\u00fcn\u00fcd\u00fcr. Buram buram kokan s\u0131cac\u0131k bir ekme\u011fe lezzetli salamlar\u0131m\u0131z e\u015flik edince o kahvalt\u0131dan kalkmak istemezsiniz&#8230;<\/p>\n","protected":false},"author":1,"featured_media":3426,"parent":4045,"menu_order":0,"comment_status":"closed","ping_status":"closed","template":"","meta":{"_acf_changed":false,"inline_featured_image":false,"footnotes":""},"class_list":["post-4047","page","type-page","status-publish","has-post-thumbnail","hentry"],"acf":[],"yoast_head":"<!-- This site is optimized with the Yoast SEO plugin v27.2 - https:\/\/yoast.com\/product\/yoast-seo-wordpress\/ -->\n<title>Egetu\u0308rk Salam | Her diliminde ayr\u0131 bir lezzet<\/title>\n<meta name=\"robots\" content=\"index, follow, max-snippet:-1, max-image-preview:large, max-video-preview:-1\" \/>\n<link rel=\"canonical\" href=\"https:\/\/www.egetuerk.de\/tr\/egetuerk\/salam\/\" \/>\n<meta property=\"og:locale\" content=\"tr_TR\" \/>\n<meta property=\"og:type\" content=\"article\" \/>\n<meta property=\"og:title\" content=\"Egetu\u0308rk Salam | Her diliminde ayr\u0131 bir lezzet\" \/>\n<meta property=\"og:description\" content=\"Kahvalt\u0131, g\u00fcn\u00fcn en \u00f6nemli \u00f6\u011f\u00fcn\u00fcd\u00fcr. Buram buram kokan s\u0131cac\u0131k bir ekme\u011fe lezzetli salamlar\u0131m\u0131z e\u015flik edince o kahvalt\u0131dan kalkmak istemezsiniz...\" \/>\n<meta property=\"og:url\" content=\"https:\/\/www.egetuerk.de\/tr\/egetuerk\/salam\/\" \/>\n<meta property=\"og:site_name\" content=\"Eget\u00fcrk\" \/>\n<meta property=\"article:modified_time\" content=\"2022-01-10T17:22:12+00:00\" \/>\n<meta property=\"og:image\" content=\"https:\/\/www.egetuerk.de\/wp-content\/uploads\/2018\/12\/egetuerk-wurst.png\" \/>\n\t<meta property=\"og:image:width\" content=\"228\" \/>\n\t<meta property=\"og:image:height\" content=\"260\" \/>\n\t<meta property=\"og:image:type\" content=\"image\/png\" \/>\n<meta name=\"twitter:card\" content=\"summary_large_image\" \/>\n<meta name=\"twitter:label1\" content=\"Tahmini okuma s\u00fcresi\" \/>\n\t<meta name=\"twitter:data1\" content=\"1 dakika\" \/>\n<script type=\"application\/ld+json\" class=\"yoast-schema-graph\">{\"@context\":\"https:\/\/schema.org\",\"@graph\":[{\"@type\":\"WebPage\",\"@id\":\"https:\/\/www.egetuerk.de\/tr\/egetuerk\/salam\/\",\"url\":\"https:\/\/www.egetuerk.de\/tr\/egetuerk\/salam\/\",\"name\":\"Egetu\u0308rk Salam | Her diliminde ayr\u0131 bir lezzet\",\"isPartOf\":{\"@id\":\"https:\/\/www.egetuerk.de\/#website\"},\"primaryImageOfPage\":{\"@id\":\"https:\/\/www.egetuerk.de\/tr\/egetuerk\/salam\/#primaryimage\"},\"image\":{\"@id\":\"https:\/\/www.egetuerk.de\/tr\/egetuerk\/salam\/#primaryimage\"},\"thumbnailUrl\":\"https:\/\/www.egetuerk.de\/wp-content\/uploads\/2018\/12\/egetuerk-wurst.png\",\"datePublished\":\"2019-01-04T09:25:43+00:00\",\"dateModified\":\"2022-01-10T17:22:12+00:00\",\"breadcrumb\":{\"@id\":\"https:\/\/www.egetuerk.de\/tr\/egetuerk\/salam\/#breadcrumb\"},\"inLanguage\":\"tr\",\"potentialAction\":[{\"@type\":\"ReadAction\",\"target\":[\"https:\/\/www.egetuerk.de\/tr\/egetuerk\/salam\/\"]}]},{\"@type\":\"ImageObject\",\"inLanguage\":\"tr\",\"@id\":\"https:\/\/www.egetuerk.de\/tr\/egetuerk\/salam\/#primaryimage\",\"url\":\"https:\/\/www.egetuerk.de\/wp-content\/uploads\/2018\/12\/egetuerk-wurst.png\",\"contentUrl\":\"https:\/\/www.egetuerk.de\/wp-content\/uploads\/2018\/12\/egetuerk-wurst.png\",\"width\":228,\"height\":260},{\"@type\":\"BreadcrumbList\",\"@id\":\"https:\/\/www.egetuerk.de\/tr\/egetuerk\/salam\/#breadcrumb\",\"itemListElement\":[{\"@type\":\"ListItem\",\"position\":1,\"name\":\"Startseite\",\"item\":\"https:\/\/www.egetuerk.de\/tr\/\"},{\"@type\":\"ListItem\",\"position\":2,\"name\":\"Eget\u00fcrk\",\"item\":\"https:\/\/www.egetuerk.de\/tr\/egetuerk\/\"},{\"@type\":\"ListItem\",\"position\":3,\"name\":\"Salam\"}]},{\"@type\":\"WebSite\",\"@id\":\"https:\/\/www.egetuerk.de\/#website\",\"url\":\"https:\/\/www.egetuerk.de\/\",\"name\":\"Eget\u00fcrk\",\"description\":\"\",\"potentialAction\":[{\"@type\":\"SearchAction\",\"target\":{\"@type\":\"EntryPoint\",\"urlTemplate\":\"https:\/\/www.egetuerk.de\/?s={search_term_string}\"},\"query-input\":{\"@type\":\"PropertyValueSpecification\",\"valueRequired\":true,\"valueName\":\"search_term_string\"}}],\"inLanguage\":\"tr\"}]}<\/script>\n<!-- \/ Yoast SEO plugin. -->","yoast_head_json":{"title":"Egetu\u0308rk Salam | Her diliminde ayr\u0131 bir lezzet","robots":{"index":"index","follow":"follow","max-snippet":"max-snippet:-1","max-image-preview":"max-image-preview:large","max-video-preview":"max-video-preview:-1"},"canonical":"https:\/\/www.egetuerk.de\/tr\/egetuerk\/salam\/","og_locale":"tr_TR","og_type":"article","og_title":"Egetu\u0308rk Salam | Her diliminde ayr\u0131 bir lezzet","og_description":"Kahvalt\u0131, g\u00fcn\u00fcn en \u00f6nemli \u00f6\u011f\u00fcn\u00fcd\u00fcr. Buram buram kokan s\u0131cac\u0131k bir ekme\u011fe lezzetli salamlar\u0131m\u0131z e\u015flik edince o kahvalt\u0131dan kalkmak istemezsiniz...","og_url":"https:\/\/www.egetuerk.de\/tr\/egetuerk\/salam\/","og_site_name":"Eget\u00fcrk","article_modified_time":"2022-01-10T17:22:12+00:00","og_image":[{"width":228,"height":260,"url":"https:\/\/www.egetuerk.de\/wp-content\/uploads\/2018\/12\/egetuerk-wurst.png","type":"image\/png"}],"twitter_card":"summary_large_image","twitter_misc":{"Tahmini okuma s\u00fcresi":"1 dakika"},"schema":{"@context":"https:\/\/schema.org","@graph":[{"@type":"WebPage","@id":"https:\/\/www.egetuerk.de\/tr\/egetuerk\/salam\/","url":"https:\/\/www.egetuerk.de\/tr\/egetuerk\/salam\/","name":"Egetu\u0308rk Salam | Her diliminde ayr\u0131 bir lezzet","isPartOf":{"@id":"https:\/\/www.egetuerk.de\/#website"},"primaryImageOfPage":{"@id":"https:\/\/www.egetuerk.de\/tr\/egetuerk\/salam\/#primaryimage"},"image":{"@id":"https:\/\/www.egetuerk.de\/tr\/egetuerk\/salam\/#primaryimage"},"thumbnailUrl":"https:\/\/www.egetuerk.de\/wp-content\/uploads\/2018\/12\/egetuerk-wurst.png","datePublished":"2019-01-04T09:25:43+00:00","dateModified":"2022-01-10T17:22:12+00:00","breadcrumb":{"@id":"https:\/\/www.egetuerk.de\/tr\/egetuerk\/salam\/#breadcrumb"},"inLanguage":"tr","potentialAction":[{"@type":"ReadAction","target":["https:\/\/www.egetuerk.de\/tr\/egetuerk\/salam\/"]}]},{"@type":"ImageObject","inLanguage":"tr","@id":"https:\/\/www.egetuerk.de\/tr\/egetuerk\/salam\/#primaryimage","url":"https:\/\/www.egetuerk.de\/wp-content\/uploads\/2018\/12\/egetuerk-wurst.png","contentUrl":"https:\/\/www.egetuerk.de\/wp-content\/uploads\/2018\/12\/egetuerk-wurst.png","width":228,"height":260},{"@type":"BreadcrumbList","@id":"https:\/\/www.egetuerk.de\/tr\/egetuerk\/salam\/#breadcrumb","itemListElement":[{"@type":"ListItem","position":1,"name":"Startseite","item":"https:\/\/www.egetuerk.de\/tr\/"},{"@type":"ListItem","position":2,"name":"Eget\u00fcrk","item":"https:\/\/www.egetuerk.de\/tr\/egetuerk\/"},{"@type":"ListItem","position":3,"name":"Salam"}]},{"@type":"WebSite","@id":"https:\/\/www.egetuerk.de\/#website","url":"https:\/\/www.egetuerk.de\/","name":"Eget\u00fcrk","description":"","potentialAction":[{"@type":"SearchAction","target":{"@type":"EntryPoint","urlTemplate":"https:\/\/www.egetuerk.de\/?s={search_term_string}"},"query-input":{"@type":"PropertyValueSpecification","valueRequired":true,"valueName":"search_term_string"}}],"inLanguage":"tr"}]}},"_links":{"self":[{"href":"https:\/\/www.egetuerk.de\/tr\/wp-json\/wp\/v2\/pages\/4047","targetHints":{"allow":["GET"]}}],"collection":[{"href":"https:\/\/www.egetuerk.de\/tr\/wp-json\/wp\/v2\/pages"}],"about":[{"href":"https:\/\/www.egetuerk.de\/tr\/wp-json\/wp\/v2\/types\/page"}],"author":[{"embeddable":true,"href":"https:\/\/www.egetuerk.de\/tr\/wp-json\/wp\/v2\/users\/1"}],"replies":[{"embeddable":true,"href":"https:\/\/www.egetuerk.de\/tr\/wp-json\/wp\/v2\/comments?post=4047"}],"version-history":[{"count":30,"href":"https:\/\/www.egetuerk.de\/tr\/wp-json\/wp\/v2\/pages\/4047\/revisions"}],"predecessor-version":[{"id":115996,"href":"https:\/\/www.egetuerk.de\/tr\/wp-json\/wp\/v2\/pages\/4047\/revisions\/115996"}],"up":[{"embeddable":true,"href":"https:\/\/www.egetuerk.de\/tr\/wp-json\/wp\/v2\/pages\/4045"}],"wp:featuredmedia":[{"embeddable":true,"href":"https:\/\/www.egetuerk.de\/tr\/wp-json\/wp\/v2\/media\/3426"}],"wp:attachment":[{"href":"https:\/\/www.egetuerk.de\/tr\/wp-json\/wp\/v2\/media?parent=4047"}],"curies":[{"name":"wp","href":"https:\/\/api.w.org\/{rel}","templated":true}]}}