{"id":4045,"date":"2019-01-04T10:25:06","date_gmt":"2019-01-04T09:25:06","guid":{"rendered":"https:\/\/egetuerk.vorschau.xyz\/egetuerk\/"},"modified":"2022-01-10T18:18:36","modified_gmt":"2022-01-10T17:18:36","slug":"egetuerk","status":"publish","type":"page","link":"https:\/\/www.egetuerk.de\/tr\/egetuerk\/","title":{"rendered":"Eget\u00fcrk"},"content":{"rendered":"\n        <video id=\"video-0\" width=\"100%\" playsinline autoplay muted loop >\n                <source src=\"https:\/\/www.egetuerk.de\/wp-content\/uploads\/2018\/12\/foodmood-1.mp4\" type=\"video\/mp4\">\n              <\/video>    \n    <h3>\n\t\tEget\u00fcrk klasikleri\n\t<\/h3>\n\t<p>Kurulu\u015f y\u0131l\u0131m\u0131z 1966 y\u0131l\u0131ndan bug\u00fcne sucuk, salam, sosis ve past\u0131rmada herbiri art\u0131k klasikle\u015fmi\u015f Eget\u00fcrk \u00fcr\u00fcnleri sofralar\u0131n vazge\u00e7ilmesi olmu\u015ftur.<\/p>\n<p>Kalite, hijyen ve lezzetin birarada oldu\u011fu t\u00fcm \u00fcr\u00fcnlerimiz en \u00fcst\u00fcn teknoloji kullan\u0131larak islami us\u00fcllere g\u00f6re kesilmi\u015f helal etlerden \u00fcretilmektedir.<\/p>\n\t<iframe loading=\"lazy\" width=\"560\" height=\"315\" src=\"https:\/\/www.youtube-nocookie.com\/embed\/Q7prjmmyDqA\" frameborder=\"0\" allow=\"accelerometer; autoplay; encrypted-media; gyroscope; picture-in-picture\" allowfullscreen><\/iframe>\n<!--\n-->\n        Eget\u00fcrk SucukNesillerdir payla\u015f\u0131lan mutluluk&#8230;<a href=\"https:\/\/www.egetuerk.de\/tr\/egetuerk\/sucuk\/\">\u00e7e\u015fitlerimiz<\/a>Eget\u00fcrkEget\u00fcrk SalamHer damak tad\u0131na uygun e\u015fsiz bir lezzet.<a href=\"https:\/\/www.egetuerk.de\/tr\/egetuerk\/salam\/\">\u00e7e\u015fitlerimiz<\/a>Eget\u00fcrkEget\u00fcrk Past\u0131rmaA\u011fz\u0131n\u0131n tad\u0131n\u0131 bilenlerin g\u00f6zdesi.<a href=\"https:\/\/www.egetuerk.de\/tr\/egetuerk\/pastirma\/\">\u00e7e\u015fitlerimiz<\/a>Eget\u00fcrkEget\u00fcrk Sosis\u0130ster at\u0131\u015ft\u0131rmal\u0131k, ister doymal\u0131k: Eget\u00fcrk sosis her zaman leziz!<a href=\"https:\/\/www.egetuerk.de\/tr\/egetuerk\/sosis\/\">\u00e7e\u015fitlerimiz<\/a>    \n                Eget\u00fcrk Markas\u0131\n                <h2>\u00dcr\u00fcn listesi<\/h2>\n                                Kategori:\n                                    <a href=\"#\" role=\"button\" id=\"dropdown-kategorie\" data-toggle=\"dropdown\" aria-haspopup=\"true\" aria-expanded=\"false\">\n                                        Tu\u0308mu\u0308\n                                    <\/a>\n                                        <a data-taxonomy=\"kategorie\" data-filter=\"all\" href=\"#\">Tu\u0308mu\u0308<\/a><a data-taxonomy=\"kategorie\" data-filter=\"salam\" href=\"#\">SALAM<\/a><a data-taxonomy=\"kategorie\" data-filter=\"sosis\" href=\"#\">SOSiS<\/a><a data-taxonomy=\"kategorie\" data-filter=\"sucuk\" href=\"#\">SUCUK<\/a><a data-taxonomy=\"kategorie\" data-filter=\"pastirma\" href=\"#\">PASTIRMA<\/a>\n                                \u00dcr\u00fcn i\u00e7eri\u011fi:\n                                    <a href=\"#\" role=\"button\" id=\"dropdown-fleischart\" data-toggle=\"dropdown\" aria-haspopup=\"true\" aria-expanded=\"false\">\n                                        Tu\u0308mu\u0308\n                                    <\/a>\n                                        <a data-taxonomy=\"fleischart\" data-filter=\"all\" href=\"#\">Tu\u0308mu\u0308<\/a><a data-taxonomy=\"fleischart\" data-filter=\"sigir\" href=\"#\">S\u0131\u011f\u0131r<\/a><a data-taxonomy=\"fleischart\" data-filter=\"tavuk-hindi\" href=\"#\">Tavuk-Hindi<\/a><a data-taxonomy=\"fleischart\" data-filter=\"gefluegel\" href=\"#\">Gefl\u00fcgel<\/a><a data-taxonomy=\"fleischart\" data-filter=\"rindfleisch\" href=\"#\">Rindfleisch<\/a><a data-taxonomy=\"fleischart\" data-filter=\"hindi\" href=\"#\">Hindi<\/a><a data-taxonomy=\"fleischart\" data-filter=\"truthahn\" href=\"#\">Truthahn<\/a>\n        <a href=\"https:\/\/www.egetuerk.de\/tr\/\u00fcr\u00fcn\/fistik-sefasi\/\"><img decoding=\"async\" src=\"https:\/\/app.egetuerk.de\/media\/product\/56\/FistikSefasi.png\" alt=\"FISTIK SEFASI\"><\/a><a href=\"https:\/\/www.egetuerk.de\/tr\/\u00fcr\u00fcn\/biber-sefasi\/\"><img decoding=\"async\" src=\"https:\/\/app.egetuerk.de\/media\/product\/55\/BiberSefasi.png\" alt=\"BiBER SEFASI\"><\/a><a href=\"https:\/\/www.egetuerk.de\/tr\/\u00fcr\u00fcn\/derya-dilim-hindi-salam\/\"><img decoding=\"async\" src=\"https:\/\/app.egetuerk.de\/media\/product\/31\/Derya.png\" alt=\"DERYA D\u0130L\u0130M H\u0130ND\u0130 SALAM\"><\/a><a href=\"https:\/\/www.egetuerk.de\/tr\/\u00fcr\u00fcn\/gurbuz-dilim-tavuk-salam\/\"><img decoding=\"async\" src=\"https:\/\/app.egetuerk.de\/media\/product\/30\/Gu%CC%88rbu%CC%88z.png\" alt=\"G\u00dcRB\u00dcZ D\u0130L\u0130M TAVUK SALAM\"><\/a><a href=\"https:\/\/www.egetuerk.de\/tr\/\u00fcr\u00fcn\/mehtap-dilim-biberli-sigir-salam\/\"><img decoding=\"async\" src=\"https:\/\/app.egetuerk.de\/media\/product\/29\/Mehtap.png\" alt=\"MEHTAP D\u0130L\u0130M B\u0130BERL\u0130 SI\u011eIR SALAM\"><\/a><a href=\"https:\/\/www.egetuerk.de\/tr\/\u00fcr\u00fcn\/tadim-dilim-sigir-salam\/\"><img decoding=\"async\" src=\"https:\/\/app.egetuerk.de\/media\/product\/28\/Tadim.png\" alt=\"TADIM D\u0130L\u0130M SI\u011eIR SALAM\"><\/a><a href=\"https:\/\/www.egetuerk.de\/tr\/\u00fcr\u00fcn\/gokturk-dilim-macar-tipi-hindi-salam\/\"><img decoding=\"async\" src=\"https:\/\/app.egetuerk.de\/media\/product\/27\/27.png\" alt=\"G\u00d6KT\u00dcRK D\u0130L\u0130M MACAR T\u0130P\u0130 H\u0130ND\u0130 SALAM\"><\/a><a href=\"https:\/\/www.egetuerk.de\/tr\/\u00fcr\u00fcn\/erturk-dilim-macar-tipi-sigir-salam\/\"><img decoding=\"async\" src=\"https:\/\/app.egetuerk.de\/media\/product\/26\/26.png\" alt=\"ERT\u00dcRK D\u0130L\u0130M MACAR T\u0130P\u0130 SI\u011eIR SALAM\"><\/a><a href=\"https:\/\/www.egetuerk.de\/tr\/\u00fcr\u00fcn\/egem-dilim-sucuk\/\"><img decoding=\"async\" src=\"https:\/\/app.egetuerk.de\/media\/product\/23\/Egem.png\" alt=\"EGEM D\u0130L\u0130M SUCUK\"><\/a><a href=\"https:\/\/www.egetuerk.de\/tr\/\u00fcr\u00fcn\/ozlem-dilim-macar-tipi-hindi-salam\/\"><img decoding=\"async\" src=\"https:\/\/app.egetuerk.de\/media\/product\/22\/O%CC%88zlem.png\" alt=\"\u00d6ZLEM D\u0130L\u0130M MACAR T\u0130P\u0130 H\u0130ND\u0130 SALAM\"><\/a><a href=\"https:\/\/www.egetuerk.de\/tr\/\u00fcr\u00fcn\/dalyan-dilim-macar-tipi-sigir-salam\/\"><img decoding=\"async\" src=\"https:\/\/app.egetuerk.de\/media\/product\/21\/Dalyan.png\" alt=\"DALYAN D\u0130L\u0130M MACAR T\u0130P\u0130 SI\u011eIR SALAM\"><\/a><a href=\"https:\/\/www.egetuerk.de\/tr\/\u00fcr\u00fcn\/ciftlik-sefasi-dilim-hindi-gogsu\/\"><img decoding=\"async\" src=\"https:\/\/app.egetuerk.de\/media\/product\/20\/43_Ciftlik.png\" alt=\"\u00c7\u0130FTL\u0130K SEFASI D\u0130L\u0130M H\u0130ND\u0130 G\u00d6\u011eS\u00dc\"><\/a><a href=\"https:\/\/www.egetuerk.de\/tr\/\u00fcr\u00fcn\/bereket-dilim-hindi-sogus\/\"><img decoding=\"async\" src=\"https:\/\/app.egetuerk.de\/media\/product\/19\/38_Bereket.png\" alt=\"BEREKET D\u0130L\u0130M H\u0130ND\u0130 S\u00d6\u011e\u00dc\u015e\"><\/a><a href=\"https:\/\/www.egetuerk.de\/tr\/\u00fcr\u00fcn\/dilim-saray-sefasi-sigir-salam\/\"><img decoding=\"async\" src=\"https:\/\/app.egetuerk.de\/media\/product\/17\/14_SaraySefasi.png\" alt=\"D\u0130L\u0130M SARAY SEFASI SI\u011eIR SALAM\"><\/a><a href=\"https:\/\/www.egetuerk.de\/tr\/\u00fcr\u00fcn\/dilim-tavuk-sefasi-tavuk-salam\/\"><img decoding=\"async\" src=\"https:\/\/app.egetuerk.de\/media\/product\/16\/13_TavukSefasi.png\" alt=\"D\u0130L\u0130M TAVUK SEFASI TAVUK SALAM\"><\/a><a href=\"https:\/\/www.egetuerk.de\/tr\/\u00fcr\u00fcn\/elif-fistikli-sigir-salam\/\"><img decoding=\"async\" src=\"https:\/\/app.egetuerk.de\/media\/product\/15\/Elif500g.png\" alt=\"EL\u0130F FISTIKLI SI\u011eIR SALAM\"><\/a><a href=\"https:\/\/www.egetuerk.de\/tr\/\u00fcr\u00fcn\/saray-sefasi-sigir-salam\/\"><img decoding=\"async\" src=\"https:\/\/app.egetuerk.de\/media\/product\/13\/SaraySefasi500g.png\" alt=\"SARAY SEFASI SI\u011eIR SALAM\"><\/a><a href=\"https:\/\/www.egetuerk.de\/tr\/\u00fcr\u00fcn\/tavuk-sefasi-tavuk-salam\/\"><img decoding=\"async\" src=\"https:\/\/app.egetuerk.de\/media\/product\/14\/TavukSefasi500g.png\" alt=\"TAVUK SEFASI TAVUK SALAM\"><\/a><a href=\"https:\/\/www.egetuerk.de\/tr\/\u00fcr\u00fcn\/bahar-dilim-sigir-pastirma\/\"><img decoding=\"async\" src=\"https:\/\/app.egetuerk.de\/media\/product\/12\/Bahar.png\" alt=\"BAHAR D\u0130L\u0130M SI\u011eIR PASTIRMA\"><\/a><a href=\"https:\/\/www.egetuerk.de\/tr\/\u00fcr\u00fcn\/sevilen-sigir-pastirma\/\"><img decoding=\"async\" src=\"https:\/\/app.egetuerk.de\/media\/product\/11\/Sevilen.png\" alt=\"SEV\u0130LEN SI\u011eIR PASTIRMA\"><\/a><a href=\"https:\/\/www.egetuerk.de\/tr\/\u00fcr\u00fcn\/coban-sigir-pastirma\/\"><img decoding=\"async\" src=\"https:\/\/app.egetuerk.de\/media\/product\/10\/Coban.png\" alt=\"\u00c7OBAN SI\u011eIR PASTIRMA\"><\/a><a href=\"https:\/\/www.egetuerk.de\/tr\/\u00fcr\u00fcn\/pinar-sosis\/\"><img decoding=\"async\" src=\"https:\/\/app.egetuerk.de\/media\/product\/9\/Pinar.png\" alt=\"PINAR SOSiS\"><\/a><a href=\"https:\/\/www.egetuerk.de\/tr\/\u00fcr\u00fcn\/boncuk-sosis\/\"><img decoding=\"async\" src=\"https:\/\/app.egetuerk.de\/media\/product\/8\/Boncuk.png\" alt=\"BONCUK SOSiS\"><\/a><a href=\"https:\/\/www.egetuerk.de\/tr\/\u00fcr\u00fcn\/babacan-sosis\/\"><img decoding=\"async\" src=\"https:\/\/app.egetuerk.de\/media\/product\/7\/Babacan.png\" alt=\"BABACAN SOSiS\"><\/a><a href=\"https:\/\/www.egetuerk.de\/tr\/\u00fcr\u00fcn\/tonton-sosis\/\"><img decoding=\"async\" src=\"https:\/\/app.egetuerk.de\/media\/product\/6\/TonTon.png\" alt=\"TONTON SOSiS\"><\/a><a href=\"https:\/\/www.egetuerk.de\/tr\/\u00fcr\u00fcn\/avci-sosis\/\"><img decoding=\"async\" src=\"https:\/\/app.egetuerk.de\/media\/product\/5\/Avci.png\" alt=\"AVCI SOSiS\"><\/a><a href=\"https:\/\/www.egetuerk.de\/tr\/\u00fcr\u00fcn\/baris-kangal-sucuk\/\"><img decoding=\"async\" src=\"https:\/\/app.egetuerk.de\/media\/product\/51\/Baris_04.10.21.png\" alt=\"BARI\u015e IZGARALIK GRILL SUCUK\"><\/a><a href=\"https:\/\/www.egetuerk.de\/tr\/\u00fcr\u00fcn\/egetat-dilim-sucuk\/\"><img decoding=\"async\" src=\"https:\/\/app.egetuerk.de\/media\/product\/4\/Egetat.png\" alt=\"EGETAT D\u0130L\u0130M SUCUK\"><\/a><a href=\"https:\/\/www.egetuerk.de\/tr\/\u00fcr\u00fcn\/egemen-parmak-sucuk\/\"><img decoding=\"async\" src=\"https:\/\/app.egetuerk.de\/media\/product\/3\/Egemen.png\" alt=\"EGEMEN PARMAK SUCUK\"><\/a><a href=\"https:\/\/www.egetuerk.de\/tr\/\u00fcr\u00fcn\/sultan-kangal-sucuk\/\"><img decoding=\"async\" src=\"https:\/\/app.egetuerk.de\/media\/product\/2\/Sultan.png\" alt=\"SULTAN KANGAL SUCUK\"><\/a><a href=\"https:\/\/www.egetuerk.de\/tr\/\u00fcr\u00fcn\/sirma-parmak-sucuk\/\"><img decoding=\"async\" src=\"https:\/\/app.egetuerk.de\/media\/product\/1\/Sirma.png\" alt=\"SIRMA PARMAK SUCUK\"><\/a><a href=\"https:\/\/www.egetuerk.de\/tr\/\u00fcr\u00fcn\/emre-kangal-sucuk\/\"><img decoding=\"async\" src=\"https:\/\/app.egetuerk.de\/media\/product\/0\/Emre.png\" alt=\"EMRE KANGAL SUCUK\"><\/a>    \n\t<p>SSS<\/p>\n<h2>\n\t\tS\u0131k\u00e7a sorulan sorular\n\t<\/h2>\n\t\t\t<a href=\"#\" id=\"fl-accordion--label-0\" tabindex=\"0\" aria-controls=\"fl-accordion--panel-0\">Eget\u00fcrk \u00fcr\u00fcnlerini nerede bulabilirim?<\/a>\n\t\t\t\t\t\t\t<a href=\"#\" id=\"fl-accordion--icon-0\" tabindex=\"0\" aria-controls=\"fl-accordion--panel-0\"><i>Expand<\/i><\/a>\n\t\t<p>Avrupa\u2019n\u0131n her yerindeki T\u00fcrk marketlerinde ve se\u00e7kin Alman s\u00fcpermarketlerinde Eget\u00fcrk ve Efepa\u015fa \u00fcr\u00fcnlerini bulabilirsiniz.<\/p>\n\t\t\t<a href=\"#\" id=\"fl-accordion--label-1\" tabindex=\"0\" aria-controls=\"fl-accordion--panel-1\">Nerede \u00fcretiyorsunuz?<\/a>\n\t\t\t\t\t\t\t<a href=\"#\" id=\"fl-accordion--icon-1\" tabindex=\"0\" aria-controls=\"fl-accordion--panel-1\"><i>Expand<\/i><\/a>\n\t\t<p>\u00dcr\u00fcnlerimiz 1966 y\u0131l\u0131ndan bu yana Almanya\u2019da imal edilmektedir. Eget\u00fcrk, K\u00f6ln\u2019deki fabrikas\u0131nda g\u00fcnde 150 tonluk kapasitesi ile Almanya\u2019n\u0131n en b\u00fcy\u00fck helal et mamulleri \u00fcreticisidir. Daha ayr\u0131nt\u0131l\u0131 bilgi i\u00e7in:\u00a0<a href=\"https:\/\/www.egetuerk.de\/tr\/tarihce\/\">Tarih\u00e7e<\/a>.<\/p>\n\t\t\t<a href=\"#\" id=\"fl-accordion--label-2\" tabindex=\"0\" aria-controls=\"fl-accordion--panel-2\">Eget\u00fcrk ve Efepa\u015fa aras\u0131ndaki fark nedir?<\/a>\n\t\t\t\t\t\t\t<a href=\"#\" id=\"fl-accordion--icon-2\" tabindex=\"0\" aria-controls=\"fl-accordion--panel-2\"><i>Expand<\/i><\/a>\n\t\t<p>Eget\u00fcrk ve Efepa\u015f\u0131 \u00fcr\u00fcnlerini ayn\u0131 y\u00fcksek kaliteli helal etlerden ve ayn\u0131 fabrikada \u00fcretiyoruz, sadece tariflerinde ve baharatlar\u0131nda tat fark\u0131 yarat\u0131yoruz. Daha ayr\u0131nt\u0131l\u0131 bilgi i\u00e7in: <a href=\"https:\/\/www.egetuerk.de\/tr\/egetuerk\/\">Eget\u00fcrk\u00a0<\/a>ve\u00a0<a href=\"https:\/\/www.egetuerk.de\/tr\/efepasa\/\">Efepa\u015fa<\/a> marka sayfalar\u0131.<\/p>\n\t\t\t\t<img loading=\"lazy\" decoding=\"async\" src=\"https:\/\/www.egetuerk.de\/wp-content\/uploads\/2018\/08\/logo.svg\" alt=\"logo\" itemprop=\"image\" height=\"690\" width=\"1024\" title=\"logo\" onerror=\"this.style.display='none'\"  \/>\n<h3>\n\t\t<br> \n\t<\/h3>\n\t<strong>EGET\u00dcRK <\/strong><strong>WURST- UND<\/strong><br \/>\n<strong>FLEISCHWAREN\u00adFABRIKATION<\/strong><br \/>\n<strong>GMBH &amp; CO. KG<\/strong>\n<h3>\n\t\tAdres\n\t<\/h3>\n\tFeldkasseler Weg 5<br \/>\n50769 K\u00f6ln<br \/>\nAlmanya\n<h3>\n\t\t\u0130leti\u015fim\n\t<\/h3>\n\tTelefon: +49 (0) 221 \/ 709 29 &#8211; 0<br \/>\nFaks: +49 (0) 221 \/ 700 23 78<br \/>\nE-Posta: <strong><a href=\"mailto:info@egetuerk.de\">info@egetuerk.de<\/a><\/strong>\n\t<p>\u00a9 2026. T\u00fcm haklar\u0131 sakl\u0131d\u0131r. <div class=\"menu-footer_legal-tuerkisch-container\"><ul id=\"menu-footer_legal-tuerkisch\" class=\"menu\"><li id=\"menu-item-4061\" class=\"menu-item menu-item-type-post_type menu-item-object-page menu-item-4061\"><a href=\"https:\/\/www.egetuerk.de\/tr\/yasal-bilgiler\/\">Yasal Bilgiler<\/a><\/li>\n<li id=\"menu-item-4062\" class=\"menu-item menu-item-type-post_type menu-item-object-page menu-item-4062\"><a href=\"https:\/\/www.egetuerk.de\/tr\/guevenlik-ve-gizlilik\/\">G\u00fcvenlik ve Gizlilik<\/a><\/li>\n<\/ul><\/div><\/p>\n","protected":false},"excerpt":{"rendered":"<p>1966 y\u0131l\u0131ndan g\u00fcn\u00fcm\u00fcze tad\u0131na doyulmayan klasiklerimiz sofralar\u0131m\u0131z\u0131n ba\u015f k\u00f6\u015fesinde vazge\u00e7ilmeyen bir tat olmu\u015ftur&#8230;<\/p>\n","protected":false},"author":1,"featured_media":931,"parent":0,"menu_order":0,"comment_status":"closed","ping_status":"closed","template":"","meta":{"_acf_changed":false,"inline_featured_image":false,"footnotes":""},"class_list":["post-4045","page","type-page","status-publish","has-post-thumbnail","hentry"],"acf":[],"yoast_head":"<!-- This site is optimized with the Yoast SEO plugin v27.2 - https:\/\/yoast.com\/product\/yoast-seo-wordpress\/ -->\n<title>Egetu\u0308rk \u00dcru\u0308nleri | Sofralar\u0131n vazge\u00e7ilmezi<\/title>\n<meta name=\"robots\" content=\"index, follow, max-snippet:-1, max-image-preview:large, max-video-preview:-1\" \/>\n<link rel=\"canonical\" href=\"https:\/\/www.egetuerk.de\/tr\/egetuerk\/\" \/>\n<meta property=\"og:locale\" content=\"tr_TR\" \/>\n<meta property=\"og:type\" content=\"article\" \/>\n<meta property=\"og:title\" content=\"Egetu\u0308rk \u00dcru\u0308nleri | Sofralar\u0131n vazge\u00e7ilmezi\" \/>\n<meta property=\"og:description\" content=\"1966 y\u0131l\u0131ndan g\u00fcn\u00fcm\u00fcze tad\u0131na doyulmayan klasiklerimiz sofralar\u0131m\u0131z\u0131n ba\u015f k\u00f6\u015fesinde vazge\u00e7ilmeyen bir tat olmu\u015ftur...\" \/>\n<meta property=\"og:url\" content=\"https:\/\/www.egetuerk.de\/tr\/egetuerk\/\" \/>\n<meta property=\"og:site_name\" content=\"Eget\u00fcrk\" \/>\n<meta property=\"article:modified_time\" content=\"2022-01-10T17:18:36+00:00\" \/>\n<meta name=\"twitter:card\" content=\"summary_large_image\" \/>\n<meta name=\"twitter:label1\" content=\"Tahmini okuma s\u00fcresi\" \/>\n\t<meta name=\"twitter:data1\" content=\"2 dakika\" \/>\n<script type=\"application\/ld+json\" class=\"yoast-schema-graph\">{\"@context\":\"https:\/\/schema.org\",\"@graph\":[{\"@type\":\"WebPage\",\"@id\":\"https:\/\/www.egetuerk.de\/tr\/egetuerk\/\",\"url\":\"https:\/\/www.egetuerk.de\/tr\/egetuerk\/\",\"name\":\"Egetu\u0308rk \u00dcru\u0308nleri | Sofralar\u0131n vazge\u00e7ilmezi\",\"isPartOf\":{\"@id\":\"https:\/\/www.egetuerk.de\/#website\"},\"primaryImageOfPage\":{\"@id\":\"https:\/\/www.egetuerk.de\/tr\/egetuerk\/#primaryimage\"},\"image\":{\"@id\":\"https:\/\/www.egetuerk.de\/tr\/egetuerk\/#primaryimage\"},\"thumbnailUrl\":\"https:\/\/www.egetuerk.de\/wp-content\/uploads\/2018\/08\/logo.svg\",\"datePublished\":\"2019-01-04T09:25:06+00:00\",\"dateModified\":\"2022-01-10T17:18:36+00:00\",\"breadcrumb\":{\"@id\":\"https:\/\/www.egetuerk.de\/tr\/egetuerk\/#breadcrumb\"},\"inLanguage\":\"tr\",\"potentialAction\":[{\"@type\":\"ReadAction\",\"target\":[\"https:\/\/www.egetuerk.de\/tr\/egetuerk\/\"]}]},{\"@type\":\"ImageObject\",\"inLanguage\":\"tr\",\"@id\":\"https:\/\/www.egetuerk.de\/tr\/egetuerk\/#primaryimage\",\"url\":\"https:\/\/www.egetuerk.de\/wp-content\/uploads\/2018\/08\/logo.svg\",\"contentUrl\":\"https:\/\/www.egetuerk.de\/wp-content\/uploads\/2018\/08\/logo.svg\"},{\"@type\":\"BreadcrumbList\",\"@id\":\"https:\/\/www.egetuerk.de\/tr\/egetuerk\/#breadcrumb\",\"itemListElement\":[{\"@type\":\"ListItem\",\"position\":1,\"name\":\"Startseite\",\"item\":\"https:\/\/www.egetuerk.de\/tr\/\"},{\"@type\":\"ListItem\",\"position\":2,\"name\":\"Eget\u00fcrk\"}]},{\"@type\":\"WebSite\",\"@id\":\"https:\/\/www.egetuerk.de\/#website\",\"url\":\"https:\/\/www.egetuerk.de\/\",\"name\":\"Eget\u00fcrk\",\"description\":\"\",\"potentialAction\":[{\"@type\":\"SearchAction\",\"target\":{\"@type\":\"EntryPoint\",\"urlTemplate\":\"https:\/\/www.egetuerk.de\/?s={search_term_string}\"},\"query-input\":{\"@type\":\"PropertyValueSpecification\",\"valueRequired\":true,\"valueName\":\"search_term_string\"}}],\"inLanguage\":\"tr\"}]}<\/script>\n<!-- \/ Yoast SEO plugin. -->","yoast_head_json":{"title":"Egetu\u0308rk \u00dcru\u0308nleri | Sofralar\u0131n vazge\u00e7ilmezi","robots":{"index":"index","follow":"follow","max-snippet":"max-snippet:-1","max-image-preview":"max-image-preview:large","max-video-preview":"max-video-preview:-1"},"canonical":"https:\/\/www.egetuerk.de\/tr\/egetuerk\/","og_locale":"tr_TR","og_type":"article","og_title":"Egetu\u0308rk \u00dcru\u0308nleri | Sofralar\u0131n vazge\u00e7ilmezi","og_description":"1966 y\u0131l\u0131ndan g\u00fcn\u00fcm\u00fcze tad\u0131na doyulmayan klasiklerimiz sofralar\u0131m\u0131z\u0131n ba\u015f k\u00f6\u015fesinde vazge\u00e7ilmeyen bir tat olmu\u015ftur...","og_url":"https:\/\/www.egetuerk.de\/tr\/egetuerk\/","og_site_name":"Eget\u00fcrk","article_modified_time":"2022-01-10T17:18:36+00:00","twitter_card":"summary_large_image","twitter_misc":{"Tahmini okuma s\u00fcresi":"2 dakika"},"schema":{"@context":"https:\/\/schema.org","@graph":[{"@type":"WebPage","@id":"https:\/\/www.egetuerk.de\/tr\/egetuerk\/","url":"https:\/\/www.egetuerk.de\/tr\/egetuerk\/","name":"Egetu\u0308rk \u00dcru\u0308nleri | Sofralar\u0131n vazge\u00e7ilmezi","isPartOf":{"@id":"https:\/\/www.egetuerk.de\/#website"},"primaryImageOfPage":{"@id":"https:\/\/www.egetuerk.de\/tr\/egetuerk\/#primaryimage"},"image":{"@id":"https:\/\/www.egetuerk.de\/tr\/egetuerk\/#primaryimage"},"thumbnailUrl":"https:\/\/www.egetuerk.de\/wp-content\/uploads\/2018\/08\/logo.svg","datePublished":"2019-01-04T09:25:06+00:00","dateModified":"2022-01-10T17:18:36+00:00","breadcrumb":{"@id":"https:\/\/www.egetuerk.de\/tr\/egetuerk\/#breadcrumb"},"inLanguage":"tr","potentialAction":[{"@type":"ReadAction","target":["https:\/\/www.egetuerk.de\/tr\/egetuerk\/"]}]},{"@type":"ImageObject","inLanguage":"tr","@id":"https:\/\/www.egetuerk.de\/tr\/egetuerk\/#primaryimage","url":"https:\/\/www.egetuerk.de\/wp-content\/uploads\/2018\/08\/logo.svg","contentUrl":"https:\/\/www.egetuerk.de\/wp-content\/uploads\/2018\/08\/logo.svg"},{"@type":"BreadcrumbList","@id":"https:\/\/www.egetuerk.de\/tr\/egetuerk\/#breadcrumb","itemListElement":[{"@type":"ListItem","position":1,"name":"Startseite","item":"https:\/\/www.egetuerk.de\/tr\/"},{"@type":"ListItem","position":2,"name":"Eget\u00fcrk"}]},{"@type":"WebSite","@id":"https:\/\/www.egetuerk.de\/#website","url":"https:\/\/www.egetuerk.de\/","name":"Eget\u00fcrk","description":"","potentialAction":[{"@type":"SearchAction","target":{"@type":"EntryPoint","urlTemplate":"https:\/\/www.egetuerk.de\/?s={search_term_string}"},"query-input":{"@type":"PropertyValueSpecification","valueRequired":true,"valueName":"search_term_string"}}],"inLanguage":"tr"}]}},"_links":{"self":[{"href":"https:\/\/www.egetuerk.de\/tr\/wp-json\/wp\/v2\/pages\/4045","targetHints":{"allow":["GET"]}}],"collection":[{"href":"https:\/\/www.egetuerk.de\/tr\/wp-json\/wp\/v2\/pages"}],"about":[{"href":"https:\/\/www.egetuerk.de\/tr\/wp-json\/wp\/v2\/types\/page"}],"author":[{"embeddable":true,"href":"https:\/\/www.egetuerk.de\/tr\/wp-json\/wp\/v2\/users\/1"}],"replies":[{"embeddable":true,"href":"https:\/\/www.egetuerk.de\/tr\/wp-json\/wp\/v2\/comments?post=4045"}],"version-history":[{"count":64,"href":"https:\/\/www.egetuerk.de\/tr\/wp-json\/wp\/v2\/pages\/4045\/revisions"}],"predecessor-version":[{"id":115990,"href":"https:\/\/www.egetuerk.de\/tr\/wp-json\/wp\/v2\/pages\/4045\/revisions\/115990"}],"wp:featuredmedia":[{"embeddable":true,"href":"https:\/\/www.egetuerk.de\/tr\/wp-json\/wp\/v2\/media\/931"}],"wp:attachment":[{"href":"https:\/\/www.egetuerk.de\/tr\/wp-json\/wp\/v2\/media?parent=4045"}],"curies":[{"name":"wp","href":"https:\/\/api.w.org\/{rel}","templated":true}]}}