{"id":4043,"date":"2019-01-04T10:23:41","date_gmt":"2019-01-04T09:23:41","guid":{"rendered":"https:\/\/egetuerk.vorschau.xyz\/efepasa\/wurst\/"},"modified":"2022-01-10T18:31:29","modified_gmt":"2022-01-10T17:31:29","slug":"salam","status":"publish","type":"page","link":"https:\/\/www.egetuerk.de\/tr\/efepasa\/salam\/","title":{"rendered":"Salam"},"content":{"rendered":"\n\t\t\t\t<img loading=\"lazy\" decoding=\"async\" src=\"https:\/\/www.egetuerk.de\/wp-content\/uploads\/2018\/12\/salam.png\" alt=\"salam\" itemprop=\"image\" height=\"800\" width=\"986\" title=\"salam\" onerror=\"this.style.display='none'\"  \/>\n<h3>\n\t\tTad\u0131na doyulmaz lezzet\n\t<\/h3>\n\tKahvalt\u0131y\u0131 lezzetli yapan \u015fey ,tad\u0131na doyamayaca\u011f\u0131n\u0131z bir salamd\u0131r! Efepa\u015fa, salam \u00e7e\u015fitleri ile size g\u00fcn\u00fcn en \u00f6nemli \u00f6\u011f\u00fcn\u00fc i\u00e7in inan\u0131lmaz tatlar sunar.<br \/>\nSade ve biberli \u00e7e\u015fitleriyle hafif isterseniz hindi ve tavuk salam, daha kuvvetli isterseniz s\u0131\u011f\u0131r veya kuzu salam tercih edebilirsiniz. Sizler ince ince dilimlenmi\u015f salamlar\u0131m\u0131zla lezzetli sandvi\u00e7ler haz\u0131rlarken, kal\u0131n dilimlenmi\u015f salamlar\u0131m\u0131z\u0131 da k\u0131zartarak t\u00fcketebilirsiniz.<br \/>\n30 y\u0131l\u0131 a\u015fk\u0131n bir s\u00fcredir de\u011fi\u015fmeyen tek \u015fey, salamlar\u0131m\u0131z\u0131n \u00fcst\u00fcn kalitesi ve fevkalade tad\u0131d\u0131r. \u00dcstelik %100 etten, helal kesim ve \u00fcretimdir.\n\t <video autoplay loop muted>\n  <source src=\"https:\/\/www.egetuerk.de\/wp-content\/uploads\/2019\/02\/01-salam-1.mp4\">\n<\/video> \n    <img decoding=\"async\" src=\"https:\/\/www.egetuerk.de\/wp-content\/themes\/egetuerk-child\/files\/angle-left.svg\" \/> \n    <img decoding=\"async\" src=\"https:\/\/www.egetuerk.de\/wp-content\/themes\/egetuerk-child\/files\/angle-right.svg\" \/>\n        <p><h2>Nefis sandvi\u00e7ler&#8230;<\/h2><img decoding=\"async\" src=\"https:\/\/app.egetuerk.de\/media\/recipes\/18\/1\/etap_1600.jpg\" ><h2>Salaml\u0131 kahvalt\u0131l\u0131klar&#8230;<\/h2><img decoding=\"async\" src=\"https:\/\/app.egetuerk.de\/media\/recipes\/24\/1\/mehtap_1600.jpg\" ><h2>Salaml\u0131 kahvalt\u0131l\u0131klar&#8230;<\/h2><img decoding=\"async\" src=\"https:\/\/app.egetuerk.de\/media\/recipes\/23\/1\/kervan_1600.jpg\" ><h2>Salaml\u0131 kahvalt\u0131l\u0131klar&#8230;<\/h2><img decoding=\"async\" src=\"https:\/\/app.egetuerk.de\/media\/recipes\/11\/1\/dilim_saraysefasi_1600.jpg\" ><h2>Salaml\u0131 kahvalt\u0131l\u0131klar&#8230;<\/h2><img decoding=\"async\" src=\"https:\/\/app.egetuerk.de\/media\/recipes\/39\/1\/tavuksefasi_1600.jpg\" ><h2>Salaml\u0131 kahvalt\u0131l\u0131klar&#8230;<\/h2><img decoding=\"async\" src=\"https:\/\/app.egetuerk.de\/media\/recipes\/13\/1\/dilim_tavuksefasi_1600.jpg\" ><h2>Sa\u011fl\u0131kl\u0131\u00a0ve doyurucu salatalar&#8230;<\/h2><img decoding=\"async\" src=\"https:\/\/app.egetuerk.de\/media\/recipes\/40\/1\/tavuksefasi2_1600.jpg\" ><h2>Salaml\u0131 kahvalt\u0131l\u0131klar&#8230;<\/h2><img decoding=\"async\" src=\"https:\/\/app.egetuerk.de\/media\/recipes\/38\/1\/tavuk_1600.jpg\" ><h2>Salaml\u0131 kahvalt\u0131l\u0131klar&#8230;<\/h2><img decoding=\"async\" src=\"https:\/\/app.egetuerk.de\/media\/recipes\/35\/1\/saraysefasi_1600.jpg\" ><\/p><h2>Sucuklu enfes pizzalar!<\/h2><img decoding=\"async\" src=\"https:\/\/app.egetuerk.de\/media\/recipes\/8\/1\/ciftlik_1600.jpg\" >    \n                Efepa\u015fa Salam\n                <h2>Salam\u00a0\u00e7e\u015fitlerimiz<\/h2>\n                                \u00dcr\u00fcn i\u00e7eri\u011fi:\n                                    <a href=\"#\" role=\"button\" id=\"dropdown-fleischart\" data-toggle=\"dropdown\" aria-haspopup=\"true\" aria-expanded=\"false\">\n                                        Tu\u0308mu\u0308\n                                    <\/a>\n                                        <a data-taxonomy=\"fleischart\" data-filter=\"all\" href=\"#\">Tu\u0308mu\u0308<\/a><a data-taxonomy=\"fleischart\" data-filter=\"sigir\" href=\"#\">S\u0131\u011f\u0131r<\/a><a data-taxonomy=\"fleischart\" data-filter=\"tavuk-hindi\" href=\"#\">Tavuk-Hindi<\/a><a data-taxonomy=\"fleischart\" data-filter=\"gefluegel\" href=\"#\">Gefl\u00fcgel<\/a><a data-taxonomy=\"fleischart\" data-filter=\"rindfleisch\" href=\"#\">Rindfleisch<\/a><a data-taxonomy=\"fleischart\" data-filter=\"hindi\" href=\"#\">Hindi<\/a><a data-taxonomy=\"fleischart\" data-filter=\"truthahn\" href=\"#\">Truthahn<\/a>\n        <a href=\"https:\/\/www.egetuerk.de\/tr\/\u00fcr\u00fcn\/zeybek-dilim-biberli-tavuk-salam\/\"><img decoding=\"async\" src=\"https:\/\/app.egetuerk.de\/media\/product\/46\/Zeybek.png\" alt=\"ZEYBEK D\u0130L\u0130M B\u0130BERL\u0130 TAVUK SALAM\"><\/a><a href=\"https:\/\/www.egetuerk.de\/tr\/\u00fcr\u00fcn\/kervan-dilim-hindi-salam\/\"><img decoding=\"async\" src=\"https:\/\/app.egetuerk.de\/media\/product\/44\/Kervan.png\" alt=\"KERVAN D\u0130L\u0130M H\u0130ND\u0130 SALAM\"><\/a><a href=\"https:\/\/www.egetuerk.de\/tr\/\u00fcr\u00fcn\/etap-d-biberli-sigir-salam\/\"><img decoding=\"async\" src=\"https:\/\/app.egetuerk.de\/media\/product\/45\/Etap.png\" alt=\"ETAP D. B\u0130BERL\u0130 SI\u011eIR SALAM\"><\/a><a href=\"https:\/\/www.egetuerk.de\/tr\/\u00fcr\u00fcn\/yore-dilim-sigir-salam\/\"><img decoding=\"async\" src=\"https:\/\/app.egetuerk.de\/media\/product\/43\/Yo%CC%88re.png\" alt=\"Y\u00d6RE D\u0130L\u0130M SI\u011eIR SALAM\"><\/a><a href=\"https:\/\/www.egetuerk.de\/tr\/\u00fcr\u00fcn\/arzum-dilim-tavuk-salam\/\"><img decoding=\"async\" src=\"https:\/\/app.egetuerk.de\/media\/product\/42\/Arzum.png\" alt=\"ARZUM D\u0130L\u0130M TAVUK SALAM\"><\/a><a href=\"https:\/\/www.egetuerk.de\/tr\/\u00fcr\u00fcn\/ebru-tavuk-salam\/\"><img decoding=\"async\" src=\"https:\/\/app.egetuerk.de\/media\/product\/41\/41.png\" alt=\"EBRU TAVUK SALAM\"><\/a><a href=\"https:\/\/www.egetuerk.de\/tr\/\u00fcr\u00fcn\/imren-sigir-salam\/\"><img decoding=\"async\" src=\"https:\/\/app.egetuerk.de\/media\/product\/40\/40.png\" alt=\"\u0130MREN SI\u011eIR SALAM\"><\/a>    \n\t\t\t\t<img loading=\"lazy\" decoding=\"async\" src=\"https:\/\/www.egetuerk.de\/wp-content\/uploads\/2018\/08\/logo.svg\" alt=\"logo\" itemprop=\"image\" height=\"690\" width=\"1024\" title=\"logo\" onerror=\"this.style.display='none'\"  \/>\n<h3>\n\t\t<br> \n\t<\/h3>\n\t<strong>EGET\u00dcRK <\/strong><strong>WURST- UND<\/strong><br \/>\n<strong>FLEISCHWAREN\u00adFABRIKATION<\/strong><br \/>\n<strong>GMBH &amp; CO. KG<\/strong>\n<h3>\n\t\tAdres\n\t<\/h3>\n\tFeldkasseler Weg 5<br \/>\n50769 K\u00f6ln<br \/>\nAlmanya\n<h3>\n\t\t\u0130leti\u015fim\n\t<\/h3>\n\tTelefon: +49 (0) 221 \/ 709 29 &#8211; 0<br \/>\nFaks: +49 (0) 221 \/ 700 23 78<br \/>\nE-Posta: <strong><a href=\"mailto:info@egetuerk.de\">info@egetuerk.de<\/a><\/strong>\n\t<p>\u00a9 2026. T\u00fcm haklar\u0131 sakl\u0131d\u0131r. <div class=\"menu-footer_legal-tuerkisch-container\"><ul id=\"menu-footer_legal-tuerkisch\" class=\"menu\"><li id=\"menu-item-4061\" class=\"menu-item menu-item-type-post_type menu-item-object-page menu-item-4061\"><a href=\"https:\/\/www.egetuerk.de\/tr\/yasal-bilgiler\/\">Yasal Bilgiler<\/a><\/li>\n<li id=\"menu-item-4062\" class=\"menu-item menu-item-type-post_type menu-item-object-page menu-item-4062\"><a href=\"https:\/\/www.egetuerk.de\/tr\/guevenlik-ve-gizlilik\/\">G\u00fcvenlik ve Gizlilik<\/a><\/li>\n<\/ul><\/div><\/p>\n","protected":false},"excerpt":{"rendered":"<p>Kahvalt\u0131y\u0131 lezzetli yapan \u015fey ,tad\u0131na doyamayaca\u011f\u0131n\u0131z bir salamd\u0131r! Efepa\u015fa, salam \u00e7e\u015fitleri ile size g\u00fcn\u00fcn en \u00f6nemli \u00f6\u011f\u00fcn\u00fc i\u00e7in inan\u0131lmaz tatlar sunar&#8230;<\/p>\n","protected":false},"author":1,"featured_media":116149,"parent":4038,"menu_order":0,"comment_status":"closed","ping_status":"closed","template":"","meta":{"_acf_changed":false,"inline_featured_image":false,"footnotes":""},"class_list":["post-4043","page","type-page","status-publish","has-post-thumbnail","hentry"],"acf":[],"yoast_head":"<!-- This site is optimized with the Yoast SEO plugin v27.2 - https:\/\/yoast.com\/product\/yoast-seo-wordpress\/ -->\n<title>Efepa\u015fa Salam | Tad\u0131na doyulmaz \u00e7e\u015fitler<\/title>\n<meta name=\"robots\" content=\"index, follow, max-snippet:-1, max-image-preview:large, max-video-preview:-1\" \/>\n<link rel=\"canonical\" href=\"https:\/\/www.egetuerk.de\/tr\/efepasa\/salam\/\" \/>\n<meta property=\"og:locale\" content=\"tr_TR\" \/>\n<meta property=\"og:type\" content=\"article\" \/>\n<meta property=\"og:title\" content=\"Efepa\u015fa Salam | Tad\u0131na doyulmaz \u00e7e\u015fitler\" \/>\n<meta property=\"og:description\" content=\"Kahvalt\u0131y\u0131 lezzetli yapan \u015fey ,tad\u0131na doyamayaca\u011f\u0131n\u0131z bir salamd\u0131r! Efepa\u015fa, salam \u00e7e\u015fitleri ile size g\u00fcn\u00fcn en \u00f6nemli \u00f6\u011f\u00fcn\u00fc i\u00e7in inan\u0131lmaz tatlar sunar...\" \/>\n<meta property=\"og:url\" content=\"https:\/\/www.egetuerk.de\/tr\/efepasa\/salam\/\" \/>\n<meta property=\"og:site_name\" content=\"Eget\u00fcrk\" \/>\n<meta property=\"article:modified_time\" content=\"2022-01-10T17:31:29+00:00\" \/>\n<meta property=\"og:image\" content=\"https:\/\/www.egetuerk.de\/wp-content\/uploads\/2018\/12\/efepasa-wurst.png\" \/>\n\t<meta property=\"og:image:width\" content=\"214\" \/>\n\t<meta property=\"og:image:height\" content=\"260\" \/>\n\t<meta property=\"og:image:type\" content=\"image\/png\" \/>\n<meta name=\"twitter:card\" content=\"summary_large_image\" \/>\n<meta name=\"twitter:label1\" content=\"Tahmini okuma s\u00fcresi\" \/>\n\t<meta name=\"twitter:data1\" content=\"1 dakika\" \/>\n<script type=\"application\/ld+json\" class=\"yoast-schema-graph\">{\"@context\":\"https:\/\/schema.org\",\"@graph\":[{\"@type\":\"WebPage\",\"@id\":\"https:\/\/www.egetuerk.de\/tr\/efepasa\/salam\/\",\"url\":\"https:\/\/www.egetuerk.de\/tr\/efepasa\/salam\/\",\"name\":\"Efepa\u015fa Salam | Tad\u0131na doyulmaz \u00e7e\u015fitler\",\"isPartOf\":{\"@id\":\"https:\/\/www.egetuerk.de\/#website\"},\"primaryImageOfPage\":{\"@id\":\"https:\/\/www.egetuerk.de\/tr\/efepasa\/salam\/#primaryimage\"},\"image\":{\"@id\":\"https:\/\/www.egetuerk.de\/tr\/efepasa\/salam\/#primaryimage\"},\"thumbnailUrl\":\"https:\/\/www.egetuerk.de\/wp-content\/uploads\/2022\/08\/efepasa-wurst-002.png\",\"datePublished\":\"2019-01-04T09:23:41+00:00\",\"dateModified\":\"2022-01-10T17:31:29+00:00\",\"breadcrumb\":{\"@id\":\"https:\/\/www.egetuerk.de\/tr\/efepasa\/salam\/#breadcrumb\"},\"inLanguage\":\"tr\",\"potentialAction\":[{\"@type\":\"ReadAction\",\"target\":[\"https:\/\/www.egetuerk.de\/tr\/efepasa\/salam\/\"]}]},{\"@type\":\"ImageObject\",\"inLanguage\":\"tr\",\"@id\":\"https:\/\/www.egetuerk.de\/tr\/efepasa\/salam\/#primaryimage\",\"url\":\"https:\/\/www.egetuerk.de\/wp-content\/uploads\/2022\/08\/efepasa-wurst-002.png\",\"contentUrl\":\"https:\/\/www.egetuerk.de\/wp-content\/uploads\/2022\/08\/efepasa-wurst-002.png\",\"width\":214,\"height\":260},{\"@type\":\"BreadcrumbList\",\"@id\":\"https:\/\/www.egetuerk.de\/tr\/efepasa\/salam\/#breadcrumb\",\"itemListElement\":[{\"@type\":\"ListItem\",\"position\":1,\"name\":\"Startseite\",\"item\":\"https:\/\/www.egetuerk.de\/tr\/\"},{\"@type\":\"ListItem\",\"position\":2,\"name\":\"Efepa\u015fa\",\"item\":\"https:\/\/www.egetuerk.de\/tr\/efepasa\/\"},{\"@type\":\"ListItem\",\"position\":3,\"name\":\"Salam\"}]},{\"@type\":\"WebSite\",\"@id\":\"https:\/\/www.egetuerk.de\/#website\",\"url\":\"https:\/\/www.egetuerk.de\/\",\"name\":\"Eget\u00fcrk\",\"description\":\"\",\"potentialAction\":[{\"@type\":\"SearchAction\",\"target\":{\"@type\":\"EntryPoint\",\"urlTemplate\":\"https:\/\/www.egetuerk.de\/?s={search_term_string}\"},\"query-input\":{\"@type\":\"PropertyValueSpecification\",\"valueRequired\":true,\"valueName\":\"search_term_string\"}}],\"inLanguage\":\"tr\"}]}<\/script>\n<!-- \/ Yoast SEO plugin. -->","yoast_head_json":{"title":"Efepa\u015fa Salam | Tad\u0131na doyulmaz \u00e7e\u015fitler","robots":{"index":"index","follow":"follow","max-snippet":"max-snippet:-1","max-image-preview":"max-image-preview:large","max-video-preview":"max-video-preview:-1"},"canonical":"https:\/\/www.egetuerk.de\/tr\/efepasa\/salam\/","og_locale":"tr_TR","og_type":"article","og_title":"Efepa\u015fa Salam | Tad\u0131na doyulmaz \u00e7e\u015fitler","og_description":"Kahvalt\u0131y\u0131 lezzetli yapan \u015fey ,tad\u0131na doyamayaca\u011f\u0131n\u0131z bir salamd\u0131r! Efepa\u015fa, salam \u00e7e\u015fitleri ile size g\u00fcn\u00fcn en \u00f6nemli \u00f6\u011f\u00fcn\u00fc i\u00e7in inan\u0131lmaz tatlar sunar...","og_url":"https:\/\/www.egetuerk.de\/tr\/efepasa\/salam\/","og_site_name":"Eget\u00fcrk","article_modified_time":"2022-01-10T17:31:29+00:00","og_image":[{"width":214,"height":260,"url":"https:\/\/www.egetuerk.de\/wp-content\/uploads\/2018\/12\/efepasa-wurst.png","type":"image\/png"}],"twitter_card":"summary_large_image","twitter_misc":{"Tahmini okuma s\u00fcresi":"1 dakika"},"schema":{"@context":"https:\/\/schema.org","@graph":[{"@type":"WebPage","@id":"https:\/\/www.egetuerk.de\/tr\/efepasa\/salam\/","url":"https:\/\/www.egetuerk.de\/tr\/efepasa\/salam\/","name":"Efepa\u015fa Salam | Tad\u0131na doyulmaz \u00e7e\u015fitler","isPartOf":{"@id":"https:\/\/www.egetuerk.de\/#website"},"primaryImageOfPage":{"@id":"https:\/\/www.egetuerk.de\/tr\/efepasa\/salam\/#primaryimage"},"image":{"@id":"https:\/\/www.egetuerk.de\/tr\/efepasa\/salam\/#primaryimage"},"thumbnailUrl":"https:\/\/www.egetuerk.de\/wp-content\/uploads\/2022\/08\/efepasa-wurst-002.png","datePublished":"2019-01-04T09:23:41+00:00","dateModified":"2022-01-10T17:31:29+00:00","breadcrumb":{"@id":"https:\/\/www.egetuerk.de\/tr\/efepasa\/salam\/#breadcrumb"},"inLanguage":"tr","potentialAction":[{"@type":"ReadAction","target":["https:\/\/www.egetuerk.de\/tr\/efepasa\/salam\/"]}]},{"@type":"ImageObject","inLanguage":"tr","@id":"https:\/\/www.egetuerk.de\/tr\/efepasa\/salam\/#primaryimage","url":"https:\/\/www.egetuerk.de\/wp-content\/uploads\/2022\/08\/efepasa-wurst-002.png","contentUrl":"https:\/\/www.egetuerk.de\/wp-content\/uploads\/2022\/08\/efepasa-wurst-002.png","width":214,"height":260},{"@type":"BreadcrumbList","@id":"https:\/\/www.egetuerk.de\/tr\/efepasa\/salam\/#breadcrumb","itemListElement":[{"@type":"ListItem","position":1,"name":"Startseite","item":"https:\/\/www.egetuerk.de\/tr\/"},{"@type":"ListItem","position":2,"name":"Efepa\u015fa","item":"https:\/\/www.egetuerk.de\/tr\/efepasa\/"},{"@type":"ListItem","position":3,"name":"Salam"}]},{"@type":"WebSite","@id":"https:\/\/www.egetuerk.de\/#website","url":"https:\/\/www.egetuerk.de\/","name":"Eget\u00fcrk","description":"","potentialAction":[{"@type":"SearchAction","target":{"@type":"EntryPoint","urlTemplate":"https:\/\/www.egetuerk.de\/?s={search_term_string}"},"query-input":{"@type":"PropertyValueSpecification","valueRequired":true,"valueName":"search_term_string"}}],"inLanguage":"tr"}]}},"_links":{"self":[{"href":"https:\/\/www.egetuerk.de\/tr\/wp-json\/wp\/v2\/pages\/4043","targetHints":{"allow":["GET"]}}],"collection":[{"href":"https:\/\/www.egetuerk.de\/tr\/wp-json\/wp\/v2\/pages"}],"about":[{"href":"https:\/\/www.egetuerk.de\/tr\/wp-json\/wp\/v2\/types\/page"}],"author":[{"embeddable":true,"href":"https:\/\/www.egetuerk.de\/tr\/wp-json\/wp\/v2\/users\/1"}],"replies":[{"embeddable":true,"href":"https:\/\/www.egetuerk.de\/tr\/wp-json\/wp\/v2\/comments?post=4043"}],"version-history":[{"count":24,"href":"https:\/\/www.egetuerk.de\/tr\/wp-json\/wp\/v2\/pages\/4043\/revisions"}],"predecessor-version":[{"id":116011,"href":"https:\/\/www.egetuerk.de\/tr\/wp-json\/wp\/v2\/pages\/4043\/revisions\/116011"}],"up":[{"embeddable":true,"href":"https:\/\/www.egetuerk.de\/tr\/wp-json\/wp\/v2\/pages\/4038"}],"wp:featuredmedia":[{"embeddable":true,"href":"https:\/\/www.egetuerk.de\/tr\/wp-json\/wp\/v2\/media\/116149"}],"wp:attachment":[{"href":"https:\/\/www.egetuerk.de\/tr\/wp-json\/wp\/v2\/media?parent=4043"}],"curies":[{"name":"wp","href":"https:\/\/api.w.org\/{rel}","templated":true}]}}