{"id":4042,"date":"2019-01-04T10:23:25","date_gmt":"2019-01-04T09:23:25","guid":{"rendered":"https:\/\/egetuerk.vorschau.xyz\/efepasa\/sucuk\/"},"modified":"2022-01-10T18:29:15","modified_gmt":"2022-01-10T17:29:15","slug":"sucuk","status":"publish","type":"page","link":"https:\/\/www.egetuerk.de\/tr\/efepasa\/sucuk\/","title":{"rendered":"Sucuk"},"content":{"rendered":"\n\t\t\t\t<img loading=\"lazy\" decoding=\"async\" src=\"https:\/\/www.egetuerk.de\/wp-content\/uploads\/2018\/12\/sucuk_efepasa.png\" alt=\"Efepasa Sucuk\" itemprop=\"image\" height=\"800\" width=\"941\" title=\"Efepasa Sucuk\" onerror=\"this.style.display='none'\"  \/>\n<h3>\n\t\tBir lezzet patlamas\u0131\n\t<\/h3>\n\t<p>Sucuk vazge\u00e7ilmez bir tutkudur.<\/p>\n<p>S\u0131\u011f\u0131r etinden, taze sar\u0131msakl\u0131 ve \u00f6zel aroma y\u00fckl\u00fc lezzetli baharatlar\u0131 ile Efepa\u015fa Sucuklar\u0131m\u0131z\u0131n tad\u0131, dillerden d\u00fc\u015fm\u00fcyor.<\/p>\n<p>Tavada k\u0131zart. Izgara yap. Pizza \u00fczerine veya tostun i\u00e7ine koy. \u00dczerine yumurta k\u0131r. Yada do\u011frudan \u0131s\u0131r. Olur, hepsi olur. Efepa\u015fa sucuklar\u0131n\u0131 yemek i\u00e7in sebep \u00e7oook.<\/p>\n<p>Efepa\u015fa Sucuklar\u0131 d\u00fc\u015f\u00fck karbonhidrat ve y\u00fcksek protein oran\u0131 ile %100 kat\u0131ks\u0131z s\u0131\u011f\u0131r eti, %100 helal kesim ve \u00fcretimdir.<\/p>\n\t <video autoplay loop muted>\n  <source src=\"https:\/\/www.egetuerk.de\/wp-content\/uploads\/2019\/02\/04-sucuk-1.mp4\">\n<\/video> \n    <img decoding=\"async\" src=\"https:\/\/www.egetuerk.de\/wp-content\/themes\/egetuerk-child\/files\/angle-left.svg\" \/> \n    <img decoding=\"async\" src=\"https:\/\/www.egetuerk.de\/wp-content\/themes\/egetuerk-child\/files\/angle-right.svg\" \/>\n        <p><h2>Nefis sucuklu yumurta!<\/h2><img decoding=\"async\" src=\"https:\/\/app.egetuerk.de\/media\/recipes\/19\/1\/kangal_1600.jpg\" ><h2>Sucuklu enfes pizzalar!<\/h2><img decoding=\"async\" src=\"https:\/\/app.egetuerk.de\/media\/recipes\/33\/1\/pizza_1600.jpg\" ><h2>Salaml\u0131 kahvalt\u0131l\u0131klar&#8230;<\/h2><img decoding=\"async\" src=\"https:\/\/app.egetuerk.de\/media\/recipes\/6\/1\/brot_1600.jpg\" ><h2>Sucuklu omletler&#8230;<\/h2><img decoding=\"async\" src=\"https:\/\/app.egetuerk.de\/media\/recipes\/27\/1\/omlett_1600.jpg\" ><h2>Mangalda sucuk keyfi!<\/h2><img decoding=\"async\" src=\"https:\/\/app.egetuerk.de\/media\/recipes\/3\/1\/baston2_1600.jpg\" ><h2>Mangalda sucuk keyfi!<\/h2><img decoding=\"async\" src=\"https:\/\/app.egetuerk.de\/media\/recipes\/2\/1\/baston_1600.jpg\" ><h2>Nefis sucuklu pideler&#8230;<\/h2><img decoding=\"async\" src=\"https:\/\/app.egetuerk.de\/media\/recipes\/36\/1\/pide_1600.jpg\" ><h2>Sucuklu tostlar&#8230;<\/h2><img decoding=\"async\" src=\"https:\/\/app.egetuerk.de\/media\/recipes\/25\/1\/mera_1600.jpg\" ><h2>Sucuklu omletler&#8230;<\/h2><img decoding=\"async\" src=\"https:\/\/app.egetuerk.de\/media\/recipes\/28\/1\/parmak_1600.jpg\" ><h2>Mis gibi k\u0131zarm\u0131\u015f sucuk!<\/h2><img decoding=\"async\" src=\"https:\/\/app.egetuerk.de\/media\/recipes\/31\/1\/parmak3_1600.jpg\" ><h2>Mangalda sucuk keyfi!<\/h2><img decoding=\"async\" src=\"https:\/\/app.egetuerk.de\/media\/recipes\/29\/1\/parmak_grill_1600.jpg\" ><h2>Sucuklu tostlar&#8230;<\/h2><img decoding=\"async\" src=\"https:\/\/app.egetuerk.de\/media\/recipes\/41\/1\/toast_1600.jpg\" ><h2>Mis gibi k\u0131zarm\u0131\u015f sucuk!<\/h2><img decoding=\"async\" src=\"https:\/\/app.egetuerk.de\/media\/recipes\/30\/1\/parmak2_1600.jpg\" ><\/p><h2>Mis gibi k\u0131zarm\u0131\u015f sucuk!<\/h2><img decoding=\"async\" src=\"https:\/\/app.egetuerk.de\/media\/recipes\/20\/1\/kangal2_1600.jpg\" >    \n                Efepa\u015fa Sucuk\n                <h2>SUCUK \u00c7E\u015e\u0130TLER\u0130M\u0130Z<\/h2>\n        <a href=\"https:\/\/www.egetuerk.de\/tr\/\u00fcr\u00fcn\/guven-dilim-sucuk\/\"><img decoding=\"async\" src=\"https:\/\/app.egetuerk.de\/media\/product\/37\/Gu%CC%88ven.png\" alt=\"G\u00dcVEN D\u0130L\u0130M SUCUK\"><\/a><a href=\"https:\/\/www.egetuerk.de\/tr\/\u00fcr\u00fcn\/baston-sucuk\/\"><img decoding=\"async\" src=\"https:\/\/app.egetuerk.de\/media\/product\/36\/36.png\" alt=\"BASTON SUCUK\"><\/a><a href=\"https:\/\/www.egetuerk.de\/tr\/\u00fcr\u00fcn\/yonca-parmak-sucuk\/\"><img decoding=\"async\" src=\"https:\/\/app.egetuerk.de\/media\/product\/34\/Yonca.png\" alt=\"YONCA PARMAK SUCUK\"><\/a><a href=\"https:\/\/www.egetuerk.de\/tr\/\u00fcr\u00fcn\/pasam-parmak-sucuk\/\"><img decoding=\"async\" src=\"https:\/\/app.egetuerk.de\/media\/product\/33\/Pasam.png\" alt=\"PA\u015eAM PARMAK SUCUK\"><\/a><a href=\"https:\/\/www.egetuerk.de\/tr\/\u00fcr\u00fcn\/pasa-kangal-sucuk\/\"><img decoding=\"async\" src=\"https:\/\/app.egetuerk.de\/media\/product\/32\/Pasa.png\" alt=\"PA\u015eA KANGAL SUCUK\"><\/a>    \n\t\t\t\t<img loading=\"lazy\" decoding=\"async\" src=\"https:\/\/www.egetuerk.de\/wp-content\/uploads\/2018\/08\/logo.svg\" alt=\"logo\" itemprop=\"image\" height=\"690\" width=\"1024\" title=\"logo\" onerror=\"this.style.display='none'\"  \/>\n<h3>\n\t\t<br> \n\t<\/h3>\n\t<strong>EGET\u00dcRK <\/strong><strong>WURST- UND<\/strong><br \/>\n<strong>FLEISCHWAREN\u00adFABRIKATION<\/strong><br \/>\n<strong>GMBH &amp; CO. KG<\/strong>\n<h3>\n\t\tAdres\n\t<\/h3>\n\tFeldkasseler Weg 5<br \/>\n50769 K\u00f6ln<br \/>\nAlmanya\n<h3>\n\t\t\u0130leti\u015fim\n\t<\/h3>\n\tTelefon: +49 (0) 221 \/ 709 29 &#8211; 0<br \/>\nFaks: +49 (0) 221 \/ 700 23 78<br \/>\nE-Posta: <strong><a href=\"mailto:info@egetuerk.de\">info@egetuerk.de<\/a><\/strong>\n\t<p>\u00a9 2026. T\u00fcm haklar\u0131 sakl\u0131d\u0131r. <div class=\"menu-footer_legal-tuerkisch-container\"><ul id=\"menu-footer_legal-tuerkisch\" class=\"menu\"><li id=\"menu-item-4061\" class=\"menu-item menu-item-type-post_type menu-item-object-page menu-item-4061\"><a href=\"https:\/\/www.egetuerk.de\/tr\/yasal-bilgiler\/\">Yasal Bilgiler<\/a><\/li>\n<li id=\"menu-item-4062\" class=\"menu-item menu-item-type-post_type menu-item-object-page menu-item-4062\"><a href=\"https:\/\/www.egetuerk.de\/tr\/guevenlik-ve-gizlilik\/\">G\u00fcvenlik ve Gizlilik<\/a><\/li>\n<\/ul><\/div><\/p>\n","protected":false},"excerpt":{"rendered":"<p>Sucuk vazge\u00e7ilmez bir tutkudur. S\u0131\u011f\u0131r etinden, taze sar\u0131msakl\u0131 ve \u00f6zel aroma y\u00fckl\u00fc lezzetli baharatlar\u0131 ile Efepa\u015fa Sucuklar\u0131m\u0131z\u0131n tad\u0131, dillerden d\u00fc\u015fm\u00fcyor&#8230;<\/p>\n","protected":false},"author":1,"featured_media":3429,"parent":4038,"menu_order":0,"comment_status":"closed","ping_status":"closed","template":"","meta":{"_acf_changed":false,"inline_featured_image":false,"footnotes":""},"class_list":["post-4042","page","type-page","status-publish","has-post-thumbnail","hentry"],"acf":[],"yoast_head":"<!-- This site is optimized with the Yoast SEO plugin v27.5 - https:\/\/yoast.com\/product\/yoast-seo-wordpress\/ -->\n<title>Efepa\u015fa Sucuk | Vazge\u00e7ilmez bir tutku<\/title>\n<meta name=\"robots\" content=\"index, follow, max-snippet:-1, max-image-preview:large, max-video-preview:-1\" \/>\n<link rel=\"canonical\" href=\"https:\/\/www.egetuerk.de\/tr\/efepasa\/sucuk\/\" \/>\n<meta property=\"og:locale\" content=\"tr_TR\" \/>\n<meta property=\"og:type\" content=\"article\" \/>\n<meta property=\"og:title\" content=\"Efepa\u015fa Sucuk | Vazge\u00e7ilmez bir tutku\" \/>\n<meta property=\"og:description\" content=\"Sucuk vazge\u00e7ilmez bir tutkudur. S\u0131\u011f\u0131r etinden, taze sar\u0131msakl\u0131 ve \u00f6zel aroma y\u00fckl\u00fc lezzetli baharatlar\u0131 ile Efepa\u015fa Sucuklar\u0131m\u0131z\u0131n tad\u0131, dillerden d\u00fc\u015fm\u00fcyor...\" \/>\n<meta property=\"og:url\" content=\"https:\/\/www.egetuerk.de\/tr\/efepasa\/sucuk\/\" \/>\n<meta property=\"og:site_name\" content=\"Eget\u00fcrk\" \/>\n<meta property=\"article:modified_time\" content=\"2022-01-10T17:29:15+00:00\" \/>\n<meta property=\"og:image\" content=\"https:\/\/www.egetuerk.de\/wp-content\/uploads\/2018\/12\/efepasa-sucuk.png\" \/>\n\t<meta property=\"og:image:width\" content=\"208\" \/>\n\t<meta property=\"og:image:height\" content=\"288\" \/>\n\t<meta property=\"og:image:type\" content=\"image\/png\" \/>\n<meta name=\"twitter:card\" content=\"summary_large_image\" \/>\n<meta name=\"twitter:label1\" content=\"Tahmini okuma s\u00fcresi\" \/>\n\t<meta name=\"twitter:data1\" content=\"1 dakika\" \/>\n<script type=\"application\/ld+json\" class=\"yoast-schema-graph\">{\"@context\":\"https:\\\/\\\/schema.org\",\"@graph\":[{\"@type\":\"WebPage\",\"@id\":\"https:\\\/\\\/www.egetuerk.de\\\/tr\\\/efepasa\\\/sucuk\\\/\",\"url\":\"https:\\\/\\\/www.egetuerk.de\\\/tr\\\/efepasa\\\/sucuk\\\/\",\"name\":\"Efepa\u015fa Sucuk | Vazge\u00e7ilmez bir tutku\",\"isPartOf\":{\"@id\":\"https:\\\/\\\/www.egetuerk.de\\\/#website\"},\"primaryImageOfPage\":{\"@id\":\"https:\\\/\\\/www.egetuerk.de\\\/tr\\\/efepasa\\\/sucuk\\\/#primaryimage\"},\"image\":{\"@id\":\"https:\\\/\\\/www.egetuerk.de\\\/tr\\\/efepasa\\\/sucuk\\\/#primaryimage\"},\"thumbnailUrl\":\"https:\\\/\\\/www.egetuerk.de\\\/wp-content\\\/uploads\\\/2018\\\/12\\\/efepasa-sucuk.png\",\"datePublished\":\"2019-01-04T09:23:25+00:00\",\"dateModified\":\"2022-01-10T17:29:15+00:00\",\"breadcrumb\":{\"@id\":\"https:\\\/\\\/www.egetuerk.de\\\/tr\\\/efepasa\\\/sucuk\\\/#breadcrumb\"},\"inLanguage\":\"tr\",\"potentialAction\":[{\"@type\":\"ReadAction\",\"target\":[\"https:\\\/\\\/www.egetuerk.de\\\/tr\\\/efepasa\\\/sucuk\\\/\"]}]},{\"@type\":\"ImageObject\",\"inLanguage\":\"tr\",\"@id\":\"https:\\\/\\\/www.egetuerk.de\\\/tr\\\/efepasa\\\/sucuk\\\/#primaryimage\",\"url\":\"https:\\\/\\\/www.egetuerk.de\\\/wp-content\\\/uploads\\\/2018\\\/12\\\/efepasa-sucuk.png\",\"contentUrl\":\"https:\\\/\\\/www.egetuerk.de\\\/wp-content\\\/uploads\\\/2018\\\/12\\\/efepasa-sucuk.png\",\"width\":208,\"height\":288},{\"@type\":\"BreadcrumbList\",\"@id\":\"https:\\\/\\\/www.egetuerk.de\\\/tr\\\/efepasa\\\/sucuk\\\/#breadcrumb\",\"itemListElement\":[{\"@type\":\"ListItem\",\"position\":1,\"name\":\"Startseite\",\"item\":\"https:\\\/\\\/www.egetuerk.de\\\/tr\\\/\"},{\"@type\":\"ListItem\",\"position\":2,\"name\":\"Efepa\u015fa\",\"item\":\"https:\\\/\\\/www.egetuerk.de\\\/tr\\\/efepasa\\\/\"},{\"@type\":\"ListItem\",\"position\":3,\"name\":\"Sucuk\"}]},{\"@type\":\"WebSite\",\"@id\":\"https:\\\/\\\/www.egetuerk.de\\\/#website\",\"url\":\"https:\\\/\\\/www.egetuerk.de\\\/\",\"name\":\"Eget\u00fcrk\",\"description\":\"\",\"potentialAction\":[{\"@type\":\"SearchAction\",\"target\":{\"@type\":\"EntryPoint\",\"urlTemplate\":\"https:\\\/\\\/www.egetuerk.de\\\/?s={search_term_string}\"},\"query-input\":{\"@type\":\"PropertyValueSpecification\",\"valueRequired\":true,\"valueName\":\"search_term_string\"}}],\"inLanguage\":\"tr\"}]}<\/script>\n<!-- \/ Yoast SEO plugin. -->","yoast_head_json":{"title":"Efepa\u015fa Sucuk | Vazge\u00e7ilmez bir tutku","robots":{"index":"index","follow":"follow","max-snippet":"max-snippet:-1","max-image-preview":"max-image-preview:large","max-video-preview":"max-video-preview:-1"},"canonical":"https:\/\/www.egetuerk.de\/tr\/efepasa\/sucuk\/","og_locale":"tr_TR","og_type":"article","og_title":"Efepa\u015fa Sucuk | Vazge\u00e7ilmez bir tutku","og_description":"Sucuk vazge\u00e7ilmez bir tutkudur. S\u0131\u011f\u0131r etinden, taze sar\u0131msakl\u0131 ve \u00f6zel aroma y\u00fckl\u00fc lezzetli baharatlar\u0131 ile Efepa\u015fa Sucuklar\u0131m\u0131z\u0131n tad\u0131, dillerden d\u00fc\u015fm\u00fcyor...","og_url":"https:\/\/www.egetuerk.de\/tr\/efepasa\/sucuk\/","og_site_name":"Eget\u00fcrk","article_modified_time":"2022-01-10T17:29:15+00:00","og_image":[{"width":208,"height":288,"url":"https:\/\/www.egetuerk.de\/wp-content\/uploads\/2018\/12\/efepasa-sucuk.png","type":"image\/png"}],"twitter_card":"summary_large_image","twitter_misc":{"Tahmini okuma s\u00fcresi":"1 dakika"},"schema":{"@context":"https:\/\/schema.org","@graph":[{"@type":"WebPage","@id":"https:\/\/www.egetuerk.de\/tr\/efepasa\/sucuk\/","url":"https:\/\/www.egetuerk.de\/tr\/efepasa\/sucuk\/","name":"Efepa\u015fa Sucuk | Vazge\u00e7ilmez bir tutku","isPartOf":{"@id":"https:\/\/www.egetuerk.de\/#website"},"primaryImageOfPage":{"@id":"https:\/\/www.egetuerk.de\/tr\/efepasa\/sucuk\/#primaryimage"},"image":{"@id":"https:\/\/www.egetuerk.de\/tr\/efepasa\/sucuk\/#primaryimage"},"thumbnailUrl":"https:\/\/www.egetuerk.de\/wp-content\/uploads\/2018\/12\/efepasa-sucuk.png","datePublished":"2019-01-04T09:23:25+00:00","dateModified":"2022-01-10T17:29:15+00:00","breadcrumb":{"@id":"https:\/\/www.egetuerk.de\/tr\/efepasa\/sucuk\/#breadcrumb"},"inLanguage":"tr","potentialAction":[{"@type":"ReadAction","target":["https:\/\/www.egetuerk.de\/tr\/efepasa\/sucuk\/"]}]},{"@type":"ImageObject","inLanguage":"tr","@id":"https:\/\/www.egetuerk.de\/tr\/efepasa\/sucuk\/#primaryimage","url":"https:\/\/www.egetuerk.de\/wp-content\/uploads\/2018\/12\/efepasa-sucuk.png","contentUrl":"https:\/\/www.egetuerk.de\/wp-content\/uploads\/2018\/12\/efepasa-sucuk.png","width":208,"height":288},{"@type":"BreadcrumbList","@id":"https:\/\/www.egetuerk.de\/tr\/efepasa\/sucuk\/#breadcrumb","itemListElement":[{"@type":"ListItem","position":1,"name":"Startseite","item":"https:\/\/www.egetuerk.de\/tr\/"},{"@type":"ListItem","position":2,"name":"Efepa\u015fa","item":"https:\/\/www.egetuerk.de\/tr\/efepasa\/"},{"@type":"ListItem","position":3,"name":"Sucuk"}]},{"@type":"WebSite","@id":"https:\/\/www.egetuerk.de\/#website","url":"https:\/\/www.egetuerk.de\/","name":"Eget\u00fcrk","description":"","potentialAction":[{"@type":"SearchAction","target":{"@type":"EntryPoint","urlTemplate":"https:\/\/www.egetuerk.de\/?s={search_term_string}"},"query-input":{"@type":"PropertyValueSpecification","valueRequired":true,"valueName":"search_term_string"}}],"inLanguage":"tr"}]}},"_links":{"self":[{"href":"https:\/\/www.egetuerk.de\/tr\/wp-json\/wp\/v2\/pages\/4042","targetHints":{"allow":["GET"]}}],"collection":[{"href":"https:\/\/www.egetuerk.de\/tr\/wp-json\/wp\/v2\/pages"}],"about":[{"href":"https:\/\/www.egetuerk.de\/tr\/wp-json\/wp\/v2\/types\/page"}],"author":[{"embeddable":true,"href":"https:\/\/www.egetuerk.de\/tr\/wp-json\/wp\/v2\/users\/1"}],"replies":[{"embeddable":true,"href":"https:\/\/www.egetuerk.de\/tr\/wp-json\/wp\/v2\/comments?post=4042"}],"version-history":[{"count":25,"href":"https:\/\/www.egetuerk.de\/tr\/wp-json\/wp\/v2\/pages\/4042\/revisions"}],"predecessor-version":[{"id":116008,"href":"https:\/\/www.egetuerk.de\/tr\/wp-json\/wp\/v2\/pages\/4042\/revisions\/116008"}],"up":[{"embeddable":true,"href":"https:\/\/www.egetuerk.de\/tr\/wp-json\/wp\/v2\/pages\/4038"}],"wp:featuredmedia":[{"embeddable":true,"href":"https:\/\/www.egetuerk.de\/tr\/wp-json\/wp\/v2\/media\/3429"}],"wp:attachment":[{"href":"https:\/\/www.egetuerk.de\/tr\/wp-json\/wp\/v2\/media?parent=4042"}],"curies":[{"name":"wp","href":"https:\/\/api.w.org\/{rel}","templated":true}]}}