{"id":4041,"date":"2019-01-04T10:23:10","date_gmt":"2019-01-04T09:23:10","guid":{"rendered":"https:\/\/egetuerk.vorschau.xyz\/marktsuche\/"},"modified":"2022-01-10T18:37:22","modified_gmt":"2022-01-10T17:37:22","slug":"satis-noktalari","status":"publish","type":"page","link":"https:\/\/www.egetuerk.de\/tr\/satis-noktalari\/","title":{"rendered":"SATI\u015e NOKTALARI"},"content":{"rendered":"\n\t<p>SSS<\/p>\n<h2>\n\t\tS\u0131k\u00e7a sorulan sorular\n\t<\/h2>\n\t\t\t<a href=\"#\" id=\"fl-accordion--label-0\" tabindex=\"0\" aria-controls=\"fl-accordion--panel-0\">Eget\u00fcrk \u00fcr\u00fcnlerini nerede bulabilirim?<\/a>\n\t\t\t\t\t\t\t<a href=\"#\" id=\"fl-accordion--icon-0\" tabindex=\"0\" aria-controls=\"fl-accordion--panel-0\"><i>Expand<\/i><\/a>\n\t\t<p>Avrupa\u2019n\u0131n her yerindeki T\u00fcrk marketlerinde ve se\u00e7kin Alman s\u00fcpermarketlerinde Eget\u00fcrk ve Efepa\u015fa \u00fcr\u00fcnlerini bulabilirsiniz.<\/p>\n\t\t\t<a href=\"#\" id=\"fl-accordion--label-1\" tabindex=\"0\" aria-controls=\"fl-accordion--panel-1\">Nerede \u00fcretiyorsunuz?<\/a>\n\t\t\t\t\t\t\t<a href=\"#\" id=\"fl-accordion--icon-1\" tabindex=\"0\" aria-controls=\"fl-accordion--panel-1\"><i>Expand<\/i><\/a>\n\t\t<p>\u00dcr\u00fcnlerimiz 1966 y\u0131l\u0131ndan bu yana Almanya\u2019da imal edilmektedir. Eget\u00fcrk, K\u00f6ln\u2019deki fabrikas\u0131nda g\u00fcnde 150 tonluk kapasitesi ile Almanya\u2019n\u0131n en b\u00fcy\u00fck helal et mamulleri \u00fcreticisidir. Daha ayr\u0131nt\u0131l\u0131 bilgi i\u00e7in:\u00a0<a href=\"https:\/\/www.egetuerk.de\/tr\/tarihce\/\">Tarih\u00e7e<\/a>.<\/p>\n\t\t\t<a href=\"#\" id=\"fl-accordion--label-2\" tabindex=\"0\" aria-controls=\"fl-accordion--panel-2\">Eget\u00fcrk ve Efepa\u015fa aras\u0131ndaki fark nedir?<\/a>\n\t\t\t\t\t\t\t<a href=\"#\" id=\"fl-accordion--icon-2\" tabindex=\"0\" aria-controls=\"fl-accordion--panel-2\"><i>Expand<\/i><\/a>\n\t\t<p>Eget\u00fcrk ve Efepa\u015f\u0131 \u00fcr\u00fcnlerini ayn\u0131 y\u00fcksek kaliteli helal etlerden ve ayn\u0131 fabrikada \u00fcretiyoruz, sadece tariflerinde ve baharatlar\u0131nda tat fark\u0131 yarat\u0131yoruz. Daha ayr\u0131nt\u0131l\u0131 bilgi i\u00e7in: <a href=\"https:\/\/www.egetuerk.de\/tr\/egetuerk\/\">Eget\u00fcrk\u00a0<\/a>ve\u00a0<a href=\"https:\/\/www.egetuerk.de\/tr\/efepasa\/\">Efepa\u015fa<\/a> marka sayfalar\u0131.<\/p>\n\t\t\t\t<img loading=\"lazy\" decoding=\"async\" src=\"https:\/\/www.egetuerk.de\/wp-content\/uploads\/2018\/08\/logo.svg\" alt=\"logo\" itemprop=\"image\" height=\"690\" width=\"1024\" title=\"logo\" onerror=\"this.style.display='none'\"  \/>\n<h3>\n\t\t<br> \n\t<\/h3>\n\t<strong>EGET\u00dcRK <\/strong><strong>WURST- UND<\/strong><br \/>\n<strong>FLEISCHWAREN\u00adFABRIKATION<\/strong><br \/>\n<strong>GMBH &amp; CO. KG<\/strong>\n<h3>\n\t\tAdres\n\t<\/h3>\n\tFeldkasseler Weg 5<br \/>\n50769 K\u00f6ln<br \/>\nAlmanya\n<h3>\n\t\t\u0130leti\u015fim\n\t<\/h3>\n\tTelefon: +49 (0) 221 \/ 709 29 &#8211; 0<br \/>\nFaks: +49 (0) 221 \/ 700 23 78<br \/>\nE-Posta: <strong><a href=\"mailto:info@egetuerk.de\">info@egetuerk.de<\/a><\/strong>\n\t<p>\u00a9 2026. T\u00fcm haklar\u0131 sakl\u0131d\u0131r. <div class=\"menu-footer_legal-tuerkisch-container\"><ul id=\"menu-footer_legal-tuerkisch\" class=\"menu\"><li id=\"menu-item-4061\" class=\"menu-item menu-item-type-post_type menu-item-object-page menu-item-4061\"><a href=\"https:\/\/www.egetuerk.de\/tr\/yasal-bilgiler\/\">Yasal Bilgiler<\/a><\/li>\n<li id=\"menu-item-4062\" class=\"menu-item menu-item-type-post_type menu-item-object-page menu-item-4062\"><a href=\"https:\/\/www.egetuerk.de\/tr\/guevenlik-ve-gizlilik\/\">G\u00fcvenlik ve Gizlilik<\/a><\/li>\n<\/ul><\/div><\/p>\n","protected":false},"excerpt":{"rendered":"<p>Size en yak\u0131n sat\u0131\u015f noktas\u0131n\u0131 buradan bulabilirsiniz&#8230;<\/p>\n","protected":false},"author":1,"featured_media":0,"parent":0,"menu_order":0,"comment_status":"closed","ping_status":"closed","template":"tpl-dealerlocator.php","meta":{"_acf_changed":false,"inline_featured_image":false,"footnotes":""},"class_list":["post-4041","page","type-page","status-publish","hentry"],"acf":[],"yoast_head":"<!-- This site is optimized with the Yoast SEO plugin v27.5 - https:\/\/yoast.com\/product\/yoast-seo-wordpress\/ -->\n<title>Sat\u0131\u015f Noktalar\u0131 | Egetu\u0308rk<\/title>\n<meta name=\"robots\" content=\"index, follow, max-snippet:-1, max-image-preview:large, max-video-preview:-1\" \/>\n<link rel=\"canonical\" href=\"https:\/\/www.egetuerk.de\/tr\/satis-noktalari\/\" \/>\n<meta property=\"og:locale\" content=\"tr_TR\" \/>\n<meta property=\"og:type\" content=\"article\" \/>\n<meta property=\"og:title\" content=\"Sat\u0131\u015f Noktalar\u0131 | Egetu\u0308rk\" \/>\n<meta property=\"og:description\" content=\"Size en yak\u0131n sat\u0131\u015f noktas\u0131n\u0131 buradan bulabilirsiniz...\" \/>\n<meta property=\"og:url\" content=\"https:\/\/www.egetuerk.de\/tr\/satis-noktalari\/\" \/>\n<meta property=\"og:site_name\" content=\"Eget\u00fcrk\" \/>\n<meta property=\"article:modified_time\" content=\"2022-01-10T17:37:22+00:00\" \/>\n<meta property=\"og:image\" content=\"https:\/\/www.egetuerk.de\/wp-content\/uploads\/2018\/08\/logo.svg\" \/>\n<meta name=\"twitter:card\" content=\"summary_large_image\" \/>\n<meta name=\"twitter:label1\" content=\"Tahmini okuma s\u00fcresi\" \/>\n\t<meta name=\"twitter:data1\" content=\"1 dakika\" \/>\n<script type=\"application\/ld+json\" class=\"yoast-schema-graph\">{\"@context\":\"https:\\\/\\\/schema.org\",\"@graph\":[{\"@type\":\"WebPage\",\"@id\":\"https:\\\/\\\/www.egetuerk.de\\\/tr\\\/satis-noktalari\\\/\",\"url\":\"https:\\\/\\\/www.egetuerk.de\\\/tr\\\/satis-noktalari\\\/\",\"name\":\"Sat\u0131\u015f Noktalar\u0131 | Egetu\u0308rk\",\"isPartOf\":{\"@id\":\"https:\\\/\\\/www.egetuerk.de\\\/#website\"},\"primaryImageOfPage\":{\"@id\":\"https:\\\/\\\/www.egetuerk.de\\\/tr\\\/satis-noktalari\\\/#primaryimage\"},\"image\":{\"@id\":\"https:\\\/\\\/www.egetuerk.de\\\/tr\\\/satis-noktalari\\\/#primaryimage\"},\"thumbnailUrl\":\"https:\\\/\\\/www.egetuerk.de\\\/wp-content\\\/uploads\\\/2018\\\/08\\\/logo.svg\",\"datePublished\":\"2019-01-04T09:23:10+00:00\",\"dateModified\":\"2022-01-10T17:37:22+00:00\",\"breadcrumb\":{\"@id\":\"https:\\\/\\\/www.egetuerk.de\\\/tr\\\/satis-noktalari\\\/#breadcrumb\"},\"inLanguage\":\"tr\",\"potentialAction\":[{\"@type\":\"ReadAction\",\"target\":[\"https:\\\/\\\/www.egetuerk.de\\\/tr\\\/satis-noktalari\\\/\"]}]},{\"@type\":\"ImageObject\",\"inLanguage\":\"tr\",\"@id\":\"https:\\\/\\\/www.egetuerk.de\\\/tr\\\/satis-noktalari\\\/#primaryimage\",\"url\":\"https:\\\/\\\/www.egetuerk.de\\\/wp-content\\\/uploads\\\/2018\\\/08\\\/logo.svg\",\"contentUrl\":\"https:\\\/\\\/www.egetuerk.de\\\/wp-content\\\/uploads\\\/2018\\\/08\\\/logo.svg\"},{\"@type\":\"BreadcrumbList\",\"@id\":\"https:\\\/\\\/www.egetuerk.de\\\/tr\\\/satis-noktalari\\\/#breadcrumb\",\"itemListElement\":[{\"@type\":\"ListItem\",\"position\":1,\"name\":\"Startseite\",\"item\":\"https:\\\/\\\/www.egetuerk.de\\\/tr\\\/\"},{\"@type\":\"ListItem\",\"position\":2,\"name\":\"SATI\u015e NOKTALARI\"}]},{\"@type\":\"WebSite\",\"@id\":\"https:\\\/\\\/www.egetuerk.de\\\/#website\",\"url\":\"https:\\\/\\\/www.egetuerk.de\\\/\",\"name\":\"Eget\u00fcrk\",\"description\":\"\",\"potentialAction\":[{\"@type\":\"SearchAction\",\"target\":{\"@type\":\"EntryPoint\",\"urlTemplate\":\"https:\\\/\\\/www.egetuerk.de\\\/?s={search_term_string}\"},\"query-input\":{\"@type\":\"PropertyValueSpecification\",\"valueRequired\":true,\"valueName\":\"search_term_string\"}}],\"inLanguage\":\"tr\"}]}<\/script>\n<!-- \/ Yoast SEO plugin. -->","yoast_head_json":{"title":"Sat\u0131\u015f Noktalar\u0131 | Egetu\u0308rk","robots":{"index":"index","follow":"follow","max-snippet":"max-snippet:-1","max-image-preview":"max-image-preview:large","max-video-preview":"max-video-preview:-1"},"canonical":"https:\/\/www.egetuerk.de\/tr\/satis-noktalari\/","og_locale":"tr_TR","og_type":"article","og_title":"Sat\u0131\u015f Noktalar\u0131 | Egetu\u0308rk","og_description":"Size en yak\u0131n sat\u0131\u015f noktas\u0131n\u0131 buradan bulabilirsiniz...","og_url":"https:\/\/www.egetuerk.de\/tr\/satis-noktalari\/","og_site_name":"Eget\u00fcrk","article_modified_time":"2022-01-10T17:37:22+00:00","og_image":[{"url":"https:\/\/www.egetuerk.de\/wp-content\/uploads\/2018\/08\/logo.svg","type":"","width":"","height":""}],"twitter_card":"summary_large_image","twitter_misc":{"Tahmini okuma s\u00fcresi":"1 dakika"},"schema":{"@context":"https:\/\/schema.org","@graph":[{"@type":"WebPage","@id":"https:\/\/www.egetuerk.de\/tr\/satis-noktalari\/","url":"https:\/\/www.egetuerk.de\/tr\/satis-noktalari\/","name":"Sat\u0131\u015f Noktalar\u0131 | Egetu\u0308rk","isPartOf":{"@id":"https:\/\/www.egetuerk.de\/#website"},"primaryImageOfPage":{"@id":"https:\/\/www.egetuerk.de\/tr\/satis-noktalari\/#primaryimage"},"image":{"@id":"https:\/\/www.egetuerk.de\/tr\/satis-noktalari\/#primaryimage"},"thumbnailUrl":"https:\/\/www.egetuerk.de\/wp-content\/uploads\/2018\/08\/logo.svg","datePublished":"2019-01-04T09:23:10+00:00","dateModified":"2022-01-10T17:37:22+00:00","breadcrumb":{"@id":"https:\/\/www.egetuerk.de\/tr\/satis-noktalari\/#breadcrumb"},"inLanguage":"tr","potentialAction":[{"@type":"ReadAction","target":["https:\/\/www.egetuerk.de\/tr\/satis-noktalari\/"]}]},{"@type":"ImageObject","inLanguage":"tr","@id":"https:\/\/www.egetuerk.de\/tr\/satis-noktalari\/#primaryimage","url":"https:\/\/www.egetuerk.de\/wp-content\/uploads\/2018\/08\/logo.svg","contentUrl":"https:\/\/www.egetuerk.de\/wp-content\/uploads\/2018\/08\/logo.svg"},{"@type":"BreadcrumbList","@id":"https:\/\/www.egetuerk.de\/tr\/satis-noktalari\/#breadcrumb","itemListElement":[{"@type":"ListItem","position":1,"name":"Startseite","item":"https:\/\/www.egetuerk.de\/tr\/"},{"@type":"ListItem","position":2,"name":"SATI\u015e NOKTALARI"}]},{"@type":"WebSite","@id":"https:\/\/www.egetuerk.de\/#website","url":"https:\/\/www.egetuerk.de\/","name":"Eget\u00fcrk","description":"","potentialAction":[{"@type":"SearchAction","target":{"@type":"EntryPoint","urlTemplate":"https:\/\/www.egetuerk.de\/?s={search_term_string}"},"query-input":{"@type":"PropertyValueSpecification","valueRequired":true,"valueName":"search_term_string"}}],"inLanguage":"tr"}]}},"_links":{"self":[{"href":"https:\/\/www.egetuerk.de\/tr\/wp-json\/wp\/v2\/pages\/4041","targetHints":{"allow":["GET"]}}],"collection":[{"href":"https:\/\/www.egetuerk.de\/tr\/wp-json\/wp\/v2\/pages"}],"about":[{"href":"https:\/\/www.egetuerk.de\/tr\/wp-json\/wp\/v2\/types\/page"}],"author":[{"embeddable":true,"href":"https:\/\/www.egetuerk.de\/tr\/wp-json\/wp\/v2\/users\/1"}],"replies":[{"embeddable":true,"href":"https:\/\/www.egetuerk.de\/tr\/wp-json\/wp\/v2\/comments?post=4041"}],"version-history":[{"count":15,"href":"https:\/\/www.egetuerk.de\/tr\/wp-json\/wp\/v2\/pages\/4041\/revisions"}],"predecessor-version":[{"id":116027,"href":"https:\/\/www.egetuerk.de\/tr\/wp-json\/wp\/v2\/pages\/4041\/revisions\/116027"}],"wp:attachment":[{"href":"https:\/\/www.egetuerk.de\/tr\/wp-json\/wp\/v2\/media?parent=4041"}],"curies":[{"name":"wp","href":"https:\/\/api.w.org\/{rel}","templated":true}]}}