{"id":4038,"date":"2019-01-04T10:20:39","date_gmt":"2019-01-04T09:20:39","guid":{"rendered":"https:\/\/egetuerk.vorschau.xyz\/efepasa\/"},"modified":"2022-01-10T18:27:37","modified_gmt":"2022-01-10T17:27:37","slug":"efepasa","status":"publish","type":"page","link":"https:\/\/www.egetuerk.de\/tr\/efepasa\/","title":{"rendered":"Efepa\u015fa"},"content":{"rendered":"\n        <img decoding=\"async\" src=\"https:\/\/www.egetuerk.de\/wp-content\/uploads\/2018\/12\/Egetu\u0308rk-kangal-sucuk_B.jpg\" srcset=\"https:\/\/www.egetuerk.de\/wp-content\/uploads\/2018\/12\/Egetu\u0308rk-kangal-sucuk_B.jpg 2560w, https:\/\/www.egetuerk.de\/wp-content\/uploads\/2018\/12\/Egetu\u0308rk-kangal-sucuk_B-300x94.jpg 300w, https:\/\/www.egetuerk.de\/wp-content\/uploads\/2018\/12\/Egetu\u0308rk-kangal-sucuk_B-768x240.jpg 768w, https:\/\/www.egetuerk.de\/wp-content\/uploads\/2018\/12\/Egetu\u0308rk-kangal-sucuk_B-1024x320.jpg 1024w, https:\/\/www.egetuerk.de\/wp-content\/uploads\/2018\/12\/Egetu\u0308rk-kangal-sucuk_B-1600x500.jpg 1600w\">    \n    <h3>\n\t\tEfepa\u015fa \u00fcr\u00fcnleri\n\t<\/h3>\n<p>Al\u0131\u015ft\u0131\u011f\u0131n\u0131z Eget\u00fcrk kalitesinden vazge\u00e7emiyor, biraz de\u011fi\u015fiklik mi istiyorsunuz?<\/p>\n<p>\u00d6yleyse Efepa\u015fa \u00fcr\u00fcnlerini de kesinlikle denemelisiniz. Efepa\u015fa \u00fcr\u00fcnlerinde kulland\u0131\u011f\u0131m\u0131z birka\u00e7 farkl\u0131 baharatla, size arad\u0131\u011f\u0131n\u0131z lezzetleri sunuyoruz. Damak zevkinize uygun bir Efepa\u015fa mutlaka bulabilirsiniz.<\/p>\n<p>Hi\u00e7bir endi\u015fe duymadan t\u00fcketebilece\u011finiz Efepa\u015fa \u00fcr\u00fcnlerinde de, Eget\u00fcrk \u00fcr\u00fcnlerinde oldu\u011fu gibi \u0130slami kurallara uygun helal kesim ve \u00fcst\u00fcn kalite et kullan\u0131yoruz.<\/p>\n<!--\n-->\n        Efepa\u015fa SucukD\u00fcnyaca \u00fcnl\u00fc sucuk \u00e7e\u015fitlerimizi mutlaka deneyin.<a href=\"https:\/\/www.egetuerk.de\/tr\/efepasa\/sucuk\/\">\u00c7e\u015fitlerimiz<\/a>Efepa\u015fa SalamSalam \u00e7e\u015fitlerimizle haz\u0131rlanan her kahvalt\u0131 ziyafete d\u00f6n\u00fc\u015f\u00fcr.<a href=\"https:\/\/www.egetuerk.de\/tr\/efepasa\/salam\/\">\u00c7e\u015fitlerimiz<\/a>Efepa\u015fa SosisHindi veya tavuk etinden \u00fcretti\u011fimiz sosisler, sizi hafif lezzetlerle bulu\u015fturur.<a href=\"https:\/\/www.egetuerk.de\/tr\/efepasa\/sosis\/\">\u00c7e\u015fitlerimiz<\/a>    \n                Marka Efepa\u015fa\n                <h2>Efepa\u015fa \u00fcr\u00fcnleri<\/h2>\n                                Kategori:\n                                    <a href=\"#\" role=\"button\" id=\"dropdown-kategorie\" data-toggle=\"dropdown\" aria-haspopup=\"true\" aria-expanded=\"false\">\n                                        Tu\u0308mu\u0308\n                                    <\/a>\n                                        <a data-taxonomy=\"kategorie\" data-filter=\"all\" href=\"#\">Tu\u0308mu\u0308<\/a><a data-taxonomy=\"kategorie\" data-filter=\"salam\" href=\"#\">SALAM<\/a><a data-taxonomy=\"kategorie\" data-filter=\"sosis\" href=\"#\">SOSiS<\/a><a data-taxonomy=\"kategorie\" data-filter=\"sucuk\" href=\"#\">SUCUK<\/a><a data-taxonomy=\"kategorie\" data-filter=\"pastirma\" href=\"#\">PASTIRMA<\/a>\n                                \u00dcr\u00fcn i\u00e7eri\u011fi:\n                                    <a href=\"#\" role=\"button\" id=\"dropdown-fleischart\" data-toggle=\"dropdown\" aria-haspopup=\"true\" aria-expanded=\"false\">\n                                        Tu\u0308mu\u0308\n                                    <\/a>\n                                        <a data-taxonomy=\"fleischart\" data-filter=\"all\" href=\"#\">Tu\u0308mu\u0308<\/a><a data-taxonomy=\"fleischart\" data-filter=\"sigir\" href=\"#\">S\u0131\u011f\u0131r<\/a><a data-taxonomy=\"fleischart\" data-filter=\"tavuk-hindi\" href=\"#\">Tavuk-Hindi<\/a><a data-taxonomy=\"fleischart\" data-filter=\"gefluegel\" href=\"#\">Gefl\u00fcgel<\/a><a data-taxonomy=\"fleischart\" data-filter=\"rindfleisch\" href=\"#\">Rindfleisch<\/a><a data-taxonomy=\"fleischart\" data-filter=\"hindi\" href=\"#\">Hindi<\/a><a data-taxonomy=\"fleischart\" data-filter=\"truthahn\" href=\"#\">Truthahn<\/a>\n        <a href=\"https:\/\/www.egetuerk.de\/tr\/\u00fcr\u00fcn\/zeybek-dilim-biberli-tavuk-salam\/\"><img decoding=\"async\" src=\"https:\/\/app.egetuerk.de\/media\/product\/46\/Zeybek.png\" alt=\"ZEYBEK D\u0130L\u0130M B\u0130BERL\u0130 TAVUK SALAM\"><\/a><a href=\"https:\/\/www.egetuerk.de\/tr\/\u00fcr\u00fcn\/kervan-dilim-hindi-salam\/\"><img decoding=\"async\" src=\"https:\/\/app.egetuerk.de\/media\/product\/44\/Kervan.png\" alt=\"KERVAN D\u0130L\u0130M H\u0130ND\u0130 SALAM\"><\/a><a href=\"https:\/\/www.egetuerk.de\/tr\/\u00fcr\u00fcn\/etap-d-biberli-sigir-salam\/\"><img decoding=\"async\" src=\"https:\/\/app.egetuerk.de\/media\/product\/45\/Etap.png\" alt=\"ETAP D. B\u0130BERL\u0130 SI\u011eIR SALAM\"><\/a><a href=\"https:\/\/www.egetuerk.de\/tr\/\u00fcr\u00fcn\/yore-dilim-sigir-salam\/\"><img decoding=\"async\" src=\"https:\/\/app.egetuerk.de\/media\/product\/43\/Yo%CC%88re.png\" alt=\"Y\u00d6RE D\u0130L\u0130M SI\u011eIR SALAM\"><\/a><a href=\"https:\/\/www.egetuerk.de\/tr\/\u00fcr\u00fcn\/arzum-dilim-tavuk-salam\/\"><img decoding=\"async\" src=\"https:\/\/app.egetuerk.de\/media\/product\/42\/Arzum.png\" alt=\"ARZUM D\u0130L\u0130M TAVUK SALAM\"><\/a><a href=\"https:\/\/www.egetuerk.de\/tr\/\u00fcr\u00fcn\/ebru-tavuk-salam\/\"><img decoding=\"async\" src=\"https:\/\/app.egetuerk.de\/media\/product\/41\/41.png\" alt=\"EBRU TAVUK SALAM\"><\/a><a href=\"https:\/\/www.egetuerk.de\/tr\/\u00fcr\u00fcn\/inci-party-tavuk-sosis\/\"><img decoding=\"async\" src=\"https:\/\/app.egetuerk.de\/media\/product\/39\/Inci.png\" alt=\"\u0130NC\u0130 PARTY TAVUK SOS\u0130S\"><\/a><a href=\"https:\/\/www.egetuerk.de\/tr\/\u00fcr\u00fcn\/imren-sigir-salam\/\"><img decoding=\"async\" src=\"https:\/\/app.egetuerk.de\/media\/product\/40\/40.png\" alt=\"\u0130MREN SI\u011eIR SALAM\"><\/a><a href=\"https:\/\/www.egetuerk.de\/tr\/\u00fcr\u00fcn\/burcu-tavuk-sosis\/\"><img decoding=\"async\" src=\"https:\/\/app.egetuerk.de\/media\/product\/38\/Burcu.png\" alt=\"BURCU TAVUK SOS\u0130S\"><\/a><a href=\"https:\/\/www.egetuerk.de\/tr\/\u00fcr\u00fcn\/guven-dilim-sucuk\/\"><img decoding=\"async\" src=\"https:\/\/app.egetuerk.de\/media\/product\/37\/Gu%CC%88ven.png\" alt=\"G\u00dcVEN D\u0130L\u0130M SUCUK\"><\/a><a href=\"https:\/\/www.egetuerk.de\/tr\/\u00fcr\u00fcn\/baston-sucuk\/\"><img decoding=\"async\" src=\"https:\/\/app.egetuerk.de\/media\/product\/36\/36.png\" alt=\"BASTON SUCUK\"><\/a><a href=\"https:\/\/www.egetuerk.de\/tr\/\u00fcr\u00fcn\/yonca-parmak-sucuk\/\"><img decoding=\"async\" src=\"https:\/\/app.egetuerk.de\/media\/product\/34\/Yonca.png\" alt=\"YONCA PARMAK SUCUK\"><\/a><a href=\"https:\/\/www.egetuerk.de\/tr\/\u00fcr\u00fcn\/pasam-parmak-sucuk\/\"><img decoding=\"async\" src=\"https:\/\/app.egetuerk.de\/media\/product\/33\/Pasam.png\" alt=\"PA\u015eAM PARMAK SUCUK\"><\/a><a href=\"https:\/\/www.egetuerk.de\/tr\/\u00fcr\u00fcn\/pasa-kangal-sucuk\/\"><img decoding=\"async\" src=\"https:\/\/app.egetuerk.de\/media\/product\/32\/Pasa.png\" alt=\"PA\u015eA KANGAL SUCUK\"><\/a>    \n\t<p>SSS<\/p>\n<h2>\n\t\tS\u0131k\u00e7a sorulan sorular\n\t<\/h2>\n\t\t\t<a href=\"#\" id=\"fl-accordion--label-0\" tabindex=\"0\" aria-controls=\"fl-accordion--panel-0\">Eget\u00fcrk \u00fcr\u00fcnlerini nerede bulabilirim?<\/a>\n\t\t\t\t\t\t\t<a href=\"#\" id=\"fl-accordion--icon-0\" tabindex=\"0\" aria-controls=\"fl-accordion--panel-0\"><i>Expand<\/i><\/a>\n\t\t<p>Avrupa\u2019n\u0131n her yerindeki T\u00fcrk marketlerinde ve se\u00e7kin Alman s\u00fcpermarketlerinde Eget\u00fcrk ve Efepa\u015fa \u00fcr\u00fcnlerini bulabilirsiniz.<\/p>\n\t\t\t<a href=\"#\" id=\"fl-accordion--label-1\" tabindex=\"0\" aria-controls=\"fl-accordion--panel-1\">Nerede \u00fcretiyorsunuz?<\/a>\n\t\t\t\t\t\t\t<a href=\"#\" id=\"fl-accordion--icon-1\" tabindex=\"0\" aria-controls=\"fl-accordion--panel-1\"><i>Expand<\/i><\/a>\n\t\t<p>\u00dcr\u00fcnlerimiz 1966 y\u0131l\u0131ndan bu yana Almanya\u2019da imal edilmektedir. Eget\u00fcrk, K\u00f6ln\u2019deki fabrikas\u0131nda g\u00fcnde 150 tonluk kapasitesi ile Almanya\u2019n\u0131n en b\u00fcy\u00fck helal et mamulleri \u00fcreticisidir. Daha ayr\u0131nt\u0131l\u0131 bilgi i\u00e7in:\u00a0<a href=\"https:\/\/www.egetuerk.de\/tr\/tarihce\/\">Tarih\u00e7e<\/a>.<\/p>\n\t\t\t<a href=\"#\" id=\"fl-accordion--label-2\" tabindex=\"0\" aria-controls=\"fl-accordion--panel-2\">Eget\u00fcrk ve Efepa\u015fa aras\u0131ndaki fark nedir?<\/a>\n\t\t\t\t\t\t\t<a href=\"#\" id=\"fl-accordion--icon-2\" tabindex=\"0\" aria-controls=\"fl-accordion--panel-2\"><i>Expand<\/i><\/a>\n\t\t<p>Eget\u00fcrk ve Efepa\u015f\u0131 \u00fcr\u00fcnlerini ayn\u0131 y\u00fcksek kaliteli helal etlerden ve ayn\u0131 fabrikada \u00fcretiyoruz, sadece tariflerinde ve baharatlar\u0131nda tat fark\u0131 yarat\u0131yoruz. Daha ayr\u0131nt\u0131l\u0131 bilgi i\u00e7in: <a href=\"https:\/\/www.egetuerk.de\/tr\/egetuerk\/\">Eget\u00fcrk\u00a0<\/a>ve\u00a0<a href=\"https:\/\/www.egetuerk.de\/tr\/efepasa\/\">Efepa\u015fa<\/a> marka sayfalar\u0131.<\/p>\n\t\t\t\t<img loading=\"lazy\" decoding=\"async\" src=\"https:\/\/www.egetuerk.de\/wp-content\/uploads\/2018\/08\/logo.svg\" alt=\"logo\" itemprop=\"image\" height=\"690\" width=\"1024\" title=\"logo\" onerror=\"this.style.display='none'\"  \/>\n<h3>\n\t\t<br> \n\t<\/h3>\n\t<strong>EGET\u00dcRK <\/strong><strong>WURST- UND<\/strong><br \/>\n<strong>FLEISCHWAREN\u00adFABRIKATION<\/strong><br \/>\n<strong>GMBH &amp; CO. KG<\/strong>\n<h3>\n\t\tAdres\n\t<\/h3>\n\tFeldkasseler Weg 5<br \/>\n50769 K\u00f6ln<br \/>\nAlmanya\n<h3>\n\t\t\u0130leti\u015fim\n\t<\/h3>\n\tTelefon: +49 (0) 221 \/ 709 29 &#8211; 0<br \/>\nFaks: +49 (0) 221 \/ 700 23 78<br \/>\nE-Posta: <strong><a href=\"mailto:info@egetuerk.de\">info@egetuerk.de<\/a><\/strong>\n\t<p>\u00a9 2026. T\u00fcm haklar\u0131 sakl\u0131d\u0131r. <div class=\"menu-footer_legal-tuerkisch-container\"><ul id=\"menu-footer_legal-tuerkisch\" class=\"menu\"><li id=\"menu-item-4061\" class=\"menu-item menu-item-type-post_type menu-item-object-page menu-item-4061\"><a href=\"https:\/\/www.egetuerk.de\/tr\/yasal-bilgiler\/\">Yasal Bilgiler<\/a><\/li>\n<li id=\"menu-item-4062\" class=\"menu-item menu-item-type-post_type menu-item-object-page menu-item-4062\"><a href=\"https:\/\/www.egetuerk.de\/tr\/guevenlik-ve-gizlilik\/\">G\u00fcvenlik ve Gizlilik<\/a><\/li>\n<\/ul><\/div><\/p>\n","protected":false},"excerpt":{"rendered":"<p>Al\u0131\u015ft\u0131\u011f\u0131n\u0131z Eget\u00fcrk kalitesinden vazge\u00e7emiyor, biraz de\u011fi\u015fiklik mi istiyorsunuz?&#8230;<\/p>\n","protected":false},"author":1,"featured_media":3683,"parent":0,"menu_order":0,"comment_status":"closed","ping_status":"closed","template":"","meta":{"_acf_changed":false,"inline_featured_image":false,"footnotes":""},"class_list":["post-4038","page","type-page","status-publish","has-post-thumbnail","hentry"],"acf":[],"yoast_head":"<!-- This site is optimized with the Yoast SEO plugin v27.2 - https:\/\/yoast.com\/product\/yoast-seo-wordpress\/ -->\n<title>Efepa\u015fa \u00dcru\u0308nleri | Arad\u0131\u011f\u0131n\u0131z lezzet<\/title>\n<meta name=\"robots\" content=\"index, follow, max-snippet:-1, max-image-preview:large, max-video-preview:-1\" \/>\n<link rel=\"canonical\" href=\"https:\/\/www.egetuerk.de\/tr\/efepasa\/\" \/>\n<meta property=\"og:locale\" content=\"tr_TR\" \/>\n<meta property=\"og:type\" content=\"article\" \/>\n<meta property=\"og:title\" content=\"Efepa\u015fa \u00dcru\u0308nleri | Arad\u0131\u011f\u0131n\u0131z lezzet\" \/>\n<meta property=\"og:description\" content=\"Al\u0131\u015ft\u0131\u011f\u0131n\u0131z Eget\u00fcrk kalitesinden vazge\u00e7emiyor, biraz de\u011fi\u015fiklik mi istiyorsunuz?...\" \/>\n<meta property=\"og:url\" content=\"https:\/\/www.egetuerk.de\/tr\/efepasa\/\" \/>\n<meta property=\"og:site_name\" content=\"Eget\u00fcrk\" \/>\n<meta property=\"article:modified_time\" content=\"2022-01-10T17:27:37+00:00\" \/>\n<meta property=\"og:image\" content=\"https:\/\/www.egetuerk.de\/wp-content\/uploads\/2018\/12\/efepasa-logo-1.png\" \/>\n\t<meta property=\"og:image:width\" content=\"144\" \/>\n\t<meta property=\"og:image:height\" content=\"102\" \/>\n\t<meta property=\"og:image:type\" content=\"image\/png\" \/>\n<meta name=\"twitter:card\" content=\"summary_large_image\" \/>\n<meta name=\"twitter:label1\" content=\"Tahmini okuma s\u00fcresi\" \/>\n\t<meta name=\"twitter:data1\" content=\"2 dakika\" \/>\n<script type=\"application\/ld+json\" class=\"yoast-schema-graph\">{\"@context\":\"https:\/\/schema.org\",\"@graph\":[{\"@type\":\"WebPage\",\"@id\":\"https:\/\/www.egetuerk.de\/tr\/efepasa\/\",\"url\":\"https:\/\/www.egetuerk.de\/tr\/efepasa\/\",\"name\":\"Efepa\u015fa \u00dcru\u0308nleri | Arad\u0131\u011f\u0131n\u0131z lezzet\",\"isPartOf\":{\"@id\":\"https:\/\/www.egetuerk.de\/#website\"},\"primaryImageOfPage\":{\"@id\":\"https:\/\/www.egetuerk.de\/tr\/efepasa\/#primaryimage\"},\"image\":{\"@id\":\"https:\/\/www.egetuerk.de\/tr\/efepasa\/#primaryimage\"},\"thumbnailUrl\":\"https:\/\/www.egetuerk.de\/wp-content\/uploads\/2018\/12\/efepasa-logo-1.png\",\"datePublished\":\"2019-01-04T09:20:39+00:00\",\"dateModified\":\"2022-01-10T17:27:37+00:00\",\"breadcrumb\":{\"@id\":\"https:\/\/www.egetuerk.de\/tr\/efepasa\/#breadcrumb\"},\"inLanguage\":\"tr\",\"potentialAction\":[{\"@type\":\"ReadAction\",\"target\":[\"https:\/\/www.egetuerk.de\/tr\/efepasa\/\"]}]},{\"@type\":\"ImageObject\",\"inLanguage\":\"tr\",\"@id\":\"https:\/\/www.egetuerk.de\/tr\/efepasa\/#primaryimage\",\"url\":\"https:\/\/www.egetuerk.de\/wp-content\/uploads\/2018\/12\/efepasa-logo-1.png\",\"contentUrl\":\"https:\/\/www.egetuerk.de\/wp-content\/uploads\/2018\/12\/efepasa-logo-1.png\",\"width\":144,\"height\":102},{\"@type\":\"BreadcrumbList\",\"@id\":\"https:\/\/www.egetuerk.de\/tr\/efepasa\/#breadcrumb\",\"itemListElement\":[{\"@type\":\"ListItem\",\"position\":1,\"name\":\"Startseite\",\"item\":\"https:\/\/www.egetuerk.de\/tr\/\"},{\"@type\":\"ListItem\",\"position\":2,\"name\":\"Efepa\u015fa\"}]},{\"@type\":\"WebSite\",\"@id\":\"https:\/\/www.egetuerk.de\/#website\",\"url\":\"https:\/\/www.egetuerk.de\/\",\"name\":\"Eget\u00fcrk\",\"description\":\"\",\"potentialAction\":[{\"@type\":\"SearchAction\",\"target\":{\"@type\":\"EntryPoint\",\"urlTemplate\":\"https:\/\/www.egetuerk.de\/?s={search_term_string}\"},\"query-input\":{\"@type\":\"PropertyValueSpecification\",\"valueRequired\":true,\"valueName\":\"search_term_string\"}}],\"inLanguage\":\"tr\"}]}<\/script>\n<!-- \/ Yoast SEO plugin. -->","yoast_head_json":{"title":"Efepa\u015fa \u00dcru\u0308nleri | Arad\u0131\u011f\u0131n\u0131z lezzet","robots":{"index":"index","follow":"follow","max-snippet":"max-snippet:-1","max-image-preview":"max-image-preview:large","max-video-preview":"max-video-preview:-1"},"canonical":"https:\/\/www.egetuerk.de\/tr\/efepasa\/","og_locale":"tr_TR","og_type":"article","og_title":"Efepa\u015fa \u00dcru\u0308nleri | Arad\u0131\u011f\u0131n\u0131z lezzet","og_description":"Al\u0131\u015ft\u0131\u011f\u0131n\u0131z Eget\u00fcrk kalitesinden vazge\u00e7emiyor, biraz de\u011fi\u015fiklik mi istiyorsunuz?...","og_url":"https:\/\/www.egetuerk.de\/tr\/efepasa\/","og_site_name":"Eget\u00fcrk","article_modified_time":"2022-01-10T17:27:37+00:00","og_image":[{"width":144,"height":102,"url":"https:\/\/www.egetuerk.de\/wp-content\/uploads\/2018\/12\/efepasa-logo-1.png","type":"image\/png"}],"twitter_card":"summary_large_image","twitter_misc":{"Tahmini okuma s\u00fcresi":"2 dakika"},"schema":{"@context":"https:\/\/schema.org","@graph":[{"@type":"WebPage","@id":"https:\/\/www.egetuerk.de\/tr\/efepasa\/","url":"https:\/\/www.egetuerk.de\/tr\/efepasa\/","name":"Efepa\u015fa \u00dcru\u0308nleri | Arad\u0131\u011f\u0131n\u0131z lezzet","isPartOf":{"@id":"https:\/\/www.egetuerk.de\/#website"},"primaryImageOfPage":{"@id":"https:\/\/www.egetuerk.de\/tr\/efepasa\/#primaryimage"},"image":{"@id":"https:\/\/www.egetuerk.de\/tr\/efepasa\/#primaryimage"},"thumbnailUrl":"https:\/\/www.egetuerk.de\/wp-content\/uploads\/2018\/12\/efepasa-logo-1.png","datePublished":"2019-01-04T09:20:39+00:00","dateModified":"2022-01-10T17:27:37+00:00","breadcrumb":{"@id":"https:\/\/www.egetuerk.de\/tr\/efepasa\/#breadcrumb"},"inLanguage":"tr","potentialAction":[{"@type":"ReadAction","target":["https:\/\/www.egetuerk.de\/tr\/efepasa\/"]}]},{"@type":"ImageObject","inLanguage":"tr","@id":"https:\/\/www.egetuerk.de\/tr\/efepasa\/#primaryimage","url":"https:\/\/www.egetuerk.de\/wp-content\/uploads\/2018\/12\/efepasa-logo-1.png","contentUrl":"https:\/\/www.egetuerk.de\/wp-content\/uploads\/2018\/12\/efepasa-logo-1.png","width":144,"height":102},{"@type":"BreadcrumbList","@id":"https:\/\/www.egetuerk.de\/tr\/efepasa\/#breadcrumb","itemListElement":[{"@type":"ListItem","position":1,"name":"Startseite","item":"https:\/\/www.egetuerk.de\/tr\/"},{"@type":"ListItem","position":2,"name":"Efepa\u015fa"}]},{"@type":"WebSite","@id":"https:\/\/www.egetuerk.de\/#website","url":"https:\/\/www.egetuerk.de\/","name":"Eget\u00fcrk","description":"","potentialAction":[{"@type":"SearchAction","target":{"@type":"EntryPoint","urlTemplate":"https:\/\/www.egetuerk.de\/?s={search_term_string}"},"query-input":{"@type":"PropertyValueSpecification","valueRequired":true,"valueName":"search_term_string"}}],"inLanguage":"tr"}]}},"_links":{"self":[{"href":"https:\/\/www.egetuerk.de\/tr\/wp-json\/wp\/v2\/pages\/4038","targetHints":{"allow":["GET"]}}],"collection":[{"href":"https:\/\/www.egetuerk.de\/tr\/wp-json\/wp\/v2\/pages"}],"about":[{"href":"https:\/\/www.egetuerk.de\/tr\/wp-json\/wp\/v2\/types\/page"}],"author":[{"embeddable":true,"href":"https:\/\/www.egetuerk.de\/tr\/wp-json\/wp\/v2\/users\/1"}],"replies":[{"embeddable":true,"href":"https:\/\/www.egetuerk.de\/tr\/wp-json\/wp\/v2\/comments?post=4038"}],"version-history":[{"count":26,"href":"https:\/\/www.egetuerk.de\/tr\/wp-json\/wp\/v2\/pages\/4038\/revisions"}],"predecessor-version":[{"id":116005,"href":"https:\/\/www.egetuerk.de\/tr\/wp-json\/wp\/v2\/pages\/4038\/revisions\/116005"}],"wp:featuredmedia":[{"embeddable":true,"href":"https:\/\/www.egetuerk.de\/tr\/wp-json\/wp\/v2\/media\/3683"}],"wp:attachment":[{"href":"https:\/\/www.egetuerk.de\/tr\/wp-json\/wp\/v2\/media?parent=4038"}],"curies":[{"name":"wp","href":"https:\/\/api.w.org\/{rel}","templated":true}]}}