{"id":4218,"date":"2019-02-12T21:28:43","date_gmt":"2019-02-12T20:28:43","guid":{"rendered":"https:\/\/egetuerk.vorschau.xyz\/impressum\/"},"modified":"2024-06-24T11:35:05","modified_gmt":"2024-06-24T09:35:05","slug":"imprint","status":"publish","type":"page","link":"https:\/\/www.egetuerk.de\/en\/imprint\/","title":{"rendered":"Imprint"},"content":{"rendered":"\n\t<p>Legal<\/p>\n<h2>\n\t\tImprint\n\t<\/h2>\n\t<p><strong>ADDRESS<\/strong><\/p>\n\t<p>Service provider:<\/p>\n<strong>EGET\u00dcRK WURST- UND FLEISCHWARENFABRIKATION GMBH &amp; CO. KG<br \/>\n<\/strong>Feldkasseler Weg 5<br \/>\nindustrial estate Chorweiler<br \/>\nD-50769 Cologne\n<p>&nbsp;<\/p>\n<strong>Phone:<\/strong>\u00a0+49 (0) 2 21 &#8211; 70 92 90<br \/>\n<strong>Fax:<\/strong>\u00a0+49 (0) 2 21 &#8211; 700 23 78<br \/>\n<strong>E-Mail:<\/strong> info@egetuerk.de\n<p>&nbsp;<\/p>\n<p>Ust-IdNr.: DE122812467<\/p>\n<strong>Form of society<\/strong><br \/>\nKommanditgesellschaft (KG) with registered office in Cologne<br \/>\nRegister court: Local court Cologne HRA 8822\n<strong>Personally liable partner (general partner)<\/strong><br \/>\nEGET\u00dcRK Verwaltungsgesellschaft mit beschr\u00e4nkter Haftung<br \/>\nRegister court: Local court Cologne HRB 5703\n<strong>Authorised representative managing director<\/strong><br \/>\nAhmet Emre Eden\n\t<strong>INFORMATION ON ONLINE DISPUTE PARTICIPATION<br \/>\n<\/strong>\n\t<p>The Online Dispute Resolution Platform (OS Platform for short) as a contact point for consumers and entrepreneurs who wish to settle disputes arising out of legal transactions concluded online out of court can be reached under the following link: http:\/\/ec.europa.eu\/consumers\/odr\/.<\/p>\n<p>We are not willing or obliged to participate in dispute resolution proceedings before a consumer arbitration board.<\/p>\n<p><strong>Responsible for the content according to \u00a7 55 Abs. 2 RStV:<\/strong><\/p>\nMr Ahmet Emre Eden<br \/>\nFeldkasseler Weg 5<br \/>\nChorweiler industrial estate<br \/>\nD-50769 Cologne, Germany\n<strong>LEGAL INFORMATION<\/strong>\n\t<p><strong>1. references and links<\/strong><\/p>\nOur offer contains links to external websites of third parties on whose contents we have no influence. The respective provider or operator of the pages is responsible for the contents of the linked pages. The linked pages were checked for possible legal infringements at the time of linking. Illegal contents were not recognisable at the time of linking.<br \/>\nA permanent control of the contents of the linked pages is not reasonable without concrete evidence of an infringement. As soon as we become aware of any legal infringements, we will remove such links immediately.\n<p><strong>2. copyright and trademark law<\/strong><\/p>\n<p>The content of this website is subject to copyright and other laws for the protection of intellectual property. Duplication, processing, distribution or any form of commercialization of such material beyond the scope of the copyright law shall require the prior written consent of EGET\u00dcRK.<\/p>\n<strong>CERTIFICATES<\/strong>\n\t\t\t\t<img loading=\"lazy\" decoding=\"async\" src=\"https:\/\/www.egetuerk.de\/wp-content\/uploads\/2019\/07\/eget\u00fcrk_r_talogo_50001_19-150x150.png\" alt=\"T\u00fcv_Austria_Energiemanagement_Fa_egetuerk\" itemprop=\"image\" height=\"150\" width=\"150\" title=\"eget\u00fcrk_r_talogo_50001_19\" onerror=\"this.style.display='none'\"  \/>\n\t<p>EGET\u00dcRK operates an energy management system and has been certified according to DIN EN ISO 50001 since 2016.<\/p>\n\t<p>faq<\/p>\n<h2>\n\t\tFrequently Asked Questions\n\t<\/h2>\n\t\t\t<a href=\"#\" id=\"fl-accordion--label-0\" tabindex=\"0\" aria-controls=\"fl-accordion--panel-0\">Where can I find Eget\u00fcrk products?<\/a>\n\t\t\t\t\t\t\t<a href=\"#\" id=\"fl-accordion--icon-0\" tabindex=\"0\" aria-controls=\"fl-accordion--panel-0\"><i>Expand<\/i><\/a>\n\t\t<p>In almost any Turkish supermarket in Europe, as well as in many other shops in the German food retailing sector.<\/p>\n\t\t\t<a href=\"#\" id=\"fl-accordion--label-1\" tabindex=\"0\" aria-controls=\"fl-accordion--panel-1\">Where are Eget\u00fcrk products made?<\/a>\n\t\t\t\t\t\t\t<a href=\"#\" id=\"fl-accordion--icon-1\" tabindex=\"0\" aria-controls=\"fl-accordion--panel-1\"><i>Expand<\/i><\/a>\n\t\t<p>Eget\u00fcrk products have been produced in Germany since 1966. With the capacity to produce 150 tons per day at our plant in Cologne, Eget\u00fcrk is the largest producer of halal meat products in Germany. Find out more under <a href=\"https:\/\/www.egetuerk.de\/en\/history\/\">History<\/a>.<\/p>\n\t\t\t<a href=\"#\" id=\"fl-accordion--label-2\" tabindex=\"0\" aria-controls=\"fl-accordion--panel-2\">What is the difference between Eget\u00fcrk and Efepa\u015fa?<\/a>\n\t\t\t\t\t\t\t<a href=\"#\" id=\"fl-accordion--icon-2\" tabindex=\"0\" aria-controls=\"fl-accordion--panel-2\"><i>Expand<\/i><\/a>\n\t\t<p>Both brands are produced in the same plant, using the same high quality of meat. There are just slight differences in the recipes, e.g. in the spices used. Find out more under <a href=\"https:\/\/www.egetuerk.de\/en\/egetuerk\/\">Eget\u00fcrk\u00a0<\/a>and\u00a0<a href=\"https:\/\/www.egetuerk.de\/en\/efepasa\/\">Efepa\u015fa<\/a>.<\/p>\n<h6>\n\t\tNewsletter\n\t<\/h6>\n<h4>\n\t\tThe latest news and more!\n\t<\/h4>\n\t<!-- Begin Mailchimp Signup Form -->\n    <form action=\"https:\/\/egetuerk.us7.list-manage.com\/subscribe\/post?u=e17d5865097cc6f906b4b5c66&amp;id=d04c83f1a2\" method=\"post\" id=\"mc-embedded-subscribe-form\" name=\"mc-embedded-subscribe-form\" target=\"_blank\" novalidate>\n            <input type=\"email\" value=\"\" name=\"EMAIL\" id=\"mce-EMAIL\" placeholder=\"e-mail address\" required>\n            <!-- real people should not fill this in and expect good things - do not remove this or risk form bot signups-->\n        <input type=\"text\" name=\"b_e17d5865097cc6f906b4b5c66_d04c83f1a2\" tabindex=\"-1\" value=\"\">\n                    <input type=\"submit\" value=\"subscribe\" name=\"subscribe\" id=\"mc-embedded-subscribe\">\n    <\/form>\n<!--End mc_embed_signup-->\n\t\t\t\t<img loading=\"lazy\" decoding=\"async\" src=\"https:\/\/www.egetuerk.de\/wp-content\/uploads\/2018\/08\/logo.svg\" alt=\"logo\" itemprop=\"image\" height=\"690\" width=\"1024\" title=\"logo\" onerror=\"this.style.display='none'\"  \/>\n<h3>\n\t\t&nbsp;\n\t<\/h3>\n<h3>\n\t\tAddress\n\t<\/h3>\n<h3>\n\t\tContact\n\t<\/h3>\n<h3>\n\t\t&nbsp;\n\t<\/h3>\n\t<strong>EGET\u00dcRK WURST- UND<\/strong><br \/>\n<strong>FLEISCHWAREN&shy;FABRIKATION<\/strong><br \/>\n<strong>GMBH &amp; CO. KG<\/strong>\n\tFeldkasseler Weg 5<br \/>\n50769 Cologne<br \/>\nGermany\n\tTel.: +49 (0) 221 \/ 709 29 &#8211; 0<br \/>\nFax: +49 (0) 221 \/ 700 23 &#8211; 78<br \/>\nE-mail: <strong><a href=\"mailto:info@egetuerk.de\">info@egetuerk.de<\/a><\/strong>\n\t<p>\u00a9 2026. All rights reserved. <div class=\"menu-footer_legal-englisch-container\"><ul id=\"menu-footer_legal-englisch\" class=\"menu\"><li id=\"menu-item-4223\" class=\"menu-item menu-item-type-post_type menu-item-object-page menu-item-4223\"><a href=\"https:\/\/www.egetuerk.de\/en\/imprint\/\">Imprint<\/a><\/li>\n<li id=\"menu-item-4224\" class=\"menu-item menu-item-type-post_type menu-item-object-page menu-item-4224\"><a href=\"https:\/\/www.egetuerk.de\/en\/privacy\/\">Privacy<\/a><\/li>\n<\/ul><\/div><\/p>\n","protected":false},"excerpt":{"rendered":"<p>EGET\u00dcRK WURST- UND FLEISCHWARENFABRIKATION GMBH &#038; CO. KG<br \/>\nFeldkasseler Weg 5<br \/>\nGewerbegebiet Chorweiler<br \/>\nD-50769 K\u00f6ln<\/p>\n","protected":false},"author":1,"featured_media":0,"parent":0,"menu_order":0,"comment_status":"closed","ping_status":"closed","template":"","meta":{"_acf_changed":false,"inline_featured_image":false,"footnotes":""},"class_list":["post-4218","page","type-page","status-publish","hentry"],"acf":[],"yoast_head":"<!-- This site is optimized with the Yoast SEO plugin v27.5 - https:\/\/yoast.com\/product\/yoast-seo-wordpress\/ -->\n<title>Imprint - Eget\u00fcrk<\/title>\n<meta name=\"robots\" content=\"index, follow, max-snippet:-1, max-image-preview:large, max-video-preview:-1\" \/>\n<link rel=\"canonical\" href=\"https:\/\/www.egetuerk.de\/en\/imprint\/\" \/>\n<meta property=\"og:locale\" content=\"en_US\" \/>\n<meta property=\"og:type\" content=\"article\" \/>\n<meta property=\"og:title\" content=\"Imprint - Eget\u00fcrk\" \/>\n<meta property=\"og:description\" content=\"EGET\u00dcRK WURST- UND FLEISCHWARENFABRIKATION GMBH &amp; CO. KG Feldkasseler Weg 5 Gewerbegebiet Chorweiler D-50769 K\u00f6ln\" \/>\n<meta property=\"og:url\" content=\"https:\/\/www.egetuerk.de\/en\/imprint\/\" \/>\n<meta property=\"og:site_name\" content=\"Eget\u00fcrk\" \/>\n<meta property=\"article:modified_time\" content=\"2024-06-24T09:35:05+00:00\" \/>\n<meta property=\"og:image\" content=\"https:\/\/www.egetuerk.de\/wp-content\/uploads\/2018\/08\/logo.svg\" \/>\n<meta name=\"twitter:card\" content=\"summary_large_image\" \/>\n<meta name=\"twitter:label1\" content=\"Est. reading time\" \/>\n\t<meta name=\"twitter:data1\" content=\"2 minutes\" \/>\n<script type=\"application\/ld+json\" class=\"yoast-schema-graph\">{\"@context\":\"https:\\\/\\\/schema.org\",\"@graph\":[{\"@type\":\"WebPage\",\"@id\":\"https:\\\/\\\/www.egetuerk.de\\\/en\\\/imprint\\\/\",\"url\":\"https:\\\/\\\/www.egetuerk.de\\\/en\\\/imprint\\\/\",\"name\":\"Imprint - Eget\u00fcrk\",\"isPartOf\":{\"@id\":\"https:\\\/\\\/www.egetuerk.de\\\/#website\"},\"primaryImageOfPage\":{\"@id\":\"https:\\\/\\\/www.egetuerk.de\\\/en\\\/imprint\\\/#primaryimage\"},\"image\":{\"@id\":\"https:\\\/\\\/www.egetuerk.de\\\/en\\\/imprint\\\/#primaryimage\"},\"thumbnailUrl\":\"https:\\\/\\\/www.egetuerk.de\\\/wp-content\\\/uploads\\\/2018\\\/08\\\/logo.svg\",\"datePublished\":\"2019-02-12T20:28:43+00:00\",\"dateModified\":\"2024-06-24T09:35:05+00:00\",\"breadcrumb\":{\"@id\":\"https:\\\/\\\/www.egetuerk.de\\\/en\\\/imprint\\\/#breadcrumb\"},\"inLanguage\":\"en-US\",\"potentialAction\":[{\"@type\":\"ReadAction\",\"target\":[\"https:\\\/\\\/www.egetuerk.de\\\/en\\\/imprint\\\/\"]}]},{\"@type\":\"ImageObject\",\"inLanguage\":\"en-US\",\"@id\":\"https:\\\/\\\/www.egetuerk.de\\\/en\\\/imprint\\\/#primaryimage\",\"url\":\"https:\\\/\\\/www.egetuerk.de\\\/wp-content\\\/uploads\\\/2018\\\/08\\\/logo.svg\",\"contentUrl\":\"https:\\\/\\\/www.egetuerk.de\\\/wp-content\\\/uploads\\\/2018\\\/08\\\/logo.svg\"},{\"@type\":\"BreadcrumbList\",\"@id\":\"https:\\\/\\\/www.egetuerk.de\\\/en\\\/imprint\\\/#breadcrumb\",\"itemListElement\":[{\"@type\":\"ListItem\",\"position\":1,\"name\":\"Startseite\",\"item\":\"https:\\\/\\\/www.egetuerk.de\\\/en\\\/\"},{\"@type\":\"ListItem\",\"position\":2,\"name\":\"Imprint\"}]},{\"@type\":\"WebSite\",\"@id\":\"https:\\\/\\\/www.egetuerk.de\\\/#website\",\"url\":\"https:\\\/\\\/www.egetuerk.de\\\/\",\"name\":\"Eget\u00fcrk\",\"description\":\"\",\"potentialAction\":[{\"@type\":\"SearchAction\",\"target\":{\"@type\":\"EntryPoint\",\"urlTemplate\":\"https:\\\/\\\/www.egetuerk.de\\\/?s={search_term_string}\"},\"query-input\":{\"@type\":\"PropertyValueSpecification\",\"valueRequired\":true,\"valueName\":\"search_term_string\"}}],\"inLanguage\":\"en-US\"}]}<\/script>\n<!-- \/ Yoast SEO plugin. -->","yoast_head_json":{"title":"Imprint - Eget\u00fcrk","robots":{"index":"index","follow":"follow","max-snippet":"max-snippet:-1","max-image-preview":"max-image-preview:large","max-video-preview":"max-video-preview:-1"},"canonical":"https:\/\/www.egetuerk.de\/en\/imprint\/","og_locale":"en_US","og_type":"article","og_title":"Imprint - Eget\u00fcrk","og_description":"EGET\u00dcRK WURST- UND FLEISCHWARENFABRIKATION GMBH & CO. KG Feldkasseler Weg 5 Gewerbegebiet Chorweiler D-50769 K\u00f6ln","og_url":"https:\/\/www.egetuerk.de\/en\/imprint\/","og_site_name":"Eget\u00fcrk","article_modified_time":"2024-06-24T09:35:05+00:00","og_image":[{"url":"https:\/\/www.egetuerk.de\/wp-content\/uploads\/2018\/08\/logo.svg","type":"","width":"","height":""}],"twitter_card":"summary_large_image","twitter_misc":{"Est. reading time":"2 minutes"},"schema":{"@context":"https:\/\/schema.org","@graph":[{"@type":"WebPage","@id":"https:\/\/www.egetuerk.de\/en\/imprint\/","url":"https:\/\/www.egetuerk.de\/en\/imprint\/","name":"Imprint - Eget\u00fcrk","isPartOf":{"@id":"https:\/\/www.egetuerk.de\/#website"},"primaryImageOfPage":{"@id":"https:\/\/www.egetuerk.de\/en\/imprint\/#primaryimage"},"image":{"@id":"https:\/\/www.egetuerk.de\/en\/imprint\/#primaryimage"},"thumbnailUrl":"https:\/\/www.egetuerk.de\/wp-content\/uploads\/2018\/08\/logo.svg","datePublished":"2019-02-12T20:28:43+00:00","dateModified":"2024-06-24T09:35:05+00:00","breadcrumb":{"@id":"https:\/\/www.egetuerk.de\/en\/imprint\/#breadcrumb"},"inLanguage":"en-US","potentialAction":[{"@type":"ReadAction","target":["https:\/\/www.egetuerk.de\/en\/imprint\/"]}]},{"@type":"ImageObject","inLanguage":"en-US","@id":"https:\/\/www.egetuerk.de\/en\/imprint\/#primaryimage","url":"https:\/\/www.egetuerk.de\/wp-content\/uploads\/2018\/08\/logo.svg","contentUrl":"https:\/\/www.egetuerk.de\/wp-content\/uploads\/2018\/08\/logo.svg"},{"@type":"BreadcrumbList","@id":"https:\/\/www.egetuerk.de\/en\/imprint\/#breadcrumb","itemListElement":[{"@type":"ListItem","position":1,"name":"Startseite","item":"https:\/\/www.egetuerk.de\/en\/"},{"@type":"ListItem","position":2,"name":"Imprint"}]},{"@type":"WebSite","@id":"https:\/\/www.egetuerk.de\/#website","url":"https:\/\/www.egetuerk.de\/","name":"Eget\u00fcrk","description":"","potentialAction":[{"@type":"SearchAction","target":{"@type":"EntryPoint","urlTemplate":"https:\/\/www.egetuerk.de\/?s={search_term_string}"},"query-input":{"@type":"PropertyValueSpecification","valueRequired":true,"valueName":"search_term_string"}}],"inLanguage":"en-US"}]}},"_links":{"self":[{"href":"https:\/\/www.egetuerk.de\/en\/wp-json\/wp\/v2\/pages\/4218","targetHints":{"allow":["GET"]}}],"collection":[{"href":"https:\/\/www.egetuerk.de\/en\/wp-json\/wp\/v2\/pages"}],"about":[{"href":"https:\/\/www.egetuerk.de\/en\/wp-json\/wp\/v2\/types\/page"}],"author":[{"embeddable":true,"href":"https:\/\/www.egetuerk.de\/en\/wp-json\/wp\/v2\/users\/1"}],"replies":[{"embeddable":true,"href":"https:\/\/www.egetuerk.de\/en\/wp-json\/wp\/v2\/comments?post=4218"}],"version-history":[{"count":7,"href":"https:\/\/www.egetuerk.de\/en\/wp-json\/wp\/v2\/pages\/4218\/revisions"}],"predecessor-version":[{"id":116348,"href":"https:\/\/www.egetuerk.de\/en\/wp-json\/wp\/v2\/pages\/4218\/revisions\/116348"}],"wp:attachment":[{"href":"https:\/\/www.egetuerk.de\/en\/wp-json\/wp\/v2\/media?parent=4218"}],"curies":[{"name":"wp","href":"https:\/\/api.w.org\/{rel}","templated":true}]}}