{"id":4214,"date":"2019-02-12T21:26:38","date_gmt":"2019-02-12T20:26:38","guid":{"rendered":"https:\/\/egetuerk.vorschau.xyz\/egetuerk\/wurst\/"},"modified":"2022-01-10T18:22:30","modified_gmt":"2022-01-10T17:22:30","slug":"sausage","status":"publish","type":"page","link":"https:\/\/www.egetuerk.de\/en\/egetuerk\/sausage\/","title":{"rendered":"Sausage"},"content":{"rendered":"\n\t\t\t\t<img loading=\"lazy\" decoding=\"async\" src=\"https:\/\/www.egetuerk.de\/wp-content\/uploads\/2018\/12\/salam.png\" alt=\"salam\" itemprop=\"image\" height=\"800\" width=\"986\" title=\"salam\" onerror=\"this.style.display='none'\"  \/>\n<h3>\n\t\tVariety by the slice\n\t<\/h3>\n\t<p>Breakfast is the most important meal of the day.<\/p>\n<p>But what makes a good breakfast? As well as fresh bread, olives and tea, it\u2019s the sausage. We at Eget\u00fcrk know this and we love it. Which is why we also attach great importance to the quality, freshness and particularly to the special Middle Eastern flavour of our sausage.<\/p>\n<p>Whether it is poultry meat, beef or lamb sausage, whether it is seasoned with pepper flakes, pistachios or cheese, whether it is served in thin slices on bread, fried in thick slices until crispy or added as a delicacy to pep up a salad: our diverse range of sausage types is guaranteed to bring variety to your dinner table \u2013 and a satisfied smile to diners\u2019 faces. And it goes without saying that it is 100% halal.<\/p>\n\t <video autoplay loop muted>\n  <source src=\"https:\/\/www.egetuerk.de\/wp-content\/uploads\/2019\/02\/01-salam-1.mp4\">\n<\/video> \n    <img decoding=\"async\" src=\"https:\/\/www.egetuerk.de\/wp-content\/themes\/egetuerk-child\/files\/angle-left.svg\" \/> \n    <img decoding=\"async\" src=\"https:\/\/www.egetuerk.de\/wp-content\/themes\/egetuerk-child\/files\/angle-right.svg\" \/>\n        <p><h2>Add flavour to your breakfast!<\/h2><img decoding=\"async\" src=\"https:\/\/app.egetuerk.de\/media\/recipes\/47\/1\/Egetuerk_Fleischwurst_Pistazie_SERVIERVORSCHLAG.jpg\" ><h2>Add flavour to your breakfast!<\/h2><img decoding=\"async\" src=\"https:\/\/app.egetuerk.de\/media\/recipes\/46\/1\/Egetuerk_Fleischwurst_PAPRIKA_SERVIERVORSCHLAG.jpg\" ><h2>Add flavour to your breakfast!<\/h2><img decoding=\"async\" src=\"https:\/\/app.egetuerk.de\/media\/recipes\/23\/1\/kervan_1600.jpg\" ><h2>Add flavour to your breakfast!<\/h2><img decoding=\"async\" src=\"https:\/\/app.egetuerk.de\/media\/recipes\/13\/1\/dilim_tavuksefasi_1600.jpg\" ><h2>Add flavour to your breakfast!<\/h2><img decoding=\"async\" src=\"https:\/\/app.egetuerk.de\/media\/recipes\/39\/1\/tavuksefasi_1600.jpg\" ><h2>Add flavour to your sandwich!<\/h2><img decoding=\"async\" src=\"https:\/\/app.egetuerk.de\/media\/recipes\/18\/1\/etap_1600.jpg\" ><h2>Add flavour to your breakfast!<\/h2><img decoding=\"async\" src=\"https:\/\/app.egetuerk.de\/media\/recipes\/24\/1\/mehtap_1600.jpg\" ><h2>Add flavour to any sandwich!<\/h2><img decoding=\"async\" src=\"https:\/\/app.egetuerk.de\/media\/recipes\/6\/1\/brot_1600.jpg\" ><h2>Sucuk with egg \u2013 breakfast for champions!<\/h2><img decoding=\"async\" src=\"https:\/\/app.egetuerk.de\/media\/recipes\/19\/1\/kangal_1600.jpg\" ><h2>Sucuk with egg \u2013 breakfast for champions!<\/h2><img decoding=\"async\" src=\"https:\/\/app.egetuerk.de\/media\/recipes\/27\/1\/omlett_1600.jpg\" ><h2>Great topping for any crisp pide!<\/h2><img decoding=\"async\" src=\"https:\/\/app.egetuerk.de\/media\/recipes\/36\/1\/pide_1600.jpg\" ><h2>Add flavour to your toast!<\/h2><img decoding=\"async\" src=\"https:\/\/app.egetuerk.de\/media\/recipes\/25\/1\/mera_1600.jpg\" ><h2>Great topping for any crisp pizza!<\/h2><img decoding=\"async\" src=\"https:\/\/app.egetuerk.de\/media\/recipes\/33\/1\/pizza_1600.jpg\" ><h2>Add flavour to your toast!<\/h2><img decoding=\"async\" src=\"https:\/\/app.egetuerk.de\/media\/recipes\/41\/1\/toast_1600.jpg\" ><h2>Great topping for any crisp pizza!<\/h2><img decoding=\"async\" src=\"https:\/\/app.egetuerk.de\/media\/recipes\/21\/1\/imren_1600.jpg\" ><h2>Great topping for any crisp pizza!<\/h2><img decoding=\"async\" src=\"https:\/\/app.egetuerk.de\/media\/recipes\/15\/1\/egem_1600.jpg\" ><h2>Add flavour to your breakfast!<\/h2><img decoding=\"async\" src=\"https:\/\/app.egetuerk.de\/media\/recipes\/26\/1\/oezlem_1600.jpg\" ><h2>Healthy and delicious salads&#8230;<\/h2><img decoding=\"async\" src=\"https:\/\/app.egetuerk.de\/media\/recipes\/10\/1\/ciftlik_salat_1600.jpg\" ><h2>Add flavour to any sandwich!<\/h2><img decoding=\"async\" src=\"https:\/\/app.egetuerk.de\/media\/recipes\/4\/1\/bereket_1600.jpg\" ><h2>Add flavour to your breakfast!<\/h2><img decoding=\"async\" src=\"https:\/\/app.egetuerk.de\/media\/recipes\/11\/1\/dilim_saraysefasi_1600.jpg\" ><h2>Add flavour to your breakfast!<\/h2><img decoding=\"async\" src=\"https:\/\/app.egetuerk.de\/media\/recipes\/16\/1\/elif_1600.jpg\" ><h2>Add flavour to your breakfast!<\/h2><img decoding=\"async\" src=\"https:\/\/app.egetuerk.de\/media\/recipes\/38\/1\/tavuk_1600.jpg\" ><h2>Healthy and delicious salads&#8230;<\/h2><img decoding=\"async\" src=\"https:\/\/app.egetuerk.de\/media\/recipes\/40\/1\/tavuksefasi2_1600.jpg\" ><\/p><h2>Great topping for any crisp pizza!<\/h2><img decoding=\"async\" src=\"https:\/\/app.egetuerk.de\/media\/recipes\/8\/1\/ciftlik_1600.jpg\" >    \n                Eget\u00fcrk Sausage\n                <h2>Our sausage varieties<\/h2>\n        <a href=\"https:\/\/www.egetuerk.de\/en\/product\/fistik-sefasi\/\"><img decoding=\"async\" src=\"https:\/\/app.egetuerk.de\/media\/product\/56\/FistikSefasi.png\" alt=\"FISTIK SEFASI\"><\/a><a href=\"https:\/\/www.egetuerk.de\/en\/product\/biber-sefasi\/\"><img decoding=\"async\" src=\"https:\/\/app.egetuerk.de\/media\/product\/55\/BiberSefasi.png\" alt=\"BiBER SEFASI\"><\/a><a href=\"https:\/\/www.egetuerk.de\/en\/product\/derya-dilim-hindi-salam\/\"><img decoding=\"async\" src=\"https:\/\/app.egetuerk.de\/media\/product\/31\/Derya.png\" alt=\"DERYA D\u0130L\u0130M H\u0130ND\u0130 SALAM\"><\/a><a href=\"https:\/\/www.egetuerk.de\/en\/product\/mehtap-dilim-biberli-sigir-salam\/\"><img decoding=\"async\" src=\"https:\/\/app.egetuerk.de\/media\/product\/29\/Mehtap.png\" alt=\"MEHTAP D\u0130L\u0130M B\u0130BERL\u0130 SI\u011eIR SALAM\"><\/a><a href=\"https:\/\/www.egetuerk.de\/en\/product\/gurbuz-dilim-tavuk-salam\/\"><img decoding=\"async\" src=\"https:\/\/app.egetuerk.de\/media\/product\/30\/Gu%CC%88rbu%CC%88z.png\" alt=\"G\u00dcRB\u00dcZ D\u0130L\u0130M TAVUK SALAM\"><\/a><a href=\"https:\/\/www.egetuerk.de\/en\/product\/tadim-dilim-sigir-salam\/\"><img decoding=\"async\" src=\"https:\/\/app.egetuerk.de\/media\/product\/28\/Tadim.png\" alt=\"TADIM D\u0130L\u0130M SI\u011eIR SALAM\"><\/a><a href=\"https:\/\/www.egetuerk.de\/en\/product\/erturk-dilim-macar-tipi-sigir-salam\/\"><img decoding=\"async\" src=\"https:\/\/app.egetuerk.de\/media\/product\/26\/26.png\" alt=\"ERT\u00dcRK D\u0130L\u0130M MACAR T\u0130P\u0130 SI\u011eIR SALAM\"><\/a><a href=\"https:\/\/www.egetuerk.de\/en\/product\/gokturk-dilim-macar-tipi-hindi-salam\/\"><img decoding=\"async\" src=\"https:\/\/app.egetuerk.de\/media\/product\/27\/27.png\" alt=\"G\u00d6KT\u00dcRK D\u0130L\u0130M MACAR T\u0130P\u0130 H\u0130ND\u0130 SALAM\"><\/a><a href=\"https:\/\/www.egetuerk.de\/en\/product\/ozlem-dilim-macar-tipi-hindi-salam\/\"><img decoding=\"async\" src=\"https:\/\/app.egetuerk.de\/media\/product\/22\/O%CC%88zlem.png\" alt=\"\u00d6ZLEM D\u0130L\u0130M MACAR T\u0130P\u0130 H\u0130ND\u0130 SALAM\"><\/a><a href=\"https:\/\/www.egetuerk.de\/en\/product\/bereket-dilim-hindi-sogus\/\"><img decoding=\"async\" src=\"https:\/\/app.egetuerk.de\/media\/product\/19\/38_Bereket.png\" alt=\"BEREKET D\u0130L\u0130M H\u0130ND\u0130 S\u00d6\u011e\u00dc\u015e\"><\/a><a href=\"https:\/\/www.egetuerk.de\/en\/product\/ciftlik-sefasi-dilim-hindi-gogsu\/\"><img decoding=\"async\" src=\"https:\/\/app.egetuerk.de\/media\/product\/20\/43_Ciftlik.png\" alt=\"\u00c7\u0130FTL\u0130K SEFASI D\u0130L\u0130M H\u0130ND\u0130 G\u00d6\u011eS\u00dc\"><\/a><a href=\"https:\/\/www.egetuerk.de\/en\/product\/dalyan-dilim-macar-tipi-sigir-salam\/\"><img decoding=\"async\" src=\"https:\/\/app.egetuerk.de\/media\/product\/21\/Dalyan.png\" alt=\"DALYAN D\u0130L\u0130M MACAR T\u0130P\u0130 SI\u011eIR SALAM\"><\/a><a href=\"https:\/\/www.egetuerk.de\/en\/product\/dilim-tavuk-sefasi-tavuk-salam\/\"><img decoding=\"async\" src=\"https:\/\/app.egetuerk.de\/media\/product\/16\/13_TavukSefasi.png\" alt=\"D\u0130L\u0130M TAVUK SEFASI TAVUK SALAM\"><\/a><a href=\"https:\/\/www.egetuerk.de\/en\/product\/dilim-saray-sefasi-sigir-salam\/\"><img decoding=\"async\" src=\"https:\/\/app.egetuerk.de\/media\/product\/17\/14_SaraySefasi.png\" alt=\"D\u0130L\u0130M SARAY SEFASI SI\u011eIR SALAM\"><\/a><a href=\"https:\/\/www.egetuerk.de\/en\/product\/tavuk-sefasi-tavuk-salam\/\"><img decoding=\"async\" src=\"https:\/\/app.egetuerk.de\/media\/product\/14\/TavukSefasi500g.png\" alt=\"TAVUK SEFASI TAVUK SALAM\"><\/a><a href=\"https:\/\/www.egetuerk.de\/en\/product\/elif-fistikli-sigir-salam\/\"><img decoding=\"async\" src=\"https:\/\/app.egetuerk.de\/media\/product\/15\/Elif500g.png\" alt=\"EL\u0130F FISTIKLI SI\u011eIR SALAM\"><\/a><a href=\"https:\/\/www.egetuerk.de\/en\/product\/saray-sefasi-sigir-salam\/\"><img decoding=\"async\" src=\"https:\/\/app.egetuerk.de\/media\/product\/13\/SaraySefasi500g.png\" alt=\"SARAY SEFASI SI\u011eIR SALAM\"><\/a>    \n\t\t\t\t<img loading=\"lazy\" decoding=\"async\" src=\"https:\/\/www.egetuerk.de\/wp-content\/uploads\/2018\/08\/logo.svg\" alt=\"logo\" itemprop=\"image\" height=\"690\" width=\"1024\" title=\"logo\" onerror=\"this.style.display='none'\"  \/>\n<h3>\n\t\t&nbsp;\n\t<\/h3>\n<h3>\n\t\tAddress\n\t<\/h3>\n<h3>\n\t\tContact\n\t<\/h3>\n<h3>\n\t\t&nbsp;\n\t<\/h3>\n\t<strong>EGET\u00dcRK WURST- UND<\/strong><br \/>\n<strong>FLEISCHWAREN&shy;FABRIKATION<\/strong><br \/>\n<strong>GMBH &amp; CO. KG<\/strong>\n\tFeldkasseler Weg 5<br \/>\n50769 Cologne<br \/>\nGermany\n\tTel.: +49 (0) 221 \/ 709 29 &#8211; 0<br \/>\nFax: +49 (0) 221 \/ 700 23 &#8211; 78<br \/>\nE-mail: <strong><a href=\"mailto:info@egetuerk.de\">info@egetuerk.de<\/a><\/strong>\n\t<p>\u00a9 2026. All rights reserved. <div class=\"menu-footer_legal-englisch-container\"><ul id=\"menu-footer_legal-englisch\" class=\"menu\"><li id=\"menu-item-4223\" class=\"menu-item menu-item-type-post_type menu-item-object-page menu-item-4223\"><a href=\"https:\/\/www.egetuerk.de\/en\/imprint\/\">Imprint<\/a><\/li>\n<li id=\"menu-item-4224\" class=\"menu-item menu-item-type-post_type menu-item-object-page menu-item-4224\"><a href=\"https:\/\/www.egetuerk.de\/en\/privacy\/\">Privacy<\/a><\/li>\n<\/ul><\/div><\/p>\n","protected":false},"excerpt":{"rendered":"<p>Breakfast is the most important meal of the day. But what makes a good breakfast? As well as fresh bread, olives and tea, it\u2019s the sausage. We at Eget\u00fcrk know this and we love it.<\/p>\n","protected":false},"author":1,"featured_media":3425,"parent":4211,"menu_order":0,"comment_status":"closed","ping_status":"closed","template":"","meta":{"_acf_changed":false,"inline_featured_image":false,"footnotes":""},"class_list":["post-4214","page","type-page","status-publish","has-post-thumbnail","hentry"],"acf":[],"yoast_head":"<!-- This site is optimized with the Yoast SEO plugin v27.2 - https:\/\/yoast.com\/product\/yoast-seo-wordpress\/ -->\n<title>Egetu\u0308rk Sausage | Variety of beef, lamb and poultry<\/title>\n<meta name=\"robots\" content=\"index, follow, max-snippet:-1, max-image-preview:large, max-video-preview:-1\" \/>\n<link rel=\"canonical\" href=\"https:\/\/www.egetuerk.de\/en\/egetuerk\/sausage\/\" \/>\n<meta property=\"og:locale\" content=\"en_US\" \/>\n<meta property=\"og:type\" content=\"article\" \/>\n<meta property=\"og:title\" content=\"Egetu\u0308rk Sausage | Variety of beef, lamb and poultry\" \/>\n<meta property=\"og:description\" content=\"Breakfast is the most important meal of the day. But what makes a good breakfast? As well as fresh bread, olives and tea, it\u2019s the sausage. We at Eget\u00fcrk know this and we love it.\" \/>\n<meta property=\"og:url\" content=\"https:\/\/www.egetuerk.de\/en\/egetuerk\/sausage\/\" \/>\n<meta property=\"og:site_name\" content=\"Eget\u00fcrk\" \/>\n<meta property=\"article:modified_time\" content=\"2022-01-10T17:22:30+00:00\" \/>\n<meta property=\"og:image\" content=\"https:\/\/www.egetuerk.de\/wp-content\/uploads\/2018\/12\/egetuerk-wurst.png\" \/>\n\t<meta property=\"og:image:width\" content=\"228\" \/>\n\t<meta property=\"og:image:height\" content=\"260\" \/>\n\t<meta property=\"og:image:type\" content=\"image\/png\" \/>\n<meta name=\"twitter:card\" content=\"summary_large_image\" \/>\n<meta name=\"twitter:label1\" content=\"Est. reading time\" \/>\n\t<meta name=\"twitter:data1\" content=\"2 minutes\" \/>\n<script type=\"application\/ld+json\" class=\"yoast-schema-graph\">{\"@context\":\"https:\/\/schema.org\",\"@graph\":[{\"@type\":\"WebPage\",\"@id\":\"https:\/\/www.egetuerk.de\/en\/egetuerk\/sausage\/\",\"url\":\"https:\/\/www.egetuerk.de\/en\/egetuerk\/sausage\/\",\"name\":\"Egetu\u0308rk Sausage | Variety of beef, lamb and poultry\",\"isPartOf\":{\"@id\":\"https:\/\/www.egetuerk.de\/#website\"},\"primaryImageOfPage\":{\"@id\":\"https:\/\/www.egetuerk.de\/en\/egetuerk\/sausage\/#primaryimage\"},\"image\":{\"@id\":\"https:\/\/www.egetuerk.de\/en\/egetuerk\/sausage\/#primaryimage\"},\"thumbnailUrl\":\"https:\/\/www.egetuerk.de\/wp-content\/uploads\/2018\/12\/egetuerk-wurst.png\",\"datePublished\":\"2019-02-12T20:26:38+00:00\",\"dateModified\":\"2022-01-10T17:22:30+00:00\",\"breadcrumb\":{\"@id\":\"https:\/\/www.egetuerk.de\/en\/egetuerk\/sausage\/#breadcrumb\"},\"inLanguage\":\"en-US\",\"potentialAction\":[{\"@type\":\"ReadAction\",\"target\":[\"https:\/\/www.egetuerk.de\/en\/egetuerk\/sausage\/\"]}]},{\"@type\":\"ImageObject\",\"inLanguage\":\"en-US\",\"@id\":\"https:\/\/www.egetuerk.de\/en\/egetuerk\/sausage\/#primaryimage\",\"url\":\"https:\/\/www.egetuerk.de\/wp-content\/uploads\/2018\/12\/egetuerk-wurst.png\",\"contentUrl\":\"https:\/\/www.egetuerk.de\/wp-content\/uploads\/2018\/12\/egetuerk-wurst.png\",\"width\":228,\"height\":260},{\"@type\":\"BreadcrumbList\",\"@id\":\"https:\/\/www.egetuerk.de\/en\/egetuerk\/sausage\/#breadcrumb\",\"itemListElement\":[{\"@type\":\"ListItem\",\"position\":1,\"name\":\"Startseite\",\"item\":\"https:\/\/www.egetuerk.de\/en\/\"},{\"@type\":\"ListItem\",\"position\":2,\"name\":\"Eget\u00fcrk\",\"item\":\"https:\/\/www.egetuerk.de\/en\/egetuerk\/\"},{\"@type\":\"ListItem\",\"position\":3,\"name\":\"Sausage\"}]},{\"@type\":\"WebSite\",\"@id\":\"https:\/\/www.egetuerk.de\/#website\",\"url\":\"https:\/\/www.egetuerk.de\/\",\"name\":\"Eget\u00fcrk\",\"description\":\"\",\"potentialAction\":[{\"@type\":\"SearchAction\",\"target\":{\"@type\":\"EntryPoint\",\"urlTemplate\":\"https:\/\/www.egetuerk.de\/?s={search_term_string}\"},\"query-input\":{\"@type\":\"PropertyValueSpecification\",\"valueRequired\":true,\"valueName\":\"search_term_string\"}}],\"inLanguage\":\"en-US\"}]}<\/script>\n<!-- \/ Yoast SEO plugin. -->","yoast_head_json":{"title":"Egetu\u0308rk Sausage | Variety of beef, lamb and poultry","robots":{"index":"index","follow":"follow","max-snippet":"max-snippet:-1","max-image-preview":"max-image-preview:large","max-video-preview":"max-video-preview:-1"},"canonical":"https:\/\/www.egetuerk.de\/en\/egetuerk\/sausage\/","og_locale":"en_US","og_type":"article","og_title":"Egetu\u0308rk Sausage | Variety of beef, lamb and poultry","og_description":"Breakfast is the most important meal of the day. But what makes a good breakfast? As well as fresh bread, olives and tea, it\u2019s the sausage. We at Eget\u00fcrk know this and we love it.","og_url":"https:\/\/www.egetuerk.de\/en\/egetuerk\/sausage\/","og_site_name":"Eget\u00fcrk","article_modified_time":"2022-01-10T17:22:30+00:00","og_image":[{"width":228,"height":260,"url":"https:\/\/www.egetuerk.de\/wp-content\/uploads\/2018\/12\/egetuerk-wurst.png","type":"image\/png"}],"twitter_card":"summary_large_image","twitter_misc":{"Est. reading time":"2 minutes"},"schema":{"@context":"https:\/\/schema.org","@graph":[{"@type":"WebPage","@id":"https:\/\/www.egetuerk.de\/en\/egetuerk\/sausage\/","url":"https:\/\/www.egetuerk.de\/en\/egetuerk\/sausage\/","name":"Egetu\u0308rk Sausage | Variety of beef, lamb and poultry","isPartOf":{"@id":"https:\/\/www.egetuerk.de\/#website"},"primaryImageOfPage":{"@id":"https:\/\/www.egetuerk.de\/en\/egetuerk\/sausage\/#primaryimage"},"image":{"@id":"https:\/\/www.egetuerk.de\/en\/egetuerk\/sausage\/#primaryimage"},"thumbnailUrl":"https:\/\/www.egetuerk.de\/wp-content\/uploads\/2018\/12\/egetuerk-wurst.png","datePublished":"2019-02-12T20:26:38+00:00","dateModified":"2022-01-10T17:22:30+00:00","breadcrumb":{"@id":"https:\/\/www.egetuerk.de\/en\/egetuerk\/sausage\/#breadcrumb"},"inLanguage":"en-US","potentialAction":[{"@type":"ReadAction","target":["https:\/\/www.egetuerk.de\/en\/egetuerk\/sausage\/"]}]},{"@type":"ImageObject","inLanguage":"en-US","@id":"https:\/\/www.egetuerk.de\/en\/egetuerk\/sausage\/#primaryimage","url":"https:\/\/www.egetuerk.de\/wp-content\/uploads\/2018\/12\/egetuerk-wurst.png","contentUrl":"https:\/\/www.egetuerk.de\/wp-content\/uploads\/2018\/12\/egetuerk-wurst.png","width":228,"height":260},{"@type":"BreadcrumbList","@id":"https:\/\/www.egetuerk.de\/en\/egetuerk\/sausage\/#breadcrumb","itemListElement":[{"@type":"ListItem","position":1,"name":"Startseite","item":"https:\/\/www.egetuerk.de\/en\/"},{"@type":"ListItem","position":2,"name":"Eget\u00fcrk","item":"https:\/\/www.egetuerk.de\/en\/egetuerk\/"},{"@type":"ListItem","position":3,"name":"Sausage"}]},{"@type":"WebSite","@id":"https:\/\/www.egetuerk.de\/#website","url":"https:\/\/www.egetuerk.de\/","name":"Eget\u00fcrk","description":"","potentialAction":[{"@type":"SearchAction","target":{"@type":"EntryPoint","urlTemplate":"https:\/\/www.egetuerk.de\/?s={search_term_string}"},"query-input":{"@type":"PropertyValueSpecification","valueRequired":true,"valueName":"search_term_string"}}],"inLanguage":"en-US"}]}},"_links":{"self":[{"href":"https:\/\/www.egetuerk.de\/en\/wp-json\/wp\/v2\/pages\/4214","targetHints":{"allow":["GET"]}}],"collection":[{"href":"https:\/\/www.egetuerk.de\/en\/wp-json\/wp\/v2\/pages"}],"about":[{"href":"https:\/\/www.egetuerk.de\/en\/wp-json\/wp\/v2\/types\/page"}],"author":[{"embeddable":true,"href":"https:\/\/www.egetuerk.de\/en\/wp-json\/wp\/v2\/users\/1"}],"replies":[{"embeddable":true,"href":"https:\/\/www.egetuerk.de\/en\/wp-json\/wp\/v2\/comments?post=4214"}],"version-history":[{"count":13,"href":"https:\/\/www.egetuerk.de\/en\/wp-json\/wp\/v2\/pages\/4214\/revisions"}],"predecessor-version":[{"id":115997,"href":"https:\/\/www.egetuerk.de\/en\/wp-json\/wp\/v2\/pages\/4214\/revisions\/115997"}],"up":[{"embeddable":true,"href":"https:\/\/www.egetuerk.de\/en\/wp-json\/wp\/v2\/pages\/4211"}],"wp:featuredmedia":[{"embeddable":true,"href":"https:\/\/www.egetuerk.de\/en\/wp-json\/wp\/v2\/media\/3425"}],"wp:attachment":[{"href":"https:\/\/www.egetuerk.de\/en\/wp-json\/wp\/v2\/media?parent=4214"}],"curies":[{"name":"wp","href":"https:\/\/api.w.org\/{rel}","templated":true}]}}