{"id":4213,"date":"2019-02-12T21:26:24","date_gmt":"2019-02-12T20:26:24","guid":{"rendered":"https:\/\/egetuerk.vorschau.xyz\/egetuerk\/pastirma\/"},"modified":"2026-01-14T17:50:52","modified_gmt":"2026-01-14T16:50:52","slug":"pastirma","status":"publish","type":"page","link":"https:\/\/www.egetuerk.de\/en\/egetuerk\/pastirma\/","title":{"rendered":"Past\u0131rma"},"content":{"rendered":"\r\n<p><img loading=\"lazy\" decoding=\"async\" title=\"pastirma\" src=\"https:\/\/www.egetuerk.de\/wp-content\/uploads\/2018\/12\/pastirma.png\" alt=\"pastirma\" width=\"1097\" height=\"600\" \/><\/p>\r\n<h2><strong>Traditionally good<\/strong><\/h2>\r\n<p>One very special delicacy of Turkish cuisine is <strong>pastirma<\/strong>.<\/p>\r\n<p>This cured beef is dry-pressed in accordance with ancient equestrian nomadic tradition, coated in a spicy paste of Middle Eastern spices, and then left to air-dry slowly for weeks. We use only the best and leanest pieces of halal beef in our pastirma. Once the curing process has been completed, the meat is cut into wafer-thin slices.<\/p>\r\n<p>Whether eaten on its own, on bread, or as a refinement for the most sophisticated of dishes, pastirma will make something special out of any breakfast, meal or treat. And thanks to its high protein content of more than 35%, it is also a particularly nutritious food.<\/p>\r\n<p><video autoplay=\"autoplay\" loop=\"loop\" muted=\"\" width=\"300\" height=\"150\">\r\n  <source src=\"https:\/\/www.egetuerk.de\/wp-content\/uploads\/2019\/02\/03-pastirma-1.mp4\" \/><\/video> <img decoding=\"async\" src=\"https:\/\/www.egetuerk.de\/wp-content\/themes\/egetuerk-child\/files\/angle-left.svg\" \/> <img decoding=\"async\" src=\"https:\/\/www.egetuerk.de\/wp-content\/themes\/egetuerk-child\/files\/angle-right.svg\" \/><\/p>\r\n<h2>Thin and heavenly tasty pastirma!<\/h2>\r\n<p><img decoding=\"async\" src=\"https:\/\/app.egetuerk.de\/media\/recipes\/9\/1\/coban_1600.jpg\" \/><\/p>\r\n<h2>Thin and heavenly tasty pastirma!<\/h2>\r\n<p><img decoding=\"async\" src=\"https:\/\/app.egetuerk.de\/media\/recipes\/37\/1\/sevilen_1600.jpg\" \/> Eget\u00fcrk Pastirma<\/p>\r\n<h2>Our pastirma varieties<\/h2>\r\n<p><a href=\"https:\/\/www.egetuerk.de\/en\/product\/bahar-dilim-sigir-pastirma\/\"><img decoding=\"async\" src=\"https:\/\/app.egetuerk.de\/media\/product\/12\/Bahar.png\" alt=\"BAHAR D\u0130L\u0130M SI\u011eIR PASTIRMA\" \/><\/a><a href=\"https:\/\/www.egetuerk.de\/en\/product\/coban-sigir-pastirma\/\"><img decoding=\"async\" src=\"https:\/\/app.egetuerk.de\/media\/product\/10\/Coban.png\" alt=\"\u00c7OBAN SI\u011eIR PASTIRMA\" \/><\/a><a href=\"https:\/\/www.egetuerk.de\/en\/product\/sevilen-sigir-pastirma\/\"><img decoding=\"async\" src=\"https:\/\/app.egetuerk.de\/media\/product\/11\/Sevilen.png\" alt=\"SEV\u0130LEN SI\u011eIR PASTIRMA\" \/><\/a> <img loading=\"lazy\" decoding=\"async\" title=\"logo\" src=\"https:\/\/www.egetuerk.de\/wp-content\/uploads\/2018\/08\/logo.svg\" alt=\"logo\" width=\"1024\" height=\"690\" \/><\/p>\r\n<h3>\u00a0<\/h3>\r\n<h3>Address<\/h3>\r\n<h3>Contact<\/h3>\r\n<h3>\u00a0<\/h3>\r\n<p><strong>EGET\u00dcRK WURST- UND<\/strong><br \/><strong>FLEISCHWAREN\u00adFABRIKATION<\/strong><br \/><strong>GMBH &amp; CO. KG<\/strong> Feldkasseler Weg 5<br \/>50769 Cologne<br \/>Germany Tel.: +49 (0) 221 \/ 709 29 &#8211; 0<br \/>Fax: +49 (0) 221 \/ 700 23 &#8211; 78<br \/>E-mail: <strong><a href=\"mailto:info@egetuerk.de\">info@egetuerk.de<\/a><\/strong><\/p>\r\n<p>\u00a9 2026. All rights reserved. <div class=\"menu-footer_legal-englisch-container\"><ul id=\"menu-footer_legal-englisch\" class=\"menu\"><li id=\"menu-item-4223\" class=\"menu-item menu-item-type-post_type menu-item-object-page menu-item-4223\"><a href=\"https:\/\/www.egetuerk.de\/en\/imprint\/\">Imprint<\/a><\/li>\n<li id=\"menu-item-4224\" class=\"menu-item menu-item-type-post_type menu-item-object-page menu-item-4224\"><a href=\"https:\/\/www.egetuerk.de\/en\/privacy\/\">Privacy<\/a><\/li>\n<\/ul><\/div><\/p>\r\n","protected":false},"excerpt":{"rendered":"<p>One very special delicacy of Turkish cuisine is pastirma. This cured beef is dry-pressed in accordance with ancient equestrian nomadic tradition, coated in a spicy paste of Middle Eastern spices, and then left to air-dry slowly for weeks. <\/p>\n","protected":false},"author":1,"featured_media":3437,"parent":4211,"menu_order":0,"comment_status":"closed","ping_status":"closed","template":"","meta":{"_acf_changed":false,"inline_featured_image":false,"footnotes":""},"class_list":["post-4213","page","type-page","status-publish","has-post-thumbnail","hentry"],"acf":[],"yoast_head":"<!-- This site is optimized with the Yoast SEO plugin v27.2 - https:\/\/yoast.com\/product\/yoast-seo-wordpress\/ -->\n<title>Egetu\u0308rk Pastirma | Thin air-dried cured beef<\/title>\n<meta name=\"robots\" content=\"index, follow, max-snippet:-1, max-image-preview:large, max-video-preview:-1\" \/>\n<link rel=\"canonical\" href=\"https:\/\/www.egetuerk.de\/en\/egetuerk\/pastirma\/\" \/>\n<meta property=\"og:locale\" content=\"en_US\" \/>\n<meta property=\"og:type\" content=\"article\" \/>\n<meta property=\"og:title\" content=\"Egetu\u0308rk Pastirma | Thin air-dried cured beef\" \/>\n<meta property=\"og:description\" content=\"One very special delicacy of Turkish cuisine is pastirma. This cured beef is dry-pressed in accordance with ancient equestrian nomadic tradition, coated in a spicy paste of Middle Eastern spices, and then left to air-dry slowly for weeks.\" \/>\n<meta property=\"og:url\" content=\"https:\/\/www.egetuerk.de\/en\/egetuerk\/pastirma\/\" \/>\n<meta property=\"og:site_name\" content=\"Eget\u00fcrk\" \/>\n<meta property=\"article:modified_time\" content=\"2026-01-14T16:50:52+00:00\" \/>\n<meta property=\"og:image\" content=\"https:\/\/www.egetuerk.de\/wp-content\/uploads\/2018\/12\/egetuerk-pastirma.png\" \/>\n\t<meta property=\"og:image:width\" content=\"230\" \/>\n\t<meta property=\"og:image:height\" content=\"224\" \/>\n\t<meta property=\"og:image:type\" content=\"image\/png\" \/>\n<meta name=\"twitter:card\" content=\"summary_large_image\" \/>\n<meta name=\"twitter:label1\" content=\"Est. reading time\" \/>\n\t<meta name=\"twitter:data1\" content=\"3 minutes\" \/>\n<script type=\"application\/ld+json\" class=\"yoast-schema-graph\">{\"@context\":\"https:\/\/schema.org\",\"@graph\":[{\"@type\":\"WebPage\",\"@id\":\"https:\/\/www.egetuerk.de\/en\/egetuerk\/pastirma\/\",\"url\":\"https:\/\/www.egetuerk.de\/en\/egetuerk\/pastirma\/\",\"name\":\"Egetu\u0308rk Pastirma | Thin air-dried cured beef\",\"isPartOf\":{\"@id\":\"https:\/\/www.egetuerk.de\/#website\"},\"primaryImageOfPage\":{\"@id\":\"https:\/\/www.egetuerk.de\/en\/egetuerk\/pastirma\/#primaryimage\"},\"image\":{\"@id\":\"https:\/\/www.egetuerk.de\/en\/egetuerk\/pastirma\/#primaryimage\"},\"thumbnailUrl\":\"https:\/\/www.egetuerk.de\/wp-content\/uploads\/2018\/12\/egetuerk-pastirma.png\",\"datePublished\":\"2019-02-12T20:26:24+00:00\",\"dateModified\":\"2026-01-14T16:50:52+00:00\",\"breadcrumb\":{\"@id\":\"https:\/\/www.egetuerk.de\/en\/egetuerk\/pastirma\/#breadcrumb\"},\"inLanguage\":\"en-US\",\"potentialAction\":[{\"@type\":\"ReadAction\",\"target\":[\"https:\/\/www.egetuerk.de\/en\/egetuerk\/pastirma\/\"]}]},{\"@type\":\"ImageObject\",\"inLanguage\":\"en-US\",\"@id\":\"https:\/\/www.egetuerk.de\/en\/egetuerk\/pastirma\/#primaryimage\",\"url\":\"https:\/\/www.egetuerk.de\/wp-content\/uploads\/2018\/12\/egetuerk-pastirma.png\",\"contentUrl\":\"https:\/\/www.egetuerk.de\/wp-content\/uploads\/2018\/12\/egetuerk-pastirma.png\",\"width\":230,\"height\":224},{\"@type\":\"BreadcrumbList\",\"@id\":\"https:\/\/www.egetuerk.de\/en\/egetuerk\/pastirma\/#breadcrumb\",\"itemListElement\":[{\"@type\":\"ListItem\",\"position\":1,\"name\":\"Startseite\",\"item\":\"https:\/\/www.egetuerk.de\/en\/\"},{\"@type\":\"ListItem\",\"position\":2,\"name\":\"Eget\u00fcrk\",\"item\":\"https:\/\/www.egetuerk.de\/en\/egetuerk\/\"},{\"@type\":\"ListItem\",\"position\":3,\"name\":\"Past\u0131rma\"}]},{\"@type\":\"WebSite\",\"@id\":\"https:\/\/www.egetuerk.de\/#website\",\"url\":\"https:\/\/www.egetuerk.de\/\",\"name\":\"Eget\u00fcrk\",\"description\":\"\",\"potentialAction\":[{\"@type\":\"SearchAction\",\"target\":{\"@type\":\"EntryPoint\",\"urlTemplate\":\"https:\/\/www.egetuerk.de\/?s={search_term_string}\"},\"query-input\":{\"@type\":\"PropertyValueSpecification\",\"valueRequired\":true,\"valueName\":\"search_term_string\"}}],\"inLanguage\":\"en-US\"}]}<\/script>\n<!-- \/ Yoast SEO plugin. -->","yoast_head_json":{"title":"Egetu\u0308rk Pastirma | Thin air-dried cured beef","robots":{"index":"index","follow":"follow","max-snippet":"max-snippet:-1","max-image-preview":"max-image-preview:large","max-video-preview":"max-video-preview:-1"},"canonical":"https:\/\/www.egetuerk.de\/en\/egetuerk\/pastirma\/","og_locale":"en_US","og_type":"article","og_title":"Egetu\u0308rk Pastirma | Thin air-dried cured beef","og_description":"One very special delicacy of Turkish cuisine is pastirma. This cured beef is dry-pressed in accordance with ancient equestrian nomadic tradition, coated in a spicy paste of Middle Eastern spices, and then left to air-dry slowly for weeks.","og_url":"https:\/\/www.egetuerk.de\/en\/egetuerk\/pastirma\/","og_site_name":"Eget\u00fcrk","article_modified_time":"2026-01-14T16:50:52+00:00","og_image":[{"width":230,"height":224,"url":"https:\/\/www.egetuerk.de\/wp-content\/uploads\/2018\/12\/egetuerk-pastirma.png","type":"image\/png"}],"twitter_card":"summary_large_image","twitter_misc":{"Est. reading time":"3 minutes"},"schema":{"@context":"https:\/\/schema.org","@graph":[{"@type":"WebPage","@id":"https:\/\/www.egetuerk.de\/en\/egetuerk\/pastirma\/","url":"https:\/\/www.egetuerk.de\/en\/egetuerk\/pastirma\/","name":"Egetu\u0308rk Pastirma | Thin air-dried cured beef","isPartOf":{"@id":"https:\/\/www.egetuerk.de\/#website"},"primaryImageOfPage":{"@id":"https:\/\/www.egetuerk.de\/en\/egetuerk\/pastirma\/#primaryimage"},"image":{"@id":"https:\/\/www.egetuerk.de\/en\/egetuerk\/pastirma\/#primaryimage"},"thumbnailUrl":"https:\/\/www.egetuerk.de\/wp-content\/uploads\/2018\/12\/egetuerk-pastirma.png","datePublished":"2019-02-12T20:26:24+00:00","dateModified":"2026-01-14T16:50:52+00:00","breadcrumb":{"@id":"https:\/\/www.egetuerk.de\/en\/egetuerk\/pastirma\/#breadcrumb"},"inLanguage":"en-US","potentialAction":[{"@type":"ReadAction","target":["https:\/\/www.egetuerk.de\/en\/egetuerk\/pastirma\/"]}]},{"@type":"ImageObject","inLanguage":"en-US","@id":"https:\/\/www.egetuerk.de\/en\/egetuerk\/pastirma\/#primaryimage","url":"https:\/\/www.egetuerk.de\/wp-content\/uploads\/2018\/12\/egetuerk-pastirma.png","contentUrl":"https:\/\/www.egetuerk.de\/wp-content\/uploads\/2018\/12\/egetuerk-pastirma.png","width":230,"height":224},{"@type":"BreadcrumbList","@id":"https:\/\/www.egetuerk.de\/en\/egetuerk\/pastirma\/#breadcrumb","itemListElement":[{"@type":"ListItem","position":1,"name":"Startseite","item":"https:\/\/www.egetuerk.de\/en\/"},{"@type":"ListItem","position":2,"name":"Eget\u00fcrk","item":"https:\/\/www.egetuerk.de\/en\/egetuerk\/"},{"@type":"ListItem","position":3,"name":"Past\u0131rma"}]},{"@type":"WebSite","@id":"https:\/\/www.egetuerk.de\/#website","url":"https:\/\/www.egetuerk.de\/","name":"Eget\u00fcrk","description":"","potentialAction":[{"@type":"SearchAction","target":{"@type":"EntryPoint","urlTemplate":"https:\/\/www.egetuerk.de\/?s={search_term_string}"},"query-input":{"@type":"PropertyValueSpecification","valueRequired":true,"valueName":"search_term_string"}}],"inLanguage":"en-US"}]}},"_links":{"self":[{"href":"https:\/\/www.egetuerk.de\/en\/wp-json\/wp\/v2\/pages\/4213","targetHints":{"allow":["GET"]}}],"collection":[{"href":"https:\/\/www.egetuerk.de\/en\/wp-json\/wp\/v2\/pages"}],"about":[{"href":"https:\/\/www.egetuerk.de\/en\/wp-json\/wp\/v2\/types\/page"}],"author":[{"embeddable":true,"href":"https:\/\/www.egetuerk.de\/en\/wp-json\/wp\/v2\/users\/1"}],"replies":[{"embeddable":true,"href":"https:\/\/www.egetuerk.de\/en\/wp-json\/wp\/v2\/comments?post=4213"}],"version-history":[{"count":11,"href":"https:\/\/www.egetuerk.de\/en\/wp-json\/wp\/v2\/pages\/4213\/revisions"}],"predecessor-version":[{"id":118038,"href":"https:\/\/www.egetuerk.de\/en\/wp-json\/wp\/v2\/pages\/4213\/revisions\/118038"}],"up":[{"embeddable":true,"href":"https:\/\/www.egetuerk.de\/en\/wp-json\/wp\/v2\/pages\/4211"}],"wp:featuredmedia":[{"embeddable":true,"href":"https:\/\/www.egetuerk.de\/en\/wp-json\/wp\/v2\/media\/3437"}],"wp:attachment":[{"href":"https:\/\/www.egetuerk.de\/en\/wp-json\/wp\/v2\/media?parent=4213"}],"curies":[{"name":"wp","href":"https:\/\/api.w.org\/{rel}","templated":true}]}}