{"id":4211,"date":"2019-02-12T21:25:54","date_gmt":"2019-02-12T20:25:54","guid":{"rendered":"https:\/\/egetuerk.vorschau.xyz\/egetuerk\/"},"modified":"2022-01-10T18:18:51","modified_gmt":"2022-01-10T17:18:51","slug":"egetuerk","status":"publish","type":"page","link":"https:\/\/www.egetuerk.de\/en\/egetuerk\/","title":{"rendered":"Eget\u00fcrk"},"content":{"rendered":"\n        <video id=\"video-0\" width=\"100%\" playsinline autoplay muted loop >\n                <source src=\"https:\/\/www.egetuerk.de\/wp-content\/uploads\/2018\/12\/foodmood-1.mp4\" type=\"video\/mp4\">\n              <\/video>    \n\t<h2 \"><strong>Eget\u00fcrk\u2019s <\/strong><br \/>\n<strong>classics<\/strong><\/h2>\n\t<p>Whether you are talking about our sucuk, sausage and cold cuts, sausages or pastirma cured beef, Eget\u00fcrk\u2019s delicious classic products have been on everyone\u2019s lips (literally!) since 1966.<\/p>\n<p>All Eget\u00fcrk products comply with the Islamic dietary regulations and are made entirely from beef, lamb and poultry meat.<\/p>\n\t<iframe loading=\"lazy\" width=\"560\" height=\"315\" src=\"https:\/\/www.youtube-nocookie.com\/embed\/Q7prjmmyDqA\" frameborder=\"0\" allow=\"accelerometer; autoplay; encrypted-media; gyroscope; picture-in-picture\" allowfullscreen><\/iframe>\n<!--\n-->\n        Eget\u00fcrk SucukThe popular original: Our unmistakeable garlic sausage in different varieties.<a href=\"https:\/\/www.egetuerk.de\/en\/egetuerk\/sucuk\/\">Sucuk variarities<\/a>Eget\u00fcrk SausageA diverse, colourful range and delicious taste \u2013 there is something here to suit all tastes.<a href=\"https:\/\/www.egetuerk.de\/en\/egetuerk\/sausage\/\">Sausage variarities<\/a>Eget\u00fcrk PastirmaWafer-thin, air-cured beef \u2013 the perfect choice for connoisseurs.<a href=\"https:\/\/www.egetuerk.de\/en\/egetuerk\/pastirma\/\">Pastirma variarities<\/a>Eget\u00fcrk SausagesQuickly and easily prepared as a quick snack for in-between times.<a href=\"https:\/\/www.egetuerk.de\/en\/egetuerk\/sausages\/\">Sausages variarities<\/a>    \n                The Eget\u00fcrk brand\n                <h2>Product Overview<\/h2>\n                                Category:\n                                    <a href=\"#\" role=\"button\" id=\"dropdown-kategorie\" data-toggle=\"dropdown\" aria-haspopup=\"true\" aria-expanded=\"false\">\n                                        All\n                                    <\/a>\n                                        <a data-taxonomy=\"kategorie\" data-filter=\"all\" href=\"#\">All<\/a><a data-taxonomy=\"kategorie\" data-filter=\"salam\" href=\"#\">SALAM<\/a><a data-taxonomy=\"kategorie\" data-filter=\"sosis\" href=\"#\">SOSiS<\/a><a data-taxonomy=\"kategorie\" data-filter=\"sucuk\" href=\"#\">SUCUK<\/a><a data-taxonomy=\"kategorie\" data-filter=\"pastirma\" href=\"#\">PASTIRMA<\/a>\n                                Types of meat:\n                                    <a href=\"#\" role=\"button\" id=\"dropdown-fleischart\" data-toggle=\"dropdown\" aria-haspopup=\"true\" aria-expanded=\"false\">\n                                        All\n                                    <\/a>\n                                        <a data-taxonomy=\"fleischart\" data-filter=\"all\" href=\"#\">All<\/a><a data-taxonomy=\"fleischart\" data-filter=\"beef\" href=\"#\">Beef<\/a><a data-taxonomy=\"fleischart\" data-filter=\"chicken\" href=\"#\">Chicken<\/a><a data-taxonomy=\"fleischart\" data-filter=\"gefluegel\" href=\"#\">Gefl\u00fcgel<\/a><a data-taxonomy=\"fleischart\" data-filter=\"rindfleisch\" href=\"#\">Rindfleisch<\/a><a data-taxonomy=\"fleischart\" data-filter=\"truthahn\" href=\"#\">Truthahn<\/a><a data-taxonomy=\"fleischart\" data-filter=\"turkey\" href=\"#\">Turkey<\/a>\n        <a href=\"https:\/\/www.egetuerk.de\/en\/product\/fistik-sefasi\/\"><img decoding=\"async\" src=\"https:\/\/app.egetuerk.de\/media\/product\/56\/FistikSefasi.png\" alt=\"FISTIK SEFASI\"><\/a><a href=\"https:\/\/www.egetuerk.de\/en\/product\/biber-sefasi\/\"><img decoding=\"async\" src=\"https:\/\/app.egetuerk.de\/media\/product\/55\/BiberSefasi.png\" alt=\"BiBER SEFASI\"><\/a><a href=\"https:\/\/www.egetuerk.de\/en\/product\/derya-dilim-hindi-salam\/\"><img decoding=\"async\" src=\"https:\/\/app.egetuerk.de\/media\/product\/31\/Derya.png\" alt=\"DERYA D\u0130L\u0130M H\u0130ND\u0130 SALAM\"><\/a><a href=\"https:\/\/www.egetuerk.de\/en\/product\/gurbuz-dilim-tavuk-salam\/\"><img decoding=\"async\" src=\"https:\/\/app.egetuerk.de\/media\/product\/30\/Gu%CC%88rbu%CC%88z.png\" alt=\"G\u00dcRB\u00dcZ D\u0130L\u0130M TAVUK SALAM\"><\/a><a href=\"https:\/\/www.egetuerk.de\/en\/product\/mehtap-dilim-biberli-sigir-salam\/\"><img decoding=\"async\" src=\"https:\/\/app.egetuerk.de\/media\/product\/29\/Mehtap.png\" alt=\"MEHTAP D\u0130L\u0130M B\u0130BERL\u0130 SI\u011eIR SALAM\"><\/a><a href=\"https:\/\/www.egetuerk.de\/en\/product\/tadim-dilim-sigir-salam\/\"><img decoding=\"async\" src=\"https:\/\/app.egetuerk.de\/media\/product\/28\/Tadim.png\" alt=\"TADIM D\u0130L\u0130M SI\u011eIR SALAM\"><\/a><a href=\"https:\/\/www.egetuerk.de\/en\/product\/gokturk-dilim-macar-tipi-hindi-salam\/\"><img decoding=\"async\" src=\"https:\/\/app.egetuerk.de\/media\/product\/27\/27.png\" alt=\"G\u00d6KT\u00dcRK D\u0130L\u0130M MACAR T\u0130P\u0130 H\u0130ND\u0130 SALAM\"><\/a><a href=\"https:\/\/www.egetuerk.de\/en\/product\/erturk-dilim-macar-tipi-sigir-salam\/\"><img decoding=\"async\" src=\"https:\/\/app.egetuerk.de\/media\/product\/26\/26.png\" alt=\"ERT\u00dcRK D\u0130L\u0130M MACAR T\u0130P\u0130 SI\u011eIR SALAM\"><\/a><a href=\"https:\/\/www.egetuerk.de\/en\/product\/egem-dilim-sucuk\/\"><img decoding=\"async\" src=\"https:\/\/app.egetuerk.de\/media\/product\/23\/Egem.png\" alt=\"EGEM D\u0130L\u0130M SUCUK\"><\/a><a href=\"https:\/\/www.egetuerk.de\/en\/product\/ozlem-dilim-macar-tipi-hindi-salam\/\"><img decoding=\"async\" src=\"https:\/\/app.egetuerk.de\/media\/product\/22\/O%CC%88zlem.png\" alt=\"\u00d6ZLEM D\u0130L\u0130M MACAR T\u0130P\u0130 H\u0130ND\u0130 SALAM\"><\/a><a href=\"https:\/\/www.egetuerk.de\/en\/product\/bereket-dilim-hindi-sogus\/\"><img decoding=\"async\" src=\"https:\/\/app.egetuerk.de\/media\/product\/19\/38_Bereket.png\" alt=\"BEREKET D\u0130L\u0130M H\u0130ND\u0130 S\u00d6\u011e\u00dc\u015e\"><\/a><a href=\"https:\/\/www.egetuerk.de\/en\/product\/ciftlik-sefasi-dilim-hindi-gogsu\/\"><img decoding=\"async\" src=\"https:\/\/app.egetuerk.de\/media\/product\/20\/43_Ciftlik.png\" alt=\"\u00c7\u0130FTL\u0130K SEFASI D\u0130L\u0130M H\u0130ND\u0130 G\u00d6\u011eS\u00dc\"><\/a><a href=\"https:\/\/www.egetuerk.de\/en\/product\/dalyan-dilim-macar-tipi-sigir-salam\/\"><img decoding=\"async\" src=\"https:\/\/app.egetuerk.de\/media\/product\/21\/Dalyan.png\" alt=\"DALYAN D\u0130L\u0130M MACAR T\u0130P\u0130 SI\u011eIR SALAM\"><\/a><a href=\"https:\/\/www.egetuerk.de\/en\/product\/dilim-tavuk-sefasi-tavuk-salam\/\"><img decoding=\"async\" src=\"https:\/\/app.egetuerk.de\/media\/product\/16\/13_TavukSefasi.png\" alt=\"D\u0130L\u0130M TAVUK SEFASI TAVUK SALAM\"><\/a><a href=\"https:\/\/www.egetuerk.de\/en\/product\/dilim-saray-sefasi-sigir-salam\/\"><img decoding=\"async\" src=\"https:\/\/app.egetuerk.de\/media\/product\/17\/14_SaraySefasi.png\" alt=\"D\u0130L\u0130M SARAY SEFASI SI\u011eIR SALAM\"><\/a><a href=\"https:\/\/www.egetuerk.de\/en\/product\/tavuk-sefasi-tavuk-salam\/\"><img decoding=\"async\" src=\"https:\/\/app.egetuerk.de\/media\/product\/14\/TavukSefasi500g.png\" alt=\"TAVUK SEFASI TAVUK SALAM\"><\/a><a href=\"https:\/\/www.egetuerk.de\/en\/product\/elif-fistikli-sigir-salam\/\"><img decoding=\"async\" src=\"https:\/\/app.egetuerk.de\/media\/product\/15\/Elif500g.png\" alt=\"EL\u0130F FISTIKLI SI\u011eIR SALAM\"><\/a><a href=\"https:\/\/www.egetuerk.de\/en\/product\/bahar-dilim-sigir-pastirma\/\"><img decoding=\"async\" src=\"https:\/\/app.egetuerk.de\/media\/product\/12\/Bahar.png\" alt=\"BAHAR D\u0130L\u0130M SI\u011eIR PASTIRMA\"><\/a><a href=\"https:\/\/www.egetuerk.de\/en\/product\/saray-sefasi-sigir-salam\/\"><img decoding=\"async\" src=\"https:\/\/app.egetuerk.de\/media\/product\/13\/SaraySefasi500g.png\" alt=\"SARAY SEFASI SI\u011eIR SALAM\"><\/a><a href=\"https:\/\/www.egetuerk.de\/en\/product\/coban-sigir-pastirma\/\"><img decoding=\"async\" src=\"https:\/\/app.egetuerk.de\/media\/product\/10\/Coban.png\" alt=\"\u00c7OBAN SI\u011eIR PASTIRMA\"><\/a><a href=\"https:\/\/www.egetuerk.de\/en\/product\/sevilen-sigir-pastirma\/\"><img decoding=\"async\" src=\"https:\/\/app.egetuerk.de\/media\/product\/11\/Sevilen.png\" alt=\"SEV\u0130LEN SI\u011eIR PASTIRMA\"><\/a><a href=\"https:\/\/www.egetuerk.de\/en\/product\/boncuk-sosis\/\"><img decoding=\"async\" src=\"https:\/\/app.egetuerk.de\/media\/product\/8\/Boncuk.png\" alt=\"BONCUK SOSiS\"><\/a><a href=\"https:\/\/www.egetuerk.de\/en\/product\/pinar-sosis\/\"><img decoding=\"async\" src=\"https:\/\/app.egetuerk.de\/media\/product\/9\/Pinar.png\" alt=\"PINAR SOSiS\"><\/a><a href=\"https:\/\/www.egetuerk.de\/en\/product\/babacan-sosis\/\"><img decoding=\"async\" src=\"https:\/\/app.egetuerk.de\/media\/product\/7\/Babacan.png\" alt=\"BABACAN SOSiS\"><\/a><a href=\"https:\/\/www.egetuerk.de\/en\/product\/tonton-sosis\/\"><img decoding=\"async\" src=\"https:\/\/app.egetuerk.de\/media\/product\/6\/TonTon.png\" alt=\"TONTON SOSiS\"><\/a><a href=\"https:\/\/www.egetuerk.de\/en\/product\/baris-kangal-sucuk\/\"><img decoding=\"async\" src=\"https:\/\/app.egetuerk.de\/media\/product\/51\/Baris_04.10.21.png\" alt=\"BARI\u015e IZGARALIK GRILL SUCUK\"><\/a><a href=\"https:\/\/www.egetuerk.de\/en\/product\/avci-sosis\/\"><img decoding=\"async\" src=\"https:\/\/app.egetuerk.de\/media\/product\/5\/Avci.png\" alt=\"AVCI SOSiS\"><\/a><a href=\"https:\/\/www.egetuerk.de\/en\/product\/egetat-dilim-sucuk\/\"><img decoding=\"async\" src=\"https:\/\/app.egetuerk.de\/media\/product\/4\/Egetat.png\" alt=\"EGETAT D\u0130L\u0130M SUCUK\"><\/a><a href=\"https:\/\/www.egetuerk.de\/en\/product\/sultan-kangal-sucuk\/\"><img decoding=\"async\" src=\"https:\/\/app.egetuerk.de\/media\/product\/2\/Sultan.png\" alt=\"SULTAN KANGAL SUCUK\"><\/a><a href=\"https:\/\/www.egetuerk.de\/en\/product\/egemen-parmak-sucuk\/\"><img decoding=\"async\" src=\"https:\/\/app.egetuerk.de\/media\/product\/3\/Egemen.png\" alt=\"EGEMEN PARMAK SUCUK\"><\/a><a href=\"https:\/\/www.egetuerk.de\/en\/product\/sirma-parmak-sucuk\/\"><img decoding=\"async\" src=\"https:\/\/app.egetuerk.de\/media\/product\/1\/Sirma.png\" alt=\"SIRMA PARMAK SUCUK\"><\/a><a href=\"https:\/\/www.egetuerk.de\/en\/product\/emre-kangal-sucuk\/\"><img decoding=\"async\" src=\"https:\/\/app.egetuerk.de\/media\/product\/0\/Emre.png\" alt=\"EMRE KANGAL SUCUK\"><\/a>    \n\t<p>faq<\/p>\n<h2>\n\t\tFrequently Asked Questions\n\t<\/h2>\n\t\t\t<a href=\"#\" id=\"fl-accordion--label-0\" tabindex=\"0\" aria-controls=\"fl-accordion--panel-0\">Where can I find Eget\u00fcrk products?<\/a>\n\t\t\t\t\t\t\t<a href=\"#\" id=\"fl-accordion--icon-0\" tabindex=\"0\" aria-controls=\"fl-accordion--panel-0\"><i>Expand<\/i><\/a>\n\t\t<p>In almost any Turkish supermarket in Europe, as well as in many other shops in the German food retailing sector.<\/p>\n\t\t\t<a href=\"#\" id=\"fl-accordion--label-1\" tabindex=\"0\" aria-controls=\"fl-accordion--panel-1\">Where are Eget\u00fcrk products made?<\/a>\n\t\t\t\t\t\t\t<a href=\"#\" id=\"fl-accordion--icon-1\" tabindex=\"0\" aria-controls=\"fl-accordion--panel-1\"><i>Expand<\/i><\/a>\n\t\t<p>Eget\u00fcrk products have been produced in Germany since 1966. With the capacity to produce 150 tons per day at our plant in Cologne, Eget\u00fcrk is the largest producer of halal meat products in Germany. Find out more under <a href=\"https:\/\/www.egetuerk.de\/en\/history\/\">History<\/a>.<\/p>\n\t\t\t<a href=\"#\" id=\"fl-accordion--label-2\" tabindex=\"0\" aria-controls=\"fl-accordion--panel-2\">What is the difference between Eget\u00fcrk and Efepa\u015fa?<\/a>\n\t\t\t\t\t\t\t<a href=\"#\" id=\"fl-accordion--icon-2\" tabindex=\"0\" aria-controls=\"fl-accordion--panel-2\"><i>Expand<\/i><\/a>\n\t\t<p>Both brands are produced in the same plant, using the same high quality of meat. There are just slight differences in the recipes, e.g. in the spices used. Find out more under <a href=\"https:\/\/www.egetuerk.de\/en\/egetuerk\/\">Eget\u00fcrk\u00a0<\/a>and\u00a0<a href=\"https:\/\/www.egetuerk.de\/en\/efepasa\/\">Efepa\u015fa<\/a>.<\/p>\n\t\t\t\t<img loading=\"lazy\" decoding=\"async\" src=\"https:\/\/www.egetuerk.de\/wp-content\/uploads\/2018\/08\/logo.svg\" alt=\"logo\" itemprop=\"image\" height=\"690\" width=\"1024\" title=\"logo\" onerror=\"this.style.display='none'\"  \/>\n<h3>\n\t\t&nbsp;\n\t<\/h3>\n<h3>\n\t\tAddress\n\t<\/h3>\n<h3>\n\t\tContact\n\t<\/h3>\n<h3>\n\t\t&nbsp;\n\t<\/h3>\n\t<strong>EGET\u00dcRK WURST- UND<\/strong><br \/>\n<strong>FLEISCHWAREN&shy;FABRIKATION<\/strong><br \/>\n<strong>GMBH &amp; CO. KG<\/strong>\n\tFeldkasseler Weg 5<br \/>\n50769 Cologne<br \/>\nGermany\n\tTel.: +49 (0) 221 \/ 709 29 &#8211; 0<br \/>\nFax: +49 (0) 221 \/ 700 23 &#8211; 78<br \/>\nE-mail: <strong><a href=\"mailto:info@egetuerk.de\">info@egetuerk.de<\/a><\/strong>\n\t<p>\u00a9 2026. All rights reserved. <div class=\"menu-footer_legal-englisch-container\"><ul id=\"menu-footer_legal-englisch\" class=\"menu\"><li id=\"menu-item-4223\" class=\"menu-item menu-item-type-post_type menu-item-object-page menu-item-4223\"><a href=\"https:\/\/www.egetuerk.de\/en\/imprint\/\">Imprint<\/a><\/li>\n<li id=\"menu-item-4224\" class=\"menu-item menu-item-type-post_type menu-item-object-page menu-item-4224\"><a href=\"https:\/\/www.egetuerk.de\/en\/privacy\/\">Privacy<\/a><\/li>\n<\/ul><\/div><\/p>\n","protected":false},"excerpt":{"rendered":"<p>Whether you are talking about our sucuk, sausage and cold cuts, sausages or pastirma cured beef, Eget\u00fcrk\u2019s delicious classic products have been on everyone\u2019s lips (literally!) since 1966.<\/p>\n","protected":false},"author":1,"featured_media":930,"parent":0,"menu_order":0,"comment_status":"closed","ping_status":"closed","template":"","meta":{"_acf_changed":false,"inline_featured_image":false,"footnotes":""},"class_list":["post-4211","page","type-page","status-publish","has-post-thumbnail","hentry"],"acf":[],"yoast_head":"<!-- This site is optimized with the Yoast SEO plugin v27.2 - https:\/\/yoast.com\/product\/yoast-seo-wordpress\/ -->\n<title>Egetu\u0308rk Products | Your favourite since 1966<\/title>\n<meta name=\"robots\" content=\"index, follow, max-snippet:-1, max-image-preview:large, max-video-preview:-1\" \/>\n<link rel=\"canonical\" href=\"https:\/\/www.egetuerk.de\/en\/egetuerk\/\" \/>\n<meta property=\"og:locale\" content=\"en_US\" \/>\n<meta property=\"og:type\" content=\"article\" \/>\n<meta property=\"og:title\" content=\"Egetu\u0308rk Products | Your favourite since 1966\" \/>\n<meta property=\"og:description\" content=\"Whether you are talking about our sucuk, sausage and cold cuts, sausages or pastirma cured beef, Eget\u00fcrk\u2019s delicious classic products have been on everyone\u2019s lips (literally!) since 1966.\" \/>\n<meta property=\"og:url\" content=\"https:\/\/www.egetuerk.de\/en\/egetuerk\/\" \/>\n<meta property=\"og:site_name\" content=\"Eget\u00fcrk\" \/>\n<meta property=\"article:modified_time\" content=\"2022-01-10T17:18:51+00:00\" \/>\n<meta name=\"twitter:card\" content=\"summary_large_image\" \/>\n<script type=\"application\/ld+json\" class=\"yoast-schema-graph\">{\"@context\":\"https:\/\/schema.org\",\"@graph\":[{\"@type\":\"WebPage\",\"@id\":\"https:\/\/www.egetuerk.de\/en\/egetuerk\/\",\"url\":\"https:\/\/www.egetuerk.de\/en\/egetuerk\/\",\"name\":\"Egetu\u0308rk Products | Your favourite since 1966\",\"isPartOf\":{\"@id\":\"https:\/\/www.egetuerk.de\/#website\"},\"primaryImageOfPage\":{\"@id\":\"https:\/\/www.egetuerk.de\/en\/egetuerk\/#primaryimage\"},\"image\":{\"@id\":\"https:\/\/www.egetuerk.de\/en\/egetuerk\/#primaryimage\"},\"thumbnailUrl\":\"https:\/\/www.egetuerk.de\/wp-content\/uploads\/2018\/08\/logo.svg\",\"datePublished\":\"2019-02-12T20:25:54+00:00\",\"dateModified\":\"2022-01-10T17:18:51+00:00\",\"breadcrumb\":{\"@id\":\"https:\/\/www.egetuerk.de\/en\/egetuerk\/#breadcrumb\"},\"inLanguage\":\"en-US\",\"potentialAction\":[{\"@type\":\"ReadAction\",\"target\":[\"https:\/\/www.egetuerk.de\/en\/egetuerk\/\"]}]},{\"@type\":\"ImageObject\",\"inLanguage\":\"en-US\",\"@id\":\"https:\/\/www.egetuerk.de\/en\/egetuerk\/#primaryimage\",\"url\":\"https:\/\/www.egetuerk.de\/wp-content\/uploads\/2018\/08\/logo.svg\",\"contentUrl\":\"https:\/\/www.egetuerk.de\/wp-content\/uploads\/2018\/08\/logo.svg\"},{\"@type\":\"BreadcrumbList\",\"@id\":\"https:\/\/www.egetuerk.de\/en\/egetuerk\/#breadcrumb\",\"itemListElement\":[{\"@type\":\"ListItem\",\"position\":1,\"name\":\"Startseite\",\"item\":\"https:\/\/www.egetuerk.de\/en\/\"},{\"@type\":\"ListItem\",\"position\":2,\"name\":\"Eget\u00fcrk\"}]},{\"@type\":\"WebSite\",\"@id\":\"https:\/\/www.egetuerk.de\/#website\",\"url\":\"https:\/\/www.egetuerk.de\/\",\"name\":\"Eget\u00fcrk\",\"description\":\"\",\"potentialAction\":[{\"@type\":\"SearchAction\",\"target\":{\"@type\":\"EntryPoint\",\"urlTemplate\":\"https:\/\/www.egetuerk.de\/?s={search_term_string}\"},\"query-input\":{\"@type\":\"PropertyValueSpecification\",\"valueRequired\":true,\"valueName\":\"search_term_string\"}}],\"inLanguage\":\"en-US\"}]}<\/script>\n<!-- \/ Yoast SEO plugin. -->","yoast_head_json":{"title":"Egetu\u0308rk Products | Your favourite since 1966","robots":{"index":"index","follow":"follow","max-snippet":"max-snippet:-1","max-image-preview":"max-image-preview:large","max-video-preview":"max-video-preview:-1"},"canonical":"https:\/\/www.egetuerk.de\/en\/egetuerk\/","og_locale":"en_US","og_type":"article","og_title":"Egetu\u0308rk Products | Your favourite since 1966","og_description":"Whether you are talking about our sucuk, sausage and cold cuts, sausages or pastirma cured beef, Eget\u00fcrk\u2019s delicious classic products have been on everyone\u2019s lips (literally!) since 1966.","og_url":"https:\/\/www.egetuerk.de\/en\/egetuerk\/","og_site_name":"Eget\u00fcrk","article_modified_time":"2022-01-10T17:18:51+00:00","twitter_card":"summary_large_image","schema":{"@context":"https:\/\/schema.org","@graph":[{"@type":"WebPage","@id":"https:\/\/www.egetuerk.de\/en\/egetuerk\/","url":"https:\/\/www.egetuerk.de\/en\/egetuerk\/","name":"Egetu\u0308rk Products | Your favourite since 1966","isPartOf":{"@id":"https:\/\/www.egetuerk.de\/#website"},"primaryImageOfPage":{"@id":"https:\/\/www.egetuerk.de\/en\/egetuerk\/#primaryimage"},"image":{"@id":"https:\/\/www.egetuerk.de\/en\/egetuerk\/#primaryimage"},"thumbnailUrl":"https:\/\/www.egetuerk.de\/wp-content\/uploads\/2018\/08\/logo.svg","datePublished":"2019-02-12T20:25:54+00:00","dateModified":"2022-01-10T17:18:51+00:00","breadcrumb":{"@id":"https:\/\/www.egetuerk.de\/en\/egetuerk\/#breadcrumb"},"inLanguage":"en-US","potentialAction":[{"@type":"ReadAction","target":["https:\/\/www.egetuerk.de\/en\/egetuerk\/"]}]},{"@type":"ImageObject","inLanguage":"en-US","@id":"https:\/\/www.egetuerk.de\/en\/egetuerk\/#primaryimage","url":"https:\/\/www.egetuerk.de\/wp-content\/uploads\/2018\/08\/logo.svg","contentUrl":"https:\/\/www.egetuerk.de\/wp-content\/uploads\/2018\/08\/logo.svg"},{"@type":"BreadcrumbList","@id":"https:\/\/www.egetuerk.de\/en\/egetuerk\/#breadcrumb","itemListElement":[{"@type":"ListItem","position":1,"name":"Startseite","item":"https:\/\/www.egetuerk.de\/en\/"},{"@type":"ListItem","position":2,"name":"Eget\u00fcrk"}]},{"@type":"WebSite","@id":"https:\/\/www.egetuerk.de\/#website","url":"https:\/\/www.egetuerk.de\/","name":"Eget\u00fcrk","description":"","potentialAction":[{"@type":"SearchAction","target":{"@type":"EntryPoint","urlTemplate":"https:\/\/www.egetuerk.de\/?s={search_term_string}"},"query-input":{"@type":"PropertyValueSpecification","valueRequired":true,"valueName":"search_term_string"}}],"inLanguage":"en-US"}]}},"_links":{"self":[{"href":"https:\/\/www.egetuerk.de\/en\/wp-json\/wp\/v2\/pages\/4211","targetHints":{"allow":["GET"]}}],"collection":[{"href":"https:\/\/www.egetuerk.de\/en\/wp-json\/wp\/v2\/pages"}],"about":[{"href":"https:\/\/www.egetuerk.de\/en\/wp-json\/wp\/v2\/types\/page"}],"author":[{"embeddable":true,"href":"https:\/\/www.egetuerk.de\/en\/wp-json\/wp\/v2\/users\/1"}],"replies":[{"embeddable":true,"href":"https:\/\/www.egetuerk.de\/en\/wp-json\/wp\/v2\/comments?post=4211"}],"version-history":[{"count":17,"href":"https:\/\/www.egetuerk.de\/en\/wp-json\/wp\/v2\/pages\/4211\/revisions"}],"predecessor-version":[{"id":115991,"href":"https:\/\/www.egetuerk.de\/en\/wp-json\/wp\/v2\/pages\/4211\/revisions\/115991"}],"wp:featuredmedia":[{"embeddable":true,"href":"https:\/\/www.egetuerk.de\/en\/wp-json\/wp\/v2\/media\/930"}],"wp:attachment":[{"href":"https:\/\/www.egetuerk.de\/en\/wp-json\/wp\/v2\/media?parent=4211"}],"curies":[{"name":"wp","href":"https:\/\/api.w.org\/{rel}","templated":true}]}}