{"id":4210,"date":"2019-02-12T21:25:36","date_gmt":"2019-02-12T20:25:36","guid":{"rendered":"https:\/\/egetuerk.vorschau.xyz\/efepasa\/wuerstchen\/"},"modified":"2022-01-10T18:32:26","modified_gmt":"2022-01-10T17:32:26","slug":"sausages","status":"publish","type":"page","link":"https:\/\/www.egetuerk.de\/en\/efepasa\/sausages\/","title":{"rendered":"Sausages"},"content":{"rendered":"\n\t\t\t\t<img loading=\"lazy\" decoding=\"async\" src=\"https:\/\/www.egetuerk.de\/wp-content\/uploads\/2018\/12\/sosis.png\" alt=\"sosis\" itemprop=\"image\" height=\"400\" width=\"1584\" title=\"sosis\" onerror=\"this.style.display='none'\"  \/>\n<h3>\n\t\tSo simple and so delicious\n\t<\/h3>\n\t<p>Everyone knows the situation: sometimes there simply isn\u2019t time to cook, or you have to be quick, for whatever reason. Fortunately for you, there are Efepa\u015fa sausages made of delicious poultry meat.<\/p>\n<p>Whether barbecued, fried until sizzling in a pan or warmed up in hot water, they are ready in no time at all. And however you eat them, they are always delicious! The best thing to do is to keep a small stock in the cupboard, ready to enjoy at any time \u2013 because our sausages keep for a very long time.<\/p>\n<p>Like Eget\u00fcrk beef sausages, all Efepa\u015fa poultry-meat sausages are of course 100% halal.<\/p>\n\t <video autoplay loop muted>\n  <source src=\"https:\/\/www.egetuerk.de\/wp-content\/uploads\/2019\/02\/02-sosis-1.mp4\">\n<\/video> \n    <img decoding=\"async\" src=\"https:\/\/www.egetuerk.de\/wp-content\/themes\/egetuerk-child\/files\/angle-left.svg\" \/> \n    <img decoding=\"async\" src=\"https:\/\/www.egetuerk.de\/wp-content\/themes\/egetuerk-child\/files\/angle-right.svg\" \/>\n        <p><h2>Quickly prepared delicious sausages!<\/h2><img decoding=\"async\" src=\"https:\/\/app.egetuerk.de\/media\/recipes\/5\/1\/boncuk_1600.jpg\" ><h2>Add flavour to any sandwich!<\/h2><img decoding=\"async\" src=\"https:\/\/app.egetuerk.de\/media\/recipes\/7\/1\/burcu_1600.jpg\" ><h2>For all Hot Dog lovers&#8230;<\/h2><img decoding=\"async\" src=\"https:\/\/app.egetuerk.de\/media\/recipes\/34\/1\/pinar_1600.jpg\" ><h2>Quickly prepared delicious sausages!<\/h2><img decoding=\"async\" src=\"https:\/\/app.egetuerk.de\/media\/recipes\/45\/1\/avci_1600.jpg\" ><h2>Quickly prepared delicious sausages!<\/h2><img decoding=\"async\" src=\"https:\/\/app.egetuerk.de\/media\/recipes\/44\/1\/babacan_1600.jpg\" ><\/p><h2>Quickly prepared delicious sausages!<\/h2><img decoding=\"async\" src=\"https:\/\/app.egetuerk.de\/media\/recipes\/42\/1\/tonton_1600.jpg\" >    \n                Efepa\u015fa Sausages\n                <h2>Our varieties of sausages <\/h2>\n        <a href=\"https:\/\/www.egetuerk.de\/en\/product\/inci-party-tavuk-sosis\/\"><img decoding=\"async\" src=\"https:\/\/app.egetuerk.de\/media\/product\/39\/Inci.png\" alt=\"\u0130NC\u0130 PARTY TAVUK SOS\u0130S\"><\/a><a href=\"https:\/\/www.egetuerk.de\/en\/product\/burcu-tavuk-sosis\/\"><img decoding=\"async\" src=\"https:\/\/app.egetuerk.de\/media\/product\/38\/Burcu.png\" alt=\"BURCU TAVUK SOS\u0130S\"><\/a>    \n\t\t\t\t<img loading=\"lazy\" decoding=\"async\" src=\"https:\/\/www.egetuerk.de\/wp-content\/uploads\/2018\/08\/logo.svg\" alt=\"logo\" itemprop=\"image\" height=\"690\" width=\"1024\" title=\"logo\" onerror=\"this.style.display='none'\"  \/>\n<h3>\n\t\t&nbsp;\n\t<\/h3>\n<h3>\n\t\tAddress\n\t<\/h3>\n<h3>\n\t\tContact\n\t<\/h3>\n<h3>\n\t\t&nbsp;\n\t<\/h3>\n\t<strong>EGET\u00dcRK WURST- UND<\/strong><br \/>\n<strong>FLEISCHWAREN&shy;FABRIKATION<\/strong><br \/>\n<strong>GMBH &amp; CO. KG<\/strong>\n\tFeldkasseler Weg 5<br \/>\n50769 Cologne<br \/>\nGermany\n\tTel.: +49 (0) 221 \/ 709 29 &#8211; 0<br \/>\nFax: +49 (0) 221 \/ 700 23 &#8211; 78<br \/>\nE-mail: <strong><a href=\"mailto:info@egetuerk.de\">info@egetuerk.de<\/a><\/strong>\n\t<p>\u00a9 2026. All rights reserved. <div class=\"menu-footer_legal-englisch-container\"><ul id=\"menu-footer_legal-englisch\" class=\"menu\"><li id=\"menu-item-4223\" class=\"menu-item menu-item-type-post_type menu-item-object-page menu-item-4223\"><a href=\"https:\/\/www.egetuerk.de\/en\/imprint\/\">Imprint<\/a><\/li>\n<li id=\"menu-item-4224\" class=\"menu-item menu-item-type-post_type menu-item-object-page menu-item-4224\"><a href=\"https:\/\/www.egetuerk.de\/en\/privacy\/\">Privacy<\/a><\/li>\n<\/ul><\/div><\/p>\n","protected":false},"excerpt":{"rendered":"<p>Everyone knows the situation: sometimes there simply isn\u2019t time to cook, or you have to be quick, for whatever reason. Fortunately for you, there are Efepa\u015fa sausages made of delicious poultry meat.<\/p>\n","protected":false},"author":1,"featured_media":3431,"parent":4207,"menu_order":0,"comment_status":"closed","ping_status":"closed","template":"","meta":{"_acf_changed":false,"inline_featured_image":false,"footnotes":""},"class_list":["post-4210","page","type-page","status-publish","has-post-thumbnail","hentry"],"acf":[],"yoast_head":"<!-- This site is optimized with the Yoast SEO plugin v27.5 - https:\/\/yoast.com\/product\/yoast-seo-wordpress\/ -->\n<title>Efepa\u015fa Sausages | Simple and delicious<\/title>\n<meta name=\"robots\" content=\"index, follow, max-snippet:-1, max-image-preview:large, max-video-preview:-1\" \/>\n<link rel=\"canonical\" href=\"https:\/\/www.egetuerk.de\/en\/efepasa\/sausages\/\" \/>\n<meta property=\"og:locale\" content=\"en_US\" \/>\n<meta property=\"og:type\" content=\"article\" \/>\n<meta property=\"og:title\" content=\"Efepa\u015fa Sausages | Simple and delicious\" \/>\n<meta property=\"og:description\" content=\"Everyone knows the situation: sometimes there simply isn\u2019t time to cook, or you have to be quick, for whatever reason. Fortunately for you, there are Efepa\u015fa sausages made of delicious poultry meat.\" \/>\n<meta property=\"og:url\" content=\"https:\/\/www.egetuerk.de\/en\/efepasa\/sausages\/\" \/>\n<meta property=\"og:site_name\" content=\"Eget\u00fcrk\" \/>\n<meta property=\"article:modified_time\" content=\"2022-01-10T17:32:26+00:00\" \/>\n<meta property=\"og:image\" content=\"https:\/\/www.egetuerk.de\/wp-content\/uploads\/2018\/12\/efepasa-wuerstchen.png\" \/>\n\t<meta property=\"og:image:width\" content=\"210\" \/>\n\t<meta property=\"og:image:height\" content=\"252\" \/>\n\t<meta property=\"og:image:type\" content=\"image\/png\" \/>\n<meta name=\"twitter:card\" content=\"summary_large_image\" \/>\n<meta name=\"twitter:label1\" content=\"Est. reading time\" \/>\n\t<meta name=\"twitter:data1\" content=\"1 minute\" \/>\n<script type=\"application\/ld+json\" class=\"yoast-schema-graph\">{\"@context\":\"https:\\\/\\\/schema.org\",\"@graph\":[{\"@type\":\"WebPage\",\"@id\":\"https:\\\/\\\/www.egetuerk.de\\\/en\\\/efepasa\\\/sausages\\\/\",\"url\":\"https:\\\/\\\/www.egetuerk.de\\\/en\\\/efepasa\\\/sausages\\\/\",\"name\":\"Efepa\u015fa Sausages | Simple and delicious\",\"isPartOf\":{\"@id\":\"https:\\\/\\\/www.egetuerk.de\\\/#website\"},\"primaryImageOfPage\":{\"@id\":\"https:\\\/\\\/www.egetuerk.de\\\/en\\\/efepasa\\\/sausages\\\/#primaryimage\"},\"image\":{\"@id\":\"https:\\\/\\\/www.egetuerk.de\\\/en\\\/efepasa\\\/sausages\\\/#primaryimage\"},\"thumbnailUrl\":\"https:\\\/\\\/www.egetuerk.de\\\/wp-content\\\/uploads\\\/2018\\\/12\\\/efepasa-wuerstchen.png\",\"datePublished\":\"2019-02-12T20:25:36+00:00\",\"dateModified\":\"2022-01-10T17:32:26+00:00\",\"breadcrumb\":{\"@id\":\"https:\\\/\\\/www.egetuerk.de\\\/en\\\/efepasa\\\/sausages\\\/#breadcrumb\"},\"inLanguage\":\"en-US\",\"potentialAction\":[{\"@type\":\"ReadAction\",\"target\":[\"https:\\\/\\\/www.egetuerk.de\\\/en\\\/efepasa\\\/sausages\\\/\"]}]},{\"@type\":\"ImageObject\",\"inLanguage\":\"en-US\",\"@id\":\"https:\\\/\\\/www.egetuerk.de\\\/en\\\/efepasa\\\/sausages\\\/#primaryimage\",\"url\":\"https:\\\/\\\/www.egetuerk.de\\\/wp-content\\\/uploads\\\/2018\\\/12\\\/efepasa-wuerstchen.png\",\"contentUrl\":\"https:\\\/\\\/www.egetuerk.de\\\/wp-content\\\/uploads\\\/2018\\\/12\\\/efepasa-wuerstchen.png\",\"width\":210,\"height\":252},{\"@type\":\"BreadcrumbList\",\"@id\":\"https:\\\/\\\/www.egetuerk.de\\\/en\\\/efepasa\\\/sausages\\\/#breadcrumb\",\"itemListElement\":[{\"@type\":\"ListItem\",\"position\":1,\"name\":\"Startseite\",\"item\":\"https:\\\/\\\/www.egetuerk.de\\\/en\\\/\"},{\"@type\":\"ListItem\",\"position\":2,\"name\":\"Efepa\u015fa\",\"item\":\"https:\\\/\\\/www.egetuerk.de\\\/en\\\/efepasa\\\/\"},{\"@type\":\"ListItem\",\"position\":3,\"name\":\"Sausages\"}]},{\"@type\":\"WebSite\",\"@id\":\"https:\\\/\\\/www.egetuerk.de\\\/#website\",\"url\":\"https:\\\/\\\/www.egetuerk.de\\\/\",\"name\":\"Eget\u00fcrk\",\"description\":\"\",\"potentialAction\":[{\"@type\":\"SearchAction\",\"target\":{\"@type\":\"EntryPoint\",\"urlTemplate\":\"https:\\\/\\\/www.egetuerk.de\\\/?s={search_term_string}\"},\"query-input\":{\"@type\":\"PropertyValueSpecification\",\"valueRequired\":true,\"valueName\":\"search_term_string\"}}],\"inLanguage\":\"en-US\"}]}<\/script>\n<!-- \/ Yoast SEO plugin. -->","yoast_head_json":{"title":"Efepa\u015fa Sausages | Simple and delicious","robots":{"index":"index","follow":"follow","max-snippet":"max-snippet:-1","max-image-preview":"max-image-preview:large","max-video-preview":"max-video-preview:-1"},"canonical":"https:\/\/www.egetuerk.de\/en\/efepasa\/sausages\/","og_locale":"en_US","og_type":"article","og_title":"Efepa\u015fa Sausages | Simple and delicious","og_description":"Everyone knows the situation: sometimes there simply isn\u2019t time to cook, or you have to be quick, for whatever reason. Fortunately for you, there are Efepa\u015fa sausages made of delicious poultry meat.","og_url":"https:\/\/www.egetuerk.de\/en\/efepasa\/sausages\/","og_site_name":"Eget\u00fcrk","article_modified_time":"2022-01-10T17:32:26+00:00","og_image":[{"width":210,"height":252,"url":"https:\/\/www.egetuerk.de\/wp-content\/uploads\/2018\/12\/efepasa-wuerstchen.png","type":"image\/png"}],"twitter_card":"summary_large_image","twitter_misc":{"Est. reading time":"1 minute"},"schema":{"@context":"https:\/\/schema.org","@graph":[{"@type":"WebPage","@id":"https:\/\/www.egetuerk.de\/en\/efepasa\/sausages\/","url":"https:\/\/www.egetuerk.de\/en\/efepasa\/sausages\/","name":"Efepa\u015fa Sausages | Simple and delicious","isPartOf":{"@id":"https:\/\/www.egetuerk.de\/#website"},"primaryImageOfPage":{"@id":"https:\/\/www.egetuerk.de\/en\/efepasa\/sausages\/#primaryimage"},"image":{"@id":"https:\/\/www.egetuerk.de\/en\/efepasa\/sausages\/#primaryimage"},"thumbnailUrl":"https:\/\/www.egetuerk.de\/wp-content\/uploads\/2018\/12\/efepasa-wuerstchen.png","datePublished":"2019-02-12T20:25:36+00:00","dateModified":"2022-01-10T17:32:26+00:00","breadcrumb":{"@id":"https:\/\/www.egetuerk.de\/en\/efepasa\/sausages\/#breadcrumb"},"inLanguage":"en-US","potentialAction":[{"@type":"ReadAction","target":["https:\/\/www.egetuerk.de\/en\/efepasa\/sausages\/"]}]},{"@type":"ImageObject","inLanguage":"en-US","@id":"https:\/\/www.egetuerk.de\/en\/efepasa\/sausages\/#primaryimage","url":"https:\/\/www.egetuerk.de\/wp-content\/uploads\/2018\/12\/efepasa-wuerstchen.png","contentUrl":"https:\/\/www.egetuerk.de\/wp-content\/uploads\/2018\/12\/efepasa-wuerstchen.png","width":210,"height":252},{"@type":"BreadcrumbList","@id":"https:\/\/www.egetuerk.de\/en\/efepasa\/sausages\/#breadcrumb","itemListElement":[{"@type":"ListItem","position":1,"name":"Startseite","item":"https:\/\/www.egetuerk.de\/en\/"},{"@type":"ListItem","position":2,"name":"Efepa\u015fa","item":"https:\/\/www.egetuerk.de\/en\/efepasa\/"},{"@type":"ListItem","position":3,"name":"Sausages"}]},{"@type":"WebSite","@id":"https:\/\/www.egetuerk.de\/#website","url":"https:\/\/www.egetuerk.de\/","name":"Eget\u00fcrk","description":"","potentialAction":[{"@type":"SearchAction","target":{"@type":"EntryPoint","urlTemplate":"https:\/\/www.egetuerk.de\/?s={search_term_string}"},"query-input":{"@type":"PropertyValueSpecification","valueRequired":true,"valueName":"search_term_string"}}],"inLanguage":"en-US"}]}},"_links":{"self":[{"href":"https:\/\/www.egetuerk.de\/en\/wp-json\/wp\/v2\/pages\/4210","targetHints":{"allow":["GET"]}}],"collection":[{"href":"https:\/\/www.egetuerk.de\/en\/wp-json\/wp\/v2\/pages"}],"about":[{"href":"https:\/\/www.egetuerk.de\/en\/wp-json\/wp\/v2\/types\/page"}],"author":[{"embeddable":true,"href":"https:\/\/www.egetuerk.de\/en\/wp-json\/wp\/v2\/users\/1"}],"replies":[{"embeddable":true,"href":"https:\/\/www.egetuerk.de\/en\/wp-json\/wp\/v2\/comments?post=4210"}],"version-history":[{"count":12,"href":"https:\/\/www.egetuerk.de\/en\/wp-json\/wp\/v2\/pages\/4210\/revisions"}],"predecessor-version":[{"id":116015,"href":"https:\/\/www.egetuerk.de\/en\/wp-json\/wp\/v2\/pages\/4210\/revisions\/116015"}],"up":[{"embeddable":true,"href":"https:\/\/www.egetuerk.de\/en\/wp-json\/wp\/v2\/pages\/4207"}],"wp:featuredmedia":[{"embeddable":true,"href":"https:\/\/www.egetuerk.de\/en\/wp-json\/wp\/v2\/media\/3431"}],"wp:attachment":[{"href":"https:\/\/www.egetuerk.de\/en\/wp-json\/wp\/v2\/media?parent=4210"}],"curies":[{"name":"wp","href":"https:\/\/api.w.org\/{rel}","templated":true}]}}