{"id":4209,"date":"2019-02-12T21:25:23","date_gmt":"2019-02-12T20:25:23","guid":{"rendered":"https:\/\/egetuerk.vorschau.xyz\/efepasa\/wurst\/"},"modified":"2022-01-10T18:29:43","modified_gmt":"2022-01-10T17:29:43","slug":"sausage","status":"publish","type":"page","link":"https:\/\/www.egetuerk.de\/en\/efepasa\/sausage\/","title":{"rendered":"Sausage"},"content":{"rendered":"\n\t\t\t\t<img loading=\"lazy\" decoding=\"async\" src=\"https:\/\/www.egetuerk.de\/wp-content\/uploads\/2018\/12\/salam.png\" alt=\"salam\" itemprop=\"image\" height=\"800\" width=\"986\" title=\"salam\" onerror=\"this.style.display='none'\"  \/>\n<h3>\n\t\tAn all-round <br \/>success\n\t<\/h3>\n\t<p>What makes a breakfast a really good breakfast?<\/p>\n<p>You\u2019ve got it: really good sausage! The Efepa\u015fa range of sausage varieties offers an incredible diversity of turkish aromas and tastes for the most important meal of the day. Whether light poultry-meat sausage or a strong beef or lamb sausage. Whether served on its own or enhanced with flakes of paprika. Whether laid in wafer-thin slices on bread or fried in thick slices in a pan \u2013 the possibilities are endless. There is just one thing that has remained unchanged for the last 30 years: the high quality and sheer enjoyment factor in our sausage. And it\u2019s 100% halal.<\/p>\n\t <video autoplay loop muted>\n  <source src=\"https:\/\/www.egetuerk.de\/wp-content\/uploads\/2019\/02\/01-salam-1.mp4\">\n<\/video> \n    <img decoding=\"async\" src=\"https:\/\/www.egetuerk.de\/wp-content\/themes\/egetuerk-child\/files\/angle-left.svg\" \/> \n    <img decoding=\"async\" src=\"https:\/\/www.egetuerk.de\/wp-content\/themes\/egetuerk-child\/files\/angle-right.svg\" \/>\n        <p><h2>Add flavour to your sandwich!<\/h2><img decoding=\"async\" src=\"https:\/\/app.egetuerk.de\/media\/recipes\/18\/1\/etap_1600.jpg\" ><h2>Add flavour to your breakfast!<\/h2><img decoding=\"async\" src=\"https:\/\/app.egetuerk.de\/media\/recipes\/24\/1\/mehtap_1600.jpg\" ><h2>Add flavour to your breakfast!<\/h2><img decoding=\"async\" src=\"https:\/\/app.egetuerk.de\/media\/recipes\/11\/1\/dilim_saraysefasi_1600.jpg\" ><h2>Add flavour to your breakfast!<\/h2><img decoding=\"async\" src=\"https:\/\/app.egetuerk.de\/media\/recipes\/23\/1\/kervan_1600.jpg\" ><h2>Add flavour to your breakfast!<\/h2><img decoding=\"async\" src=\"https:\/\/app.egetuerk.de\/media\/recipes\/13\/1\/dilim_tavuksefasi_1600.jpg\" ><h2>Healthy and delicious salads&#8230;<\/h2><img decoding=\"async\" src=\"https:\/\/app.egetuerk.de\/media\/recipes\/40\/1\/tavuksefasi2_1600.jpg\" ><h2>Add flavour to your breakfast!<\/h2><img decoding=\"async\" src=\"https:\/\/app.egetuerk.de\/media\/recipes\/38\/1\/tavuk_1600.jpg\" ><h2>Add flavour to your breakfast!<\/h2><img decoding=\"async\" src=\"https:\/\/app.egetuerk.de\/media\/recipes\/39\/1\/tavuksefasi_1600.jpg\" ><h2>Add flavour to your breakfast!<\/h2><img decoding=\"async\" src=\"https:\/\/app.egetuerk.de\/media\/recipes\/35\/1\/saraysefasi_1600.jpg\" ><\/p><h2>Great topping for any crisp pizza!<\/h2><img decoding=\"async\" src=\"https:\/\/app.egetuerk.de\/media\/recipes\/8\/1\/ciftlik_1600.jpg\" >    \n                Efepa\u015fa sausages\n                <h2>Our sausage varieties<\/h2>\n        <a href=\"https:\/\/www.egetuerk.de\/en\/product\/etap-d-biberli-sigir-salam\/\"><img decoding=\"async\" src=\"https:\/\/app.egetuerk.de\/media\/product\/45\/Etap.png\" alt=\"ETAP D. B\u0130BERL\u0130 SI\u011eIR SALAM\"><\/a><a href=\"https:\/\/www.egetuerk.de\/en\/product\/zeybek-dilim-biberli-tavuk-salam\/\"><img decoding=\"async\" src=\"https:\/\/app.egetuerk.de\/media\/product\/46\/Zeybek.png\" alt=\"ZEYBEK D\u0130L\u0130M B\u0130BERL\u0130 TAVUK SALAM\"><\/a><a href=\"https:\/\/www.egetuerk.de\/en\/product\/yore-dilim-sigir-salam\/\"><img decoding=\"async\" src=\"https:\/\/app.egetuerk.de\/media\/product\/43\/Yo%CC%88re.png\" alt=\"Y\u00d6RE D\u0130L\u0130M SI\u011eIR SALAM\"><\/a><a href=\"https:\/\/www.egetuerk.de\/en\/product\/kervan-dilim-hindi-salam\/\"><img decoding=\"async\" src=\"https:\/\/app.egetuerk.de\/media\/product\/44\/Kervan.png\" alt=\"KERVAN D\u0130L\u0130M H\u0130ND\u0130 SALAM\"><\/a><a href=\"https:\/\/www.egetuerk.de\/en\/product\/ebru-tavuk-salam\/\"><img decoding=\"async\" src=\"https:\/\/app.egetuerk.de\/media\/product\/41\/41.png\" alt=\"EBRU TAVUK SALAM\"><\/a><a href=\"https:\/\/www.egetuerk.de\/en\/product\/arzum-dilim-tavuk-salam\/\"><img decoding=\"async\" src=\"https:\/\/app.egetuerk.de\/media\/product\/42\/Arzum.png\" alt=\"ARZUM D\u0130L\u0130M TAVUK SALAM\"><\/a><a href=\"https:\/\/www.egetuerk.de\/en\/product\/imren-sigir-salam\/\"><img decoding=\"async\" src=\"https:\/\/app.egetuerk.de\/media\/product\/40\/40.png\" alt=\"\u0130MREN SI\u011eIR SALAM\"><\/a>    \n\t\t\t\t<img loading=\"lazy\" decoding=\"async\" src=\"https:\/\/www.egetuerk.de\/wp-content\/uploads\/2018\/08\/logo.svg\" alt=\"logo\" itemprop=\"image\" height=\"690\" width=\"1024\" title=\"logo\" onerror=\"this.style.display='none'\"  \/>\n<h3>\n\t\t&nbsp;\n\t<\/h3>\n<h3>\n\t\tAddress\n\t<\/h3>\n<h3>\n\t\tContact\n\t<\/h3>\n<h3>\n\t\t&nbsp;\n\t<\/h3>\n\t<strong>EGET\u00dcRK WURST- UND<\/strong><br \/>\n<strong>FLEISCHWAREN&shy;FABRIKATION<\/strong><br \/>\n<strong>GMBH &amp; CO. KG<\/strong>\n\tFeldkasseler Weg 5<br \/>\n50769 Cologne<br \/>\nGermany\n\tTel.: +49 (0) 221 \/ 709 29 &#8211; 0<br \/>\nFax: +49 (0) 221 \/ 700 23 &#8211; 78<br \/>\nE-mail: <strong><a href=\"mailto:info@egetuerk.de\">info@egetuerk.de<\/a><\/strong>\n\t<p>\u00a9 2026. All rights reserved. <div class=\"menu-footer_legal-englisch-container\"><ul id=\"menu-footer_legal-englisch\" class=\"menu\"><li id=\"menu-item-4223\" class=\"menu-item menu-item-type-post_type menu-item-object-page menu-item-4223\"><a href=\"https:\/\/www.egetuerk.de\/en\/imprint\/\">Imprint<\/a><\/li>\n<li id=\"menu-item-4224\" class=\"menu-item menu-item-type-post_type menu-item-object-page menu-item-4224\"><a href=\"https:\/\/www.egetuerk.de\/en\/privacy\/\">Privacy<\/a><\/li>\n<\/ul><\/div><\/p>\n","protected":false},"excerpt":{"rendered":"<p>What makes a breakfast a really good breakfast? You\u2019ve got it: really good sausage! The Efepa\u015fa range of sausage varieties offers an incredible diversity of Middle Eastern aromas and tastes for the most important meal of the day. <\/p>\n","protected":false},"author":1,"featured_media":116148,"parent":4207,"menu_order":0,"comment_status":"closed","ping_status":"closed","template":"","meta":{"_acf_changed":false,"inline_featured_image":false,"footnotes":""},"class_list":["post-4209","page","type-page","status-publish","has-post-thumbnail","hentry"],"acf":[],"yoast_head":"<!-- This site is optimized with the Yoast SEO plugin v27.2 - https:\/\/yoast.com\/product\/yoast-seo-wordpress\/ -->\n<title>Efepa\u015fa Sausage | Large variety of flavours<\/title>\n<meta name=\"robots\" content=\"index, follow, max-snippet:-1, max-image-preview:large, max-video-preview:-1\" \/>\n<link rel=\"canonical\" href=\"https:\/\/www.egetuerk.de\/en\/efepasa\/sausage\/\" \/>\n<meta property=\"og:locale\" content=\"en_US\" \/>\n<meta property=\"og:type\" content=\"article\" \/>\n<meta property=\"og:title\" content=\"Efepa\u015fa Sausage | Large variety of flavours\" \/>\n<meta property=\"og:description\" content=\"What makes a breakfast a really good breakfast? You\u2019ve got it: really good sausage! The Efepa\u015fa range of sausage varieties offers an incredible diversity of Middle Eastern aromas and tastes for the most important meal of the day.\" \/>\n<meta property=\"og:url\" content=\"https:\/\/www.egetuerk.de\/en\/efepasa\/sausage\/\" \/>\n<meta property=\"og:site_name\" content=\"Eget\u00fcrk\" \/>\n<meta property=\"article:modified_time\" content=\"2022-01-10T17:29:43+00:00\" \/>\n<meta property=\"og:image\" content=\"https:\/\/www.egetuerk.de\/wp-content\/uploads\/2018\/12\/efepasa-wurst.png\" \/>\n\t<meta property=\"og:image:width\" content=\"214\" \/>\n\t<meta property=\"og:image:height\" content=\"260\" \/>\n\t<meta property=\"og:image:type\" content=\"image\/png\" \/>\n<meta name=\"twitter:card\" content=\"summary_large_image\" \/>\n<meta name=\"twitter:label1\" content=\"Est. reading time\" \/>\n\t<meta name=\"twitter:data1\" content=\"1 minute\" \/>\n<script type=\"application\/ld+json\" class=\"yoast-schema-graph\">{\"@context\":\"https:\/\/schema.org\",\"@graph\":[{\"@type\":\"WebPage\",\"@id\":\"https:\/\/www.egetuerk.de\/en\/efepasa\/sausage\/\",\"url\":\"https:\/\/www.egetuerk.de\/en\/efepasa\/sausage\/\",\"name\":\"Efepa\u015fa Sausage | Large variety of flavours\",\"isPartOf\":{\"@id\":\"https:\/\/www.egetuerk.de\/#website\"},\"primaryImageOfPage\":{\"@id\":\"https:\/\/www.egetuerk.de\/en\/efepasa\/sausage\/#primaryimage\"},\"image\":{\"@id\":\"https:\/\/www.egetuerk.de\/en\/efepasa\/sausage\/#primaryimage\"},\"thumbnailUrl\":\"https:\/\/www.egetuerk.de\/wp-content\/uploads\/2022\/08\/efepasa-wurst-002.png\",\"datePublished\":\"2019-02-12T20:25:23+00:00\",\"dateModified\":\"2022-01-10T17:29:43+00:00\",\"breadcrumb\":{\"@id\":\"https:\/\/www.egetuerk.de\/en\/efepasa\/sausage\/#breadcrumb\"},\"inLanguage\":\"en-US\",\"potentialAction\":[{\"@type\":\"ReadAction\",\"target\":[\"https:\/\/www.egetuerk.de\/en\/efepasa\/sausage\/\"]}]},{\"@type\":\"ImageObject\",\"inLanguage\":\"en-US\",\"@id\":\"https:\/\/www.egetuerk.de\/en\/efepasa\/sausage\/#primaryimage\",\"url\":\"https:\/\/www.egetuerk.de\/wp-content\/uploads\/2022\/08\/efepasa-wurst-002.png\",\"contentUrl\":\"https:\/\/www.egetuerk.de\/wp-content\/uploads\/2022\/08\/efepasa-wurst-002.png\",\"width\":214,\"height\":260},{\"@type\":\"BreadcrumbList\",\"@id\":\"https:\/\/www.egetuerk.de\/en\/efepasa\/sausage\/#breadcrumb\",\"itemListElement\":[{\"@type\":\"ListItem\",\"position\":1,\"name\":\"Startseite\",\"item\":\"https:\/\/www.egetuerk.de\/en\/\"},{\"@type\":\"ListItem\",\"position\":2,\"name\":\"Efepa\u015fa\",\"item\":\"https:\/\/www.egetuerk.de\/en\/efepasa\/\"},{\"@type\":\"ListItem\",\"position\":3,\"name\":\"Sausage\"}]},{\"@type\":\"WebSite\",\"@id\":\"https:\/\/www.egetuerk.de\/#website\",\"url\":\"https:\/\/www.egetuerk.de\/\",\"name\":\"Eget\u00fcrk\",\"description\":\"\",\"potentialAction\":[{\"@type\":\"SearchAction\",\"target\":{\"@type\":\"EntryPoint\",\"urlTemplate\":\"https:\/\/www.egetuerk.de\/?s={search_term_string}\"},\"query-input\":{\"@type\":\"PropertyValueSpecification\",\"valueRequired\":true,\"valueName\":\"search_term_string\"}}],\"inLanguage\":\"en-US\"}]}<\/script>\n<!-- \/ Yoast SEO plugin. -->","yoast_head_json":{"title":"Efepa\u015fa Sausage | Large variety of flavours","robots":{"index":"index","follow":"follow","max-snippet":"max-snippet:-1","max-image-preview":"max-image-preview:large","max-video-preview":"max-video-preview:-1"},"canonical":"https:\/\/www.egetuerk.de\/en\/efepasa\/sausage\/","og_locale":"en_US","og_type":"article","og_title":"Efepa\u015fa Sausage | Large variety of flavours","og_description":"What makes a breakfast a really good breakfast? You\u2019ve got it: really good sausage! The Efepa\u015fa range of sausage varieties offers an incredible diversity of Middle Eastern aromas and tastes for the most important meal of the day.","og_url":"https:\/\/www.egetuerk.de\/en\/efepasa\/sausage\/","og_site_name":"Eget\u00fcrk","article_modified_time":"2022-01-10T17:29:43+00:00","og_image":[{"width":214,"height":260,"url":"https:\/\/www.egetuerk.de\/wp-content\/uploads\/2018\/12\/efepasa-wurst.png","type":"image\/png"}],"twitter_card":"summary_large_image","twitter_misc":{"Est. reading time":"1 minute"},"schema":{"@context":"https:\/\/schema.org","@graph":[{"@type":"WebPage","@id":"https:\/\/www.egetuerk.de\/en\/efepasa\/sausage\/","url":"https:\/\/www.egetuerk.de\/en\/efepasa\/sausage\/","name":"Efepa\u015fa Sausage | Large variety of flavours","isPartOf":{"@id":"https:\/\/www.egetuerk.de\/#website"},"primaryImageOfPage":{"@id":"https:\/\/www.egetuerk.de\/en\/efepasa\/sausage\/#primaryimage"},"image":{"@id":"https:\/\/www.egetuerk.de\/en\/efepasa\/sausage\/#primaryimage"},"thumbnailUrl":"https:\/\/www.egetuerk.de\/wp-content\/uploads\/2022\/08\/efepasa-wurst-002.png","datePublished":"2019-02-12T20:25:23+00:00","dateModified":"2022-01-10T17:29:43+00:00","breadcrumb":{"@id":"https:\/\/www.egetuerk.de\/en\/efepasa\/sausage\/#breadcrumb"},"inLanguage":"en-US","potentialAction":[{"@type":"ReadAction","target":["https:\/\/www.egetuerk.de\/en\/efepasa\/sausage\/"]}]},{"@type":"ImageObject","inLanguage":"en-US","@id":"https:\/\/www.egetuerk.de\/en\/efepasa\/sausage\/#primaryimage","url":"https:\/\/www.egetuerk.de\/wp-content\/uploads\/2022\/08\/efepasa-wurst-002.png","contentUrl":"https:\/\/www.egetuerk.de\/wp-content\/uploads\/2022\/08\/efepasa-wurst-002.png","width":214,"height":260},{"@type":"BreadcrumbList","@id":"https:\/\/www.egetuerk.de\/en\/efepasa\/sausage\/#breadcrumb","itemListElement":[{"@type":"ListItem","position":1,"name":"Startseite","item":"https:\/\/www.egetuerk.de\/en\/"},{"@type":"ListItem","position":2,"name":"Efepa\u015fa","item":"https:\/\/www.egetuerk.de\/en\/efepasa\/"},{"@type":"ListItem","position":3,"name":"Sausage"}]},{"@type":"WebSite","@id":"https:\/\/www.egetuerk.de\/#website","url":"https:\/\/www.egetuerk.de\/","name":"Eget\u00fcrk","description":"","potentialAction":[{"@type":"SearchAction","target":{"@type":"EntryPoint","urlTemplate":"https:\/\/www.egetuerk.de\/?s={search_term_string}"},"query-input":{"@type":"PropertyValueSpecification","valueRequired":true,"valueName":"search_term_string"}}],"inLanguage":"en-US"}]}},"_links":{"self":[{"href":"https:\/\/www.egetuerk.de\/en\/wp-json\/wp\/v2\/pages\/4209","targetHints":{"allow":["GET"]}}],"collection":[{"href":"https:\/\/www.egetuerk.de\/en\/wp-json\/wp\/v2\/pages"}],"about":[{"href":"https:\/\/www.egetuerk.de\/en\/wp-json\/wp\/v2\/types\/page"}],"author":[{"embeddable":true,"href":"https:\/\/www.egetuerk.de\/en\/wp-json\/wp\/v2\/users\/1"}],"replies":[{"embeddable":true,"href":"https:\/\/www.egetuerk.de\/en\/wp-json\/wp\/v2\/comments?post=4209"}],"version-history":[{"count":14,"href":"https:\/\/www.egetuerk.de\/en\/wp-json\/wp\/v2\/pages\/4209\/revisions"}],"predecessor-version":[{"id":116010,"href":"https:\/\/www.egetuerk.de\/en\/wp-json\/wp\/v2\/pages\/4209\/revisions\/116010"}],"up":[{"embeddable":true,"href":"https:\/\/www.egetuerk.de\/en\/wp-json\/wp\/v2\/pages\/4207"}],"wp:featuredmedia":[{"embeddable":true,"href":"https:\/\/www.egetuerk.de\/en\/wp-json\/wp\/v2\/media\/116148"}],"wp:attachment":[{"href":"https:\/\/www.egetuerk.de\/en\/wp-json\/wp\/v2\/media?parent=4209"}],"curies":[{"name":"wp","href":"https:\/\/api.w.org\/{rel}","templated":true}]}}