{"id":4208,"date":"2019-02-12T21:25:08","date_gmt":"2019-02-12T20:25:08","guid":{"rendered":"https:\/\/egetuerk.vorschau.xyz\/efepasa\/sucuk\/"},"modified":"2022-01-10T18:29:29","modified_gmt":"2022-01-10T17:29:29","slug":"sucuk","status":"publish","type":"page","link":"https:\/\/www.egetuerk.de\/en\/efepasa\/sucuk\/","title":{"rendered":"Sucuk"},"content":{"rendered":"\n\t\t\t\t<img loading=\"lazy\" decoding=\"async\" src=\"https:\/\/www.egetuerk.de\/wp-content\/uploads\/2018\/12\/sucuk_efepasa.png\" alt=\"Efepasa Sucuk\" itemprop=\"image\" height=\"800\" width=\"941\" title=\"Efepasa Sucuk\" onerror=\"this.style.display='none'\"  \/>\n<h3>\n\t\tThe taste explosion\n\t<\/h3>\n\t<p><strong>Sucuk is a cult product. <\/strong><\/p>\n<p>But no wonder this Turkish beef sausage with the extra portion of fresh garlic is on everyone\u2019s lips (literally!): Efepa\u015fa sucuk is deliciously spicy, full of turkish flavour, and at the same time more versatile than almost any other sausage. So you would like it fried? Barbecued? Used as a pizza topping? On toast? On its own with bread? All possible! And the possibilities are endless \u2013 because there are no limits to the imagination with this product.<\/p>\n<p>100% pure halal beef. And the bonus: high in protein and low in carbohydrates. Versatile, tasty, nutritious \u2013 a product to emulate.<\/p>\n\t <video autoplay loop muted>\n  <source src=\"https:\/\/www.egetuerk.de\/wp-content\/uploads\/2019\/02\/04-sucuk-1.mp4\">\n<\/video> \n    <img decoding=\"async\" src=\"https:\/\/www.egetuerk.de\/wp-content\/themes\/egetuerk-child\/files\/angle-left.svg\" \/> \n    <img decoding=\"async\" src=\"https:\/\/www.egetuerk.de\/wp-content\/themes\/egetuerk-child\/files\/angle-right.svg\" \/>\n        <p><h2>Sucuk with egg \u2013 breakfast for champions!<\/h2><img decoding=\"async\" src=\"https:\/\/app.egetuerk.de\/media\/recipes\/19\/1\/kangal_1600.jpg\" ><h2>Great topping for any crisp pizza!<\/h2><img decoding=\"async\" src=\"https:\/\/app.egetuerk.de\/media\/recipes\/33\/1\/pizza_1600.jpg\" ><h2>Add flavour to any sandwich!<\/h2><img decoding=\"async\" src=\"https:\/\/app.egetuerk.de\/media\/recipes\/6\/1\/brot_1600.jpg\" ><h2>Sucuk with egg \u2013 breakfast for champions!<\/h2><img decoding=\"async\" src=\"https:\/\/app.egetuerk.de\/media\/recipes\/27\/1\/omlett_1600.jpg\" ><h2>Quick &#038; delicious skewers!<\/h2><img decoding=\"async\" src=\"https:\/\/app.egetuerk.de\/media\/recipes\/3\/1\/baston2_1600.jpg\" ><h2>Quick &#038; delicious skewers!<\/h2><img decoding=\"async\" src=\"https:\/\/app.egetuerk.de\/media\/recipes\/2\/1\/baston_1600.jpg\" ><h2>Great topping for any crisp pide!<\/h2><img decoding=\"async\" src=\"https:\/\/app.egetuerk.de\/media\/recipes\/36\/1\/pide_1600.jpg\" ><h2>Add flavour to your toast!<\/h2><img decoding=\"async\" src=\"https:\/\/app.egetuerk.de\/media\/recipes\/25\/1\/mera_1600.jpg\" ><h2>Sucuk with egg \u2013 breakfast for champions!<\/h2><img decoding=\"async\" src=\"https:\/\/app.egetuerk.de\/media\/recipes\/28\/1\/parmak_1600.jpg\" ><h2>Delicious fried sucuk&#8230;<\/h2><img decoding=\"async\" src=\"https:\/\/app.egetuerk.de\/media\/recipes\/31\/1\/parmak3_1600.jpg\" ><h2>Your favorite on the grill!<\/h2><img decoding=\"async\" src=\"https:\/\/app.egetuerk.de\/media\/recipes\/29\/1\/parmak_grill_1600.jpg\" ><h2>Add flavour to your toast!<\/h2><img decoding=\"async\" src=\"https:\/\/app.egetuerk.de\/media\/recipes\/41\/1\/toast_1600.jpg\" ><h2>Delicious fried sucuk&#8230;<\/h2><img decoding=\"async\" src=\"https:\/\/app.egetuerk.de\/media\/recipes\/30\/1\/parmak2_1600.jpg\" ><\/p><h2>Delicious fried sucuk&#8230;<\/h2><img decoding=\"async\" src=\"https:\/\/app.egetuerk.de\/media\/recipes\/20\/1\/kangal2_1600.jpg\" >    \n                Efepa\u015fa Sucuk\n                <h2>Our sucuk varieties<\/h2>\n        <a href=\"https:\/\/www.egetuerk.de\/en\/product\/guven-dilim-sucuk\/\"><img decoding=\"async\" src=\"https:\/\/app.egetuerk.de\/media\/product\/37\/Gu%CC%88ven.png\" alt=\"G\u00dcVEN D\u0130L\u0130M SUCUK\"><\/a><a href=\"https:\/\/www.egetuerk.de\/en\/product\/baston-sucuk\/\"><img decoding=\"async\" src=\"https:\/\/app.egetuerk.de\/media\/product\/36\/36.png\" alt=\"BASTON SUCUK\"><\/a><a href=\"https:\/\/www.egetuerk.de\/en\/product\/yonca-parmak-sucuk\/\"><img decoding=\"async\" src=\"https:\/\/app.egetuerk.de\/media\/product\/34\/Yonca.png\" alt=\"YONCA PARMAK SUCUK\"><\/a><a href=\"https:\/\/www.egetuerk.de\/en\/product\/pasa-kangal-sucuk\/\"><img decoding=\"async\" src=\"https:\/\/app.egetuerk.de\/media\/product\/32\/Pasa.png\" alt=\"PA\u015eA KANGAL SUCUK\"><\/a><a href=\"https:\/\/www.egetuerk.de\/en\/product\/pasam-parmak-sucuk\/\"><img decoding=\"async\" src=\"https:\/\/app.egetuerk.de\/media\/product\/33\/Pasam.png\" alt=\"PA\u015eAM PARMAK SUCUK\"><\/a>    \n\t\t\t\t<img loading=\"lazy\" decoding=\"async\" src=\"https:\/\/www.egetuerk.de\/wp-content\/uploads\/2018\/08\/logo.svg\" alt=\"logo\" itemprop=\"image\" height=\"690\" width=\"1024\" title=\"logo\" onerror=\"this.style.display='none'\"  \/>\n<h3>\n\t\t&nbsp;\n\t<\/h3>\n<h3>\n\t\tAddress\n\t<\/h3>\n<h3>\n\t\tContact\n\t<\/h3>\n<h3>\n\t\t&nbsp;\n\t<\/h3>\n\t<strong>EGET\u00dcRK WURST- UND<\/strong><br \/>\n<strong>FLEISCHWAREN&shy;FABRIKATION<\/strong><br \/>\n<strong>GMBH &amp; CO. KG<\/strong>\n\tFeldkasseler Weg 5<br \/>\n50769 Cologne<br \/>\nGermany\n\tTel.: +49 (0) 221 \/ 709 29 &#8211; 0<br \/>\nFax: +49 (0) 221 \/ 700 23 &#8211; 78<br \/>\nE-mail: <strong><a href=\"mailto:info@egetuerk.de\">info@egetuerk.de<\/a><\/strong>\n\t<p>\u00a9 2026. All rights reserved. <div class=\"menu-footer_legal-englisch-container\"><ul id=\"menu-footer_legal-englisch\" class=\"menu\"><li id=\"menu-item-4223\" class=\"menu-item menu-item-type-post_type menu-item-object-page menu-item-4223\"><a href=\"https:\/\/www.egetuerk.de\/en\/imprint\/\">Imprint<\/a><\/li>\n<li id=\"menu-item-4224\" class=\"menu-item menu-item-type-post_type menu-item-object-page menu-item-4224\"><a href=\"https:\/\/www.egetuerk.de\/en\/privacy\/\">Privacy<\/a><\/li>\n<\/ul><\/div><\/p>\n","protected":false},"excerpt":{"rendered":"<p>Sucuk is a cult product. But no wonder this Turkish beef sausage with the extra portion of fresh garlic is on everyone\u2019s lips (literally!): Efepa\u015fa sucuk is deliciously spicy, full of Middle Eastern flavour, and at the same time more versatile than almost any other sausage.<\/p>\n","protected":false},"author":1,"featured_media":3428,"parent":4207,"menu_order":0,"comment_status":"closed","ping_status":"closed","template":"","meta":{"_acf_changed":false,"inline_featured_image":false,"footnotes":""},"class_list":["post-4208","page","type-page","status-publish","has-post-thumbnail","hentry"],"acf":[],"yoast_head":"<!-- This site is optimized with the Yoast SEO plugin v27.5 - https:\/\/yoast.com\/product\/yoast-seo-wordpress\/ -->\n<title>Efepa\u015fa Sucuk | The spicy garlic sausage<\/title>\n<meta name=\"robots\" content=\"index, follow, max-snippet:-1, max-image-preview:large, max-video-preview:-1\" \/>\n<link rel=\"canonical\" href=\"https:\/\/www.egetuerk.de\/en\/efepasa\/sucuk\/\" \/>\n<meta property=\"og:locale\" content=\"en_US\" \/>\n<meta property=\"og:type\" content=\"article\" \/>\n<meta property=\"og:title\" content=\"Efepa\u015fa Sucuk | The spicy garlic sausage\" \/>\n<meta property=\"og:description\" content=\"Sucuk is a cult product. But no wonder this Turkish beef sausage with the extra portion of fresh garlic is on everyone\u2019s lips (literally!): Efepa\u015fa sucuk is deliciously spicy, full of Middle Eastern flavour, and at the same time more versatile than almost any other sausage.\" \/>\n<meta property=\"og:url\" content=\"https:\/\/www.egetuerk.de\/en\/efepasa\/sucuk\/\" \/>\n<meta property=\"og:site_name\" content=\"Eget\u00fcrk\" \/>\n<meta property=\"article:modified_time\" content=\"2022-01-10T17:29:29+00:00\" \/>\n<meta property=\"og:image\" content=\"https:\/\/www.egetuerk.de\/wp-content\/uploads\/2018\/12\/efepasa-sucuk.png\" \/>\n\t<meta property=\"og:image:width\" content=\"208\" \/>\n\t<meta property=\"og:image:height\" content=\"288\" \/>\n\t<meta property=\"og:image:type\" content=\"image\/png\" \/>\n<meta name=\"twitter:card\" content=\"summary_large_image\" \/>\n<meta name=\"twitter:label1\" content=\"Est. reading time\" \/>\n\t<meta name=\"twitter:data1\" content=\"1 minute\" \/>\n<script type=\"application\/ld+json\" class=\"yoast-schema-graph\">{\"@context\":\"https:\\\/\\\/schema.org\",\"@graph\":[{\"@type\":\"WebPage\",\"@id\":\"https:\\\/\\\/www.egetuerk.de\\\/en\\\/efepasa\\\/sucuk\\\/\",\"url\":\"https:\\\/\\\/www.egetuerk.de\\\/en\\\/efepasa\\\/sucuk\\\/\",\"name\":\"Efepa\u015fa Sucuk | The spicy garlic sausage\",\"isPartOf\":{\"@id\":\"https:\\\/\\\/www.egetuerk.de\\\/#website\"},\"primaryImageOfPage\":{\"@id\":\"https:\\\/\\\/www.egetuerk.de\\\/en\\\/efepasa\\\/sucuk\\\/#primaryimage\"},\"image\":{\"@id\":\"https:\\\/\\\/www.egetuerk.de\\\/en\\\/efepasa\\\/sucuk\\\/#primaryimage\"},\"thumbnailUrl\":\"https:\\\/\\\/www.egetuerk.de\\\/wp-content\\\/uploads\\\/2018\\\/12\\\/efepasa-sucuk.png\",\"datePublished\":\"2019-02-12T20:25:08+00:00\",\"dateModified\":\"2022-01-10T17:29:29+00:00\",\"breadcrumb\":{\"@id\":\"https:\\\/\\\/www.egetuerk.de\\\/en\\\/efepasa\\\/sucuk\\\/#breadcrumb\"},\"inLanguage\":\"en-US\",\"potentialAction\":[{\"@type\":\"ReadAction\",\"target\":[\"https:\\\/\\\/www.egetuerk.de\\\/en\\\/efepasa\\\/sucuk\\\/\"]}]},{\"@type\":\"ImageObject\",\"inLanguage\":\"en-US\",\"@id\":\"https:\\\/\\\/www.egetuerk.de\\\/en\\\/efepasa\\\/sucuk\\\/#primaryimage\",\"url\":\"https:\\\/\\\/www.egetuerk.de\\\/wp-content\\\/uploads\\\/2018\\\/12\\\/efepasa-sucuk.png\",\"contentUrl\":\"https:\\\/\\\/www.egetuerk.de\\\/wp-content\\\/uploads\\\/2018\\\/12\\\/efepasa-sucuk.png\",\"width\":208,\"height\":288},{\"@type\":\"BreadcrumbList\",\"@id\":\"https:\\\/\\\/www.egetuerk.de\\\/en\\\/efepasa\\\/sucuk\\\/#breadcrumb\",\"itemListElement\":[{\"@type\":\"ListItem\",\"position\":1,\"name\":\"Startseite\",\"item\":\"https:\\\/\\\/www.egetuerk.de\\\/en\\\/\"},{\"@type\":\"ListItem\",\"position\":2,\"name\":\"Efepa\u015fa\",\"item\":\"https:\\\/\\\/www.egetuerk.de\\\/en\\\/efepasa\\\/\"},{\"@type\":\"ListItem\",\"position\":3,\"name\":\"Sucuk\"}]},{\"@type\":\"WebSite\",\"@id\":\"https:\\\/\\\/www.egetuerk.de\\\/#website\",\"url\":\"https:\\\/\\\/www.egetuerk.de\\\/\",\"name\":\"Eget\u00fcrk\",\"description\":\"\",\"potentialAction\":[{\"@type\":\"SearchAction\",\"target\":{\"@type\":\"EntryPoint\",\"urlTemplate\":\"https:\\\/\\\/www.egetuerk.de\\\/?s={search_term_string}\"},\"query-input\":{\"@type\":\"PropertyValueSpecification\",\"valueRequired\":true,\"valueName\":\"search_term_string\"}}],\"inLanguage\":\"en-US\"}]}<\/script>\n<!-- \/ Yoast SEO plugin. -->","yoast_head_json":{"title":"Efepa\u015fa Sucuk | The spicy garlic sausage","robots":{"index":"index","follow":"follow","max-snippet":"max-snippet:-1","max-image-preview":"max-image-preview:large","max-video-preview":"max-video-preview:-1"},"canonical":"https:\/\/www.egetuerk.de\/en\/efepasa\/sucuk\/","og_locale":"en_US","og_type":"article","og_title":"Efepa\u015fa Sucuk | The spicy garlic sausage","og_description":"Sucuk is a cult product. But no wonder this Turkish beef sausage with the extra portion of fresh garlic is on everyone\u2019s lips (literally!): Efepa\u015fa sucuk is deliciously spicy, full of Middle Eastern flavour, and at the same time more versatile than almost any other sausage.","og_url":"https:\/\/www.egetuerk.de\/en\/efepasa\/sucuk\/","og_site_name":"Eget\u00fcrk","article_modified_time":"2022-01-10T17:29:29+00:00","og_image":[{"width":208,"height":288,"url":"https:\/\/www.egetuerk.de\/wp-content\/uploads\/2018\/12\/efepasa-sucuk.png","type":"image\/png"}],"twitter_card":"summary_large_image","twitter_misc":{"Est. reading time":"1 minute"},"schema":{"@context":"https:\/\/schema.org","@graph":[{"@type":"WebPage","@id":"https:\/\/www.egetuerk.de\/en\/efepasa\/sucuk\/","url":"https:\/\/www.egetuerk.de\/en\/efepasa\/sucuk\/","name":"Efepa\u015fa Sucuk | The spicy garlic sausage","isPartOf":{"@id":"https:\/\/www.egetuerk.de\/#website"},"primaryImageOfPage":{"@id":"https:\/\/www.egetuerk.de\/en\/efepasa\/sucuk\/#primaryimage"},"image":{"@id":"https:\/\/www.egetuerk.de\/en\/efepasa\/sucuk\/#primaryimage"},"thumbnailUrl":"https:\/\/www.egetuerk.de\/wp-content\/uploads\/2018\/12\/efepasa-sucuk.png","datePublished":"2019-02-12T20:25:08+00:00","dateModified":"2022-01-10T17:29:29+00:00","breadcrumb":{"@id":"https:\/\/www.egetuerk.de\/en\/efepasa\/sucuk\/#breadcrumb"},"inLanguage":"en-US","potentialAction":[{"@type":"ReadAction","target":["https:\/\/www.egetuerk.de\/en\/efepasa\/sucuk\/"]}]},{"@type":"ImageObject","inLanguage":"en-US","@id":"https:\/\/www.egetuerk.de\/en\/efepasa\/sucuk\/#primaryimage","url":"https:\/\/www.egetuerk.de\/wp-content\/uploads\/2018\/12\/efepasa-sucuk.png","contentUrl":"https:\/\/www.egetuerk.de\/wp-content\/uploads\/2018\/12\/efepasa-sucuk.png","width":208,"height":288},{"@type":"BreadcrumbList","@id":"https:\/\/www.egetuerk.de\/en\/efepasa\/sucuk\/#breadcrumb","itemListElement":[{"@type":"ListItem","position":1,"name":"Startseite","item":"https:\/\/www.egetuerk.de\/en\/"},{"@type":"ListItem","position":2,"name":"Efepa\u015fa","item":"https:\/\/www.egetuerk.de\/en\/efepasa\/"},{"@type":"ListItem","position":3,"name":"Sucuk"}]},{"@type":"WebSite","@id":"https:\/\/www.egetuerk.de\/#website","url":"https:\/\/www.egetuerk.de\/","name":"Eget\u00fcrk","description":"","potentialAction":[{"@type":"SearchAction","target":{"@type":"EntryPoint","urlTemplate":"https:\/\/www.egetuerk.de\/?s={search_term_string}"},"query-input":{"@type":"PropertyValueSpecification","valueRequired":true,"valueName":"search_term_string"}}],"inLanguage":"en-US"}]}},"_links":{"self":[{"href":"https:\/\/www.egetuerk.de\/en\/wp-json\/wp\/v2\/pages\/4208","targetHints":{"allow":["GET"]}}],"collection":[{"href":"https:\/\/www.egetuerk.de\/en\/wp-json\/wp\/v2\/pages"}],"about":[{"href":"https:\/\/www.egetuerk.de\/en\/wp-json\/wp\/v2\/types\/page"}],"author":[{"embeddable":true,"href":"https:\/\/www.egetuerk.de\/en\/wp-json\/wp\/v2\/users\/1"}],"replies":[{"embeddable":true,"href":"https:\/\/www.egetuerk.de\/en\/wp-json\/wp\/v2\/comments?post=4208"}],"version-history":[{"count":11,"href":"https:\/\/www.egetuerk.de\/en\/wp-json\/wp\/v2\/pages\/4208\/revisions"}],"predecessor-version":[{"id":116009,"href":"https:\/\/www.egetuerk.de\/en\/wp-json\/wp\/v2\/pages\/4208\/revisions\/116009"}],"up":[{"embeddable":true,"href":"https:\/\/www.egetuerk.de\/en\/wp-json\/wp\/v2\/pages\/4207"}],"wp:featuredmedia":[{"embeddable":true,"href":"https:\/\/www.egetuerk.de\/en\/wp-json\/wp\/v2\/media\/3428"}],"wp:attachment":[{"href":"https:\/\/www.egetuerk.de\/en\/wp-json\/wp\/v2\/media?parent=4208"}],"curies":[{"name":"wp","href":"https:\/\/api.w.org\/{rel}","templated":true}]}}