{"id":4207,"date":"2019-02-12T21:24:07","date_gmt":"2019-02-12T20:24:07","guid":{"rendered":"https:\/\/egetuerk.vorschau.xyz\/efepasa\/"},"modified":"2022-01-10T18:28:24","modified_gmt":"2022-01-10T17:28:24","slug":"efepasa","status":"publish","type":"page","link":"https:\/\/www.egetuerk.de\/en\/efepasa\/","title":{"rendered":"Efepa\u015fa"},"content":{"rendered":"\n        <img decoding=\"async\" src=\"https:\/\/www.egetuerk.de\/wp-content\/uploads\/2018\/12\/Egetu\u0308rk-kangal-sucuk_B.jpg\" srcset=\"https:\/\/www.egetuerk.de\/wp-content\/uploads\/2018\/12\/Egetu\u0308rk-kangal-sucuk_B.jpg 2560w, https:\/\/www.egetuerk.de\/wp-content\/uploads\/2018\/12\/Egetu\u0308rk-kangal-sucuk_B-300x94.jpg 300w, https:\/\/www.egetuerk.de\/wp-content\/uploads\/2018\/12\/Egetu\u0308rk-kangal-sucuk_B-768x240.jpg 768w, https:\/\/www.egetuerk.de\/wp-content\/uploads\/2018\/12\/Egetu\u0308rk-kangal-sucuk_B-1024x320.jpg 1024w, https:\/\/www.egetuerk.de\/wp-content\/uploads\/2018\/12\/Egetu\u0308rk-kangal-sucuk_B-1600x500.jpg 1600w\">    \n\t<p>Marke Efepa\u015fa<\/p>\n\t<h2><strong>The <\/strong><strong>Efepa\u015fa<\/strong><strong> product world<\/strong><\/h2>\n<p>Feel like a change, without compromising on any of the Eget\u00fcrk standards of quality? Then Efepa\u015fa products are just what you are looking for. With just a few, slight changes to the recipe, e.g. to the spices, there is something here to suit all tastes.<\/p>\n\t<p>In the production of all Efepa\u015fa products, we use the same premium quality of halal meat that we use throughout the Eget\u00fcrk range. All Efepa\u015fa products thus comply with the Islamic dietary regulations and can be consumed without any qualms.<\/p>\n<!--\n-->\n        Efepa\u015fa SucukThe popular original: Our unmistakeable garlic sausage in different varieties.<a href=\"https:\/\/www.egetuerk.de\/en\/efepasa\/sucuk\/\">Sucuk varieties<\/a>Efepa\u015fa Sausage and cold cutsWith our sausage and cold-cut varieties, any breakfast will become a lavish feast.<a href=\"https:\/\/www.egetuerk.de\/en\/efepasa\/sausage\/\">Sausage varieties<\/a>Efepa\u015fa SausagesThe light alternative made of poultry meat, quickly and easily prepared.<a href=\"https:\/\/www.egetuerk.de\/en\/efepasa\/sausages\/\">Sausages varieties<\/a>    \n                The Efepa\u015fa Brand\n                <h2>Product OVerview<\/h2>\n                                Category:\n                                    <a href=\"#\" role=\"button\" id=\"dropdown-kategorie\" data-toggle=\"dropdown\" aria-haspopup=\"true\" aria-expanded=\"false\">\n                                        All\n                                    <\/a>\n                                        <a data-taxonomy=\"kategorie\" data-filter=\"all\" href=\"#\">All<\/a><a data-taxonomy=\"kategorie\" data-filter=\"salam\" href=\"#\">SALAM<\/a><a data-taxonomy=\"kategorie\" data-filter=\"sosis\" href=\"#\">SOSiS<\/a><a data-taxonomy=\"kategorie\" data-filter=\"sucuk\" href=\"#\">SUCUK<\/a><a data-taxonomy=\"kategorie\" data-filter=\"pastirma\" href=\"#\">PASTIRMA<\/a>\n                                Types of meat:\n                                    <a href=\"#\" role=\"button\" id=\"dropdown-fleischart\" data-toggle=\"dropdown\" aria-haspopup=\"true\" aria-expanded=\"false\">\n                                        All\n                                    <\/a>\n                                        <a data-taxonomy=\"fleischart\" data-filter=\"all\" href=\"#\">All<\/a><a data-taxonomy=\"fleischart\" data-filter=\"beef\" href=\"#\">Beef<\/a><a data-taxonomy=\"fleischart\" data-filter=\"chicken\" href=\"#\">Chicken<\/a><a data-taxonomy=\"fleischart\" data-filter=\"gefluegel\" href=\"#\">Gefl\u00fcgel<\/a><a data-taxonomy=\"fleischart\" data-filter=\"rindfleisch\" href=\"#\">Rindfleisch<\/a><a data-taxonomy=\"fleischart\" data-filter=\"truthahn\" href=\"#\">Truthahn<\/a><a data-taxonomy=\"fleischart\" data-filter=\"turkey\" href=\"#\">Turkey<\/a>\n        <a href=\"https:\/\/www.egetuerk.de\/en\/product\/etap-d-biberli-sigir-salam\/\"><img decoding=\"async\" src=\"https:\/\/app.egetuerk.de\/media\/product\/45\/Etap.png\" alt=\"ETAP D. B\u0130BERL\u0130 SI\u011eIR SALAM\"><\/a><a href=\"https:\/\/www.egetuerk.de\/en\/product\/zeybek-dilim-biberli-tavuk-salam\/\"><img decoding=\"async\" src=\"https:\/\/app.egetuerk.de\/media\/product\/46\/Zeybek.png\" alt=\"ZEYBEK D\u0130L\u0130M B\u0130BERL\u0130 TAVUK SALAM\"><\/a><a href=\"https:\/\/www.egetuerk.de\/en\/product\/yore-dilim-sigir-salam\/\"><img decoding=\"async\" src=\"https:\/\/app.egetuerk.de\/media\/product\/43\/Yo%CC%88re.png\" alt=\"Y\u00d6RE D\u0130L\u0130M SI\u011eIR SALAM\"><\/a><a href=\"https:\/\/www.egetuerk.de\/en\/product\/kervan-dilim-hindi-salam\/\"><img decoding=\"async\" src=\"https:\/\/app.egetuerk.de\/media\/product\/44\/Kervan.png\" alt=\"KERVAN D\u0130L\u0130M H\u0130ND\u0130 SALAM\"><\/a><a href=\"https:\/\/www.egetuerk.de\/en\/product\/ebru-tavuk-salam\/\"><img decoding=\"async\" src=\"https:\/\/app.egetuerk.de\/media\/product\/41\/41.png\" alt=\"EBRU TAVUK SALAM\"><\/a><a href=\"https:\/\/www.egetuerk.de\/en\/product\/arzum-dilim-tavuk-salam\/\"><img decoding=\"async\" src=\"https:\/\/app.egetuerk.de\/media\/product\/42\/Arzum.png\" alt=\"ARZUM D\u0130L\u0130M TAVUK SALAM\"><\/a><a href=\"https:\/\/www.egetuerk.de\/en\/product\/inci-party-tavuk-sosis\/\"><img decoding=\"async\" src=\"https:\/\/app.egetuerk.de\/media\/product\/39\/Inci.png\" alt=\"\u0130NC\u0130 PARTY TAVUK SOS\u0130S\"><\/a><a href=\"https:\/\/www.egetuerk.de\/en\/product\/imren-sigir-salam\/\"><img decoding=\"async\" src=\"https:\/\/app.egetuerk.de\/media\/product\/40\/40.png\" alt=\"\u0130MREN SI\u011eIR SALAM\"><\/a><a href=\"https:\/\/www.egetuerk.de\/en\/product\/guven-dilim-sucuk\/\"><img decoding=\"async\" src=\"https:\/\/app.egetuerk.de\/media\/product\/37\/Gu%CC%88ven.png\" alt=\"G\u00dcVEN D\u0130L\u0130M SUCUK\"><\/a><a href=\"https:\/\/www.egetuerk.de\/en\/product\/burcu-tavuk-sosis\/\"><img decoding=\"async\" src=\"https:\/\/app.egetuerk.de\/media\/product\/38\/Burcu.png\" alt=\"BURCU TAVUK SOS\u0130S\"><\/a><a href=\"https:\/\/www.egetuerk.de\/en\/product\/baston-sucuk\/\"><img decoding=\"async\" src=\"https:\/\/app.egetuerk.de\/media\/product\/36\/36.png\" alt=\"BASTON SUCUK\"><\/a><a href=\"https:\/\/www.egetuerk.de\/en\/product\/yonca-parmak-sucuk\/\"><img decoding=\"async\" src=\"https:\/\/app.egetuerk.de\/media\/product\/34\/Yonca.png\" alt=\"YONCA PARMAK SUCUK\"><\/a><a href=\"https:\/\/www.egetuerk.de\/en\/product\/pasa-kangal-sucuk\/\"><img decoding=\"async\" src=\"https:\/\/app.egetuerk.de\/media\/product\/32\/Pasa.png\" alt=\"PA\u015eA KANGAL SUCUK\"><\/a><a href=\"https:\/\/www.egetuerk.de\/en\/product\/pasam-parmak-sucuk\/\"><img decoding=\"async\" src=\"https:\/\/app.egetuerk.de\/media\/product\/33\/Pasam.png\" alt=\"PA\u015eAM PARMAK SUCUK\"><\/a>    \n\t<p>faq<\/p>\n<h2>\n\t\tFrequently Asked Questions\n\t<\/h2>\n\t\t\t<a href=\"#\" id=\"fl-accordion--label-0\" tabindex=\"0\" aria-controls=\"fl-accordion--panel-0\">Where can I find Eget\u00fcrk products?<\/a>\n\t\t\t\t\t\t\t<a href=\"#\" id=\"fl-accordion--icon-0\" tabindex=\"0\" aria-controls=\"fl-accordion--panel-0\"><i>Expand<\/i><\/a>\n\t\t<p>In almost any Turkish supermarket in Europe, as well as in many other shops in the German food retailing sector.<\/p>\n\t\t\t<a href=\"#\" id=\"fl-accordion--label-1\" tabindex=\"0\" aria-controls=\"fl-accordion--panel-1\">Where are Eget\u00fcrk products made?<\/a>\n\t\t\t\t\t\t\t<a href=\"#\" id=\"fl-accordion--icon-1\" tabindex=\"0\" aria-controls=\"fl-accordion--panel-1\"><i>Expand<\/i><\/a>\n\t\t<p>Eget\u00fcrk products have been produced in Germany since 1966. With the capacity to produce 150 tons per day at our plant in Cologne, Eget\u00fcrk is the largest producer of halal meat products in Germany. Find out more under <a href=\"https:\/\/www.egetuerk.de\/en\/history\/\">History<\/a>.<\/p>\n\t\t\t<a href=\"#\" id=\"fl-accordion--label-2\" tabindex=\"0\" aria-controls=\"fl-accordion--panel-2\">What is the difference between Eget\u00fcrk and Efepa\u015fa?<\/a>\n\t\t\t\t\t\t\t<a href=\"#\" id=\"fl-accordion--icon-2\" tabindex=\"0\" aria-controls=\"fl-accordion--panel-2\"><i>Expand<\/i><\/a>\n\t\t<p>Both brands are produced in the same plant, using the same high quality of meat. There are just slight differences in the recipes, e.g. in the spices used. Find out more under <a href=\"https:\/\/www.egetuerk.de\/en\/egetuerk\/\">Eget\u00fcrk\u00a0<\/a>and\u00a0<a href=\"https:\/\/www.egetuerk.de\/en\/efepasa\/\">Efepa\u015fa<\/a>.<\/p>\n\t\t\t\t<img loading=\"lazy\" decoding=\"async\" src=\"https:\/\/www.egetuerk.de\/wp-content\/uploads\/2018\/08\/logo.svg\" alt=\"logo\" itemprop=\"image\" height=\"690\" width=\"1024\" title=\"logo\" onerror=\"this.style.display='none'\"  \/>\n<h3>\n\t\t&nbsp;\n\t<\/h3>\n<h3>\n\t\t&nbsp;\n\t<\/h3>\n<h3>\n\t\tContact\n\t<\/h3>\n<h3>\n\t\tAddress\n\t<\/h3>\n<h3>\n\t\t&nbsp;\n\t<\/h3>\n\t<p><strong>EGET\u00dcRK WURST UND FLEISCHWARENFABRIKATIONS GMBH &amp; CO. KG<\/strong><\/p>\n\tFeldkasseler Weg 5<br \/>\n50769 K\u00f6ln<br \/>\nGermany\n\tPhone: +49 (0) 221 \/ 709 29 &#8211; 0<br \/>\nFax: + 49 (0) 221 \/ 700 23 &#8211; 78<br \/>\nE-mail: <strong><a href=\"info@egetuerk.de\">info@egetuerk.de<\/a><\/strong>\n\t<p>\u00a9 2026. All rights reserved. <div class=\"menu-footer_legal-englisch-container\"><ul id=\"menu-footer_legal-englisch\" class=\"menu\"><li id=\"menu-item-4223\" class=\"menu-item menu-item-type-post_type menu-item-object-page menu-item-4223\"><a href=\"https:\/\/www.egetuerk.de\/en\/imprint\/\">Imprint<\/a><\/li>\n<li id=\"menu-item-4224\" class=\"menu-item menu-item-type-post_type menu-item-object-page menu-item-4224\"><a href=\"https:\/\/www.egetuerk.de\/en\/privacy\/\">Privacy<\/a><\/li>\n<\/ul><\/div><\/p>\n","protected":false},"excerpt":{"rendered":"<p>Feels like a change, without compromising on any of the Eget\u00fcrk standards of quality? Then Efepa\u015fa products are just what you are looking for. <\/p>\n","protected":false},"author":1,"featured_media":3682,"parent":0,"menu_order":0,"comment_status":"closed","ping_status":"closed","template":"","meta":{"_acf_changed":false,"inline_featured_image":false,"footnotes":""},"class_list":["post-4207","page","type-page","status-publish","has-post-thumbnail","hentry"],"acf":[],"yoast_head":"<!-- This site is optimized with the Yoast SEO plugin v27.5 - https:\/\/yoast.com\/product\/yoast-seo-wordpress\/ -->\n<title>Efepa\u015fa Products | A very special taste<\/title>\n<meta name=\"robots\" content=\"index, follow, max-snippet:-1, max-image-preview:large, max-video-preview:-1\" \/>\n<link rel=\"canonical\" href=\"https:\/\/www.egetuerk.de\/en\/efepasa\/\" \/>\n<meta property=\"og:locale\" content=\"en_US\" \/>\n<meta property=\"og:type\" content=\"article\" \/>\n<meta property=\"og:title\" content=\"Efepa\u015fa Products | A very special taste\" \/>\n<meta property=\"og:description\" content=\"Feels like a change, without compromising on any of the Eget\u00fcrk standards of quality? Then Efepa\u015fa products are just what you are looking for.\" \/>\n<meta property=\"og:url\" content=\"https:\/\/www.egetuerk.de\/en\/efepasa\/\" \/>\n<meta property=\"og:site_name\" content=\"Eget\u00fcrk\" \/>\n<meta property=\"article:modified_time\" content=\"2022-01-10T17:28:24+00:00\" \/>\n<meta property=\"og:image\" content=\"https:\/\/www.egetuerk.de\/wp-content\/uploads\/2018\/12\/efepasa-logo-1.png\" \/>\n\t<meta property=\"og:image:width\" content=\"144\" \/>\n\t<meta property=\"og:image:height\" content=\"102\" \/>\n\t<meta property=\"og:image:type\" content=\"image\/png\" \/>\n<meta name=\"twitter:card\" content=\"summary_large_image\" \/>\n<meta name=\"twitter:label1\" content=\"Est. reading time\" \/>\n\t<meta name=\"twitter:data1\" content=\"2 minutes\" \/>\n<script type=\"application\/ld+json\" class=\"yoast-schema-graph\">{\"@context\":\"https:\\\/\\\/schema.org\",\"@graph\":[{\"@type\":\"WebPage\",\"@id\":\"https:\\\/\\\/www.egetuerk.de\\\/en\\\/efepasa\\\/\",\"url\":\"https:\\\/\\\/www.egetuerk.de\\\/en\\\/efepasa\\\/\",\"name\":\"Efepa\u015fa Products | A very special taste\",\"isPartOf\":{\"@id\":\"https:\\\/\\\/www.egetuerk.de\\\/#website\"},\"primaryImageOfPage\":{\"@id\":\"https:\\\/\\\/www.egetuerk.de\\\/en\\\/efepasa\\\/#primaryimage\"},\"image\":{\"@id\":\"https:\\\/\\\/www.egetuerk.de\\\/en\\\/efepasa\\\/#primaryimage\"},\"thumbnailUrl\":\"https:\\\/\\\/www.egetuerk.de\\\/wp-content\\\/uploads\\\/2018\\\/12\\\/efepasa-logo-1.png\",\"datePublished\":\"2019-02-12T20:24:07+00:00\",\"dateModified\":\"2022-01-10T17:28:24+00:00\",\"breadcrumb\":{\"@id\":\"https:\\\/\\\/www.egetuerk.de\\\/en\\\/efepasa\\\/#breadcrumb\"},\"inLanguage\":\"en-US\",\"potentialAction\":[{\"@type\":\"ReadAction\",\"target\":[\"https:\\\/\\\/www.egetuerk.de\\\/en\\\/efepasa\\\/\"]}]},{\"@type\":\"ImageObject\",\"inLanguage\":\"en-US\",\"@id\":\"https:\\\/\\\/www.egetuerk.de\\\/en\\\/efepasa\\\/#primaryimage\",\"url\":\"https:\\\/\\\/www.egetuerk.de\\\/wp-content\\\/uploads\\\/2018\\\/12\\\/efepasa-logo-1.png\",\"contentUrl\":\"https:\\\/\\\/www.egetuerk.de\\\/wp-content\\\/uploads\\\/2018\\\/12\\\/efepasa-logo-1.png\",\"width\":144,\"height\":102},{\"@type\":\"BreadcrumbList\",\"@id\":\"https:\\\/\\\/www.egetuerk.de\\\/en\\\/efepasa\\\/#breadcrumb\",\"itemListElement\":[{\"@type\":\"ListItem\",\"position\":1,\"name\":\"Startseite\",\"item\":\"https:\\\/\\\/www.egetuerk.de\\\/en\\\/\"},{\"@type\":\"ListItem\",\"position\":2,\"name\":\"Efepa\u015fa\"}]},{\"@type\":\"WebSite\",\"@id\":\"https:\\\/\\\/www.egetuerk.de\\\/#website\",\"url\":\"https:\\\/\\\/www.egetuerk.de\\\/\",\"name\":\"Eget\u00fcrk\",\"description\":\"\",\"potentialAction\":[{\"@type\":\"SearchAction\",\"target\":{\"@type\":\"EntryPoint\",\"urlTemplate\":\"https:\\\/\\\/www.egetuerk.de\\\/?s={search_term_string}\"},\"query-input\":{\"@type\":\"PropertyValueSpecification\",\"valueRequired\":true,\"valueName\":\"search_term_string\"}}],\"inLanguage\":\"en-US\"}]}<\/script>\n<!-- \/ Yoast SEO plugin. -->","yoast_head_json":{"title":"Efepa\u015fa Products | A very special taste","robots":{"index":"index","follow":"follow","max-snippet":"max-snippet:-1","max-image-preview":"max-image-preview:large","max-video-preview":"max-video-preview:-1"},"canonical":"https:\/\/www.egetuerk.de\/en\/efepasa\/","og_locale":"en_US","og_type":"article","og_title":"Efepa\u015fa Products | A very special taste","og_description":"Feels like a change, without compromising on any of the Eget\u00fcrk standards of quality? Then Efepa\u015fa products are just what you are looking for.","og_url":"https:\/\/www.egetuerk.de\/en\/efepasa\/","og_site_name":"Eget\u00fcrk","article_modified_time":"2022-01-10T17:28:24+00:00","og_image":[{"width":144,"height":102,"url":"https:\/\/www.egetuerk.de\/wp-content\/uploads\/2018\/12\/efepasa-logo-1.png","type":"image\/png"}],"twitter_card":"summary_large_image","twitter_misc":{"Est. reading time":"2 minutes"},"schema":{"@context":"https:\/\/schema.org","@graph":[{"@type":"WebPage","@id":"https:\/\/www.egetuerk.de\/en\/efepasa\/","url":"https:\/\/www.egetuerk.de\/en\/efepasa\/","name":"Efepa\u015fa Products | A very special taste","isPartOf":{"@id":"https:\/\/www.egetuerk.de\/#website"},"primaryImageOfPage":{"@id":"https:\/\/www.egetuerk.de\/en\/efepasa\/#primaryimage"},"image":{"@id":"https:\/\/www.egetuerk.de\/en\/efepasa\/#primaryimage"},"thumbnailUrl":"https:\/\/www.egetuerk.de\/wp-content\/uploads\/2018\/12\/efepasa-logo-1.png","datePublished":"2019-02-12T20:24:07+00:00","dateModified":"2022-01-10T17:28:24+00:00","breadcrumb":{"@id":"https:\/\/www.egetuerk.de\/en\/efepasa\/#breadcrumb"},"inLanguage":"en-US","potentialAction":[{"@type":"ReadAction","target":["https:\/\/www.egetuerk.de\/en\/efepasa\/"]}]},{"@type":"ImageObject","inLanguage":"en-US","@id":"https:\/\/www.egetuerk.de\/en\/efepasa\/#primaryimage","url":"https:\/\/www.egetuerk.de\/wp-content\/uploads\/2018\/12\/efepasa-logo-1.png","contentUrl":"https:\/\/www.egetuerk.de\/wp-content\/uploads\/2018\/12\/efepasa-logo-1.png","width":144,"height":102},{"@type":"BreadcrumbList","@id":"https:\/\/www.egetuerk.de\/en\/efepasa\/#breadcrumb","itemListElement":[{"@type":"ListItem","position":1,"name":"Startseite","item":"https:\/\/www.egetuerk.de\/en\/"},{"@type":"ListItem","position":2,"name":"Efepa\u015fa"}]},{"@type":"WebSite","@id":"https:\/\/www.egetuerk.de\/#website","url":"https:\/\/www.egetuerk.de\/","name":"Eget\u00fcrk","description":"","potentialAction":[{"@type":"SearchAction","target":{"@type":"EntryPoint","urlTemplate":"https:\/\/www.egetuerk.de\/?s={search_term_string}"},"query-input":{"@type":"PropertyValueSpecification","valueRequired":true,"valueName":"search_term_string"}}],"inLanguage":"en-US"}]}},"_links":{"self":[{"href":"https:\/\/www.egetuerk.de\/en\/wp-json\/wp\/v2\/pages\/4207","targetHints":{"allow":["GET"]}}],"collection":[{"href":"https:\/\/www.egetuerk.de\/en\/wp-json\/wp\/v2\/pages"}],"about":[{"href":"https:\/\/www.egetuerk.de\/en\/wp-json\/wp\/v2\/types\/page"}],"author":[{"embeddable":true,"href":"https:\/\/www.egetuerk.de\/en\/wp-json\/wp\/v2\/users\/1"}],"replies":[{"embeddable":true,"href":"https:\/\/www.egetuerk.de\/en\/wp-json\/wp\/v2\/comments?post=4207"}],"version-history":[{"count":14,"href":"https:\/\/www.egetuerk.de\/en\/wp-json\/wp\/v2\/pages\/4207\/revisions"}],"predecessor-version":[{"id":116006,"href":"https:\/\/www.egetuerk.de\/en\/wp-json\/wp\/v2\/pages\/4207\/revisions\/116006"}],"wp:featuredmedia":[{"embeddable":true,"href":"https:\/\/www.egetuerk.de\/en\/wp-json\/wp\/v2\/media\/3682"}],"wp:attachment":[{"href":"https:\/\/www.egetuerk.de\/en\/wp-json\/wp\/v2\/media?parent=4207"}],"curies":[{"name":"wp","href":"https:\/\/api.w.org\/{rel}","templated":true}]}}